{"id":105277,"date":"2024-05-02T05:35:36","date_gmt":"2024-05-02T05:35:36","guid":{"rendered":"https:\/\/dev.alcads.com\/product\/online-coaching-training-2d-3-hours\/"},"modified":"2024-12-31T09:48:49","modified_gmt":"2024-12-31T09:48:49","slug":"coaching-formacion-en-linea-2d-3-horas","status":"publish","type":"product","link":"https:\/\/alcads.com\/es\/product\/coaching-formacion-en-linea-2d-3-horas\/","title":{"rendered":"Coaching\/Formaci\u00f3n Online 2D &#8211; 3 Horas"},"content":{"rendered":"<p>Benef\u00edciate de nuestras formaciones\/coaching online a trav\u00e9s de Zoom\/Teamviewer\/Anydesk u otro Software Remoto.<br \/>\nContenido de la formaci\u00f3n:<\/p>\n<ul>\n<li>Introducci\u00f3n a ALCAD<\/li>\n<li>Interfaz de usuario de ALCAD<\/li>\n<li>Ajustes ALCAD<\/li>\n<li>2D Introducci\u00f3n<\/li>\n<li>Construcciones 2D<\/li>\n<li>Plugins HVAC 2D<\/li>\n<\/ul>\n","protected":false},"excerpt":{"rendered":"<p>3 Horas de Coaching\/Formaci\u00f3n Online para 2D<\/p>\n","protected":false},"featured_media":95715,"comment_status":"closed","ping_status":"closed","template":"","meta":{"_acf_changed":false},"product_brand":[],"product_cat":[1238],"product_tag":[],"class_list":{"0":"post-105277","1":"product","2":"type-product","3":"status-publish","4":"has-post-thumbnail","6":"product_cat-alcad-trainings-es","8":"first","9":"instock","10":"downloadable","11":"virtual","12":"taxable","13":"purchasable","14":"product-type-simple"},"acf":[],"yoast_head":"<!-- This site is optimized with the Yoast SEO plugin v27.3 - https:\/\/yoast.com\/product\/yoast-seo-wordpress\/ -->\n<title>Coaching\/Formaci\u00f3n Online 2D - 3 Horas - Alcads<\/title>\n<meta name=\"description\" content=\"\u00a1Obt\u00e9n una formaci\u00f3n experta en 2D para ALCAD en solo 3 horas! Aprende sobre la interfaz, la configuraci\u00f3n y los complementos de climatizaci\u00f3n 2D con un entrenamiento personalizado. 699 \u20ac para la formaci\u00f3n en l\u00ednea. \u00a1Reserva ahora!\" \/>\n<meta name=\"robots\" content=\"index, follow, max-snippet:-1, max-image-preview:large, max-video-preview:-1\" \/>\n<link rel=\"canonical\" href=\"https:\/\/alcads.com\/es\/product\/coaching-formacion-en-linea-2d-3-horas\/\" \/>\n<meta property=\"og:locale\" content=\"es_ES\" \/>\n<meta property=\"og:type\" content=\"article\" \/>\n<meta property=\"og:title\" content=\"Coaching\/Formaci\u00f3n Online 2D - 3 Horas - Alcads\" \/>\n<meta property=\"og:description\" content=\"\u00a1Obt\u00e9n una formaci\u00f3n experta en 2D para ALCAD en solo 3 horas! Aprende sobre la interfaz, la configuraci\u00f3n y los complementos de climatizaci\u00f3n 2D con un entrenamiento personalizado. 699 \u20ac para la formaci\u00f3n en l\u00ednea. \u00a1Reserva ahora!\" \/>\n<meta property=\"og:url\" content=\"https:\/\/alcads.com\/es\/product\/coaching-formacion-en-linea-2d-3-horas\/\" \/>\n<meta property=\"og:site_name\" content=\"Alcads\" \/>\n<meta property=\"article:modified_time\" content=\"2024-12-31T09:48:49+00:00\" \/>\n<meta property=\"og:image\" content=\"https:\/\/alcads.com\/wp-content\/uploads\/2024\/04\/db178e_4768bfeef15445ada8d09a3c00f51913_mv2.webp\" \/>\n\t<meta property=\"og:image:width\" content=\"413\" \/>\n\t<meta property=\"og:image:height\" content=\"413\" \/>\n\t<meta property=\"og:image:type\" content=\"image\/webp\" \/>\n<meta name=\"twitter:card\" content=\"summary_large_image\" \/>\n<meta name=\"twitter:label1\" content=\"Tiempo de lectura\" \/>\n\t<meta name=\"twitter:data1\" content=\"1 minuto\" \/>\n<script type=\"application\/ld+json\" class=\"yoast-schema-graph\">{\"@context\":\"https:\\\/\\\/schema.org\",\"@graph\":[{\"@type\":\"WebPage\",\"@id\":\"https:\\\/\\\/alcads.com\\\/es\\\/product\\\/coaching-formacion-en-linea-2d-3-horas\\\/\",\"url\":\"https:\\\/\\\/alcads.com\\\/es\\\/product\\\/coaching-formacion-en-linea-2d-3-horas\\\/\",\"name\":\"Coaching\\\/Formaci\u00f3n Online 2D - 3 Horas - Alcads\",\"isPartOf\":{\"@id\":\"https:\\\/\\\/alcads.com\\\/es\\\/#website\"},\"primaryImageOfPage\":{\"@id\":\"https:\\\/\\\/alcads.com\\\/es\\\/product\\\/coaching-formacion-en-linea-2d-3-horas\\\/#primaryimage\"},\"image\":{\"@id\":\"https:\\\/\\\/alcads.com\\\/es\\\/product\\\/coaching-formacion-en-linea-2d-3-horas\\\/#primaryimage\"},\"thumbnailUrl\":\"https:\\\/\\\/alcads.com\\\/wp-content\\\/uploads\\\/2024\\\/04\\\/db178e_4768bfeef15445ada8d09a3c00f51913_mv2.webp\",\"datePublished\":\"2024-05-02T05:35:36+00:00\",\"dateModified\":\"2024-12-31T09:48:49+00:00\",\"description\":\"\u00a1Obt\u00e9n una formaci\u00f3n experta en 2D para ALCAD en solo 3 horas! Aprende sobre la interfaz, la configuraci\u00f3n y los complementos de climatizaci\u00f3n 2D con un entrenamiento personalizado. 699 \u20ac para la formaci\u00f3n en l\u00ednea. \u00a1Reserva ahora!\",\"breadcrumb\":{\"@id\":\"https:\\\/\\\/alcads.com\\\/es\\\/product\\\/coaching-formacion-en-linea-2d-3-horas\\\/#breadcrumb\"},\"inLanguage\":\"es\",\"potentialAction\":[{\"@type\":\"ReadAction\",\"target\":[\"https:\\\/\\\/alcads.com\\\/es\\\/product\\\/coaching-formacion-en-linea-2d-3-horas\\\/\"]}]},{\"@type\":\"ImageObject\",\"inLanguage\":\"es\",\"@id\":\"https:\\\/\\\/alcads.com\\\/es\\\/product\\\/coaching-formacion-en-linea-2d-3-horas\\\/#primaryimage\",\"url\":\"https:\\\/\\\/alcads.com\\\/wp-content\\\/uploads\\\/2024\\\/04\\\/db178e_4768bfeef15445ada8d09a3c00f51913_mv2.webp\",\"contentUrl\":\"https:\\\/\\\/alcads.com\\\/wp-content\\\/uploads\\\/2024\\\/04\\\/db178e_4768bfeef15445ada8d09a3c00f51913_mv2.webp\",\"width\":413,\"height\":413,\"caption\":\"online cad coaching\"},{\"@type\":\"BreadcrumbList\",\"@id\":\"https:\\\/\\\/alcads.com\\\/es\\\/product\\\/coaching-formacion-en-linea-2d-3-horas\\\/#breadcrumb\",\"itemListElement\":[{\"@type\":\"ListItem\",\"position\":1,\"name\":\"Home\",\"item\":\"https:\\\/\\\/alcads.com\\\/es\\\/\"},{\"@type\":\"ListItem\",\"position\":2,\"name\":\"Tienda\",\"item\":\"https:\\\/\\\/alcads.com\\\/es\\\/tienda\\\/\"},{\"@type\":\"ListItem\",\"position\":3,\"name\":\"Coaching\\\/Formaci\u00f3n Online 2D &#8211; 3 Horas\"}]},{\"@type\":\"WebSite\",\"@id\":\"https:\\\/\\\/alcads.com\\\/es\\\/#website\",\"url\":\"https:\\\/\\\/alcads.com\\\/es\\\/\",\"name\":\"Alcads\",\"description\":\"The Best AutoCAD Alternative\",\"publisher\":{\"@id\":\"https:\\\/\\\/alcads.com\\\/es\\\/#organization\"},\"potentialAction\":[{\"@type\":\"SearchAction\",\"target\":{\"@type\":\"EntryPoint\",\"urlTemplate\":\"https:\\\/\\\/alcads.com\\\/es\\\/?s={search_term_string}\"},\"query-input\":{\"@type\":\"PropertyValueSpecification\",\"valueRequired\":true,\"valueName\":\"search_term_string\"}}],\"inLanguage\":\"es\"},{\"@type\":\"Organization\",\"@id\":\"https:\\\/\\\/alcads.com\\\/es\\\/#organization\",\"name\":\"Alcads\",\"url\":\"https:\\\/\\\/alcads.com\\\/es\\\/\",\"logo\":{\"@type\":\"ImageObject\",\"inLanguage\":\"es\",\"@id\":\"https:\\\/\\\/alcads.com\\\/es\\\/#\\\/schema\\\/logo\\\/image\\\/\",\"url\":\"https:\\\/\\\/alcads.com\\\/wp-content\\\/uploads\\\/2024\\\/05\\\/logo.png\",\"contentUrl\":\"https:\\\/\\\/alcads.com\\\/wp-content\\\/uploads\\\/2024\\\/05\\\/logo.png\",\"width\":122,\"height\":42,\"caption\":\"Alcads\"},\"image\":{\"@id\":\"https:\\\/\\\/alcads.com\\\/es\\\/#\\\/schema\\\/logo\\\/image\\\/\"}}]}<\/script>\n<!-- \/ Yoast SEO plugin. -->","yoast_head_json":{"title":"Coaching\/Formaci\u00f3n Online 2D - 3 Horas - Alcads","description":"\u00a1Obt\u00e9n una formaci\u00f3n experta en 2D para ALCAD en solo 3 horas! Aprende sobre la interfaz, la configuraci\u00f3n y los complementos de climatizaci\u00f3n 2D con un entrenamiento personalizado. 699 \u20ac para la formaci\u00f3n en l\u00ednea. \u00a1Reserva ahora!","robots":{"index":"index","follow":"follow","max-snippet":"max-snippet:-1","max-image-preview":"max-image-preview:large","max-video-preview":"max-video-preview:-1"},"canonical":"https:\/\/alcads.com\/es\/product\/coaching-formacion-en-linea-2d-3-horas\/","og_locale":"es_ES","og_type":"article","og_title":"Coaching\/Formaci\u00f3n Online 2D - 3 Horas - Alcads","og_description":"\u00a1Obt\u00e9n una formaci\u00f3n experta en 2D para ALCAD en solo 3 horas! Aprende sobre la interfaz, la configuraci\u00f3n y los complementos de climatizaci\u00f3n 2D con un entrenamiento personalizado. 699 \u20ac para la formaci\u00f3n en l\u00ednea. \u00a1Reserva ahora!","og_url":"https:\/\/alcads.com\/es\/product\/coaching-formacion-en-linea-2d-3-horas\/","og_site_name":"Alcads","article_modified_time":"2024-12-31T09:48:49+00:00","og_image":[{"width":413,"height":413,"url":"https:\/\/alcads.com\/wp-content\/uploads\/2024\/04\/db178e_4768bfeef15445ada8d09a3c00f51913_mv2.webp","type":"image\/webp"}],"twitter_card":"summary_large_image","twitter_misc":{"Tiempo de lectura":"1 minuto"},"schema":{"@context":"https:\/\/schema.org","@graph":[{"@type":"WebPage","@id":"https:\/\/alcads.com\/es\/product\/coaching-formacion-en-linea-2d-3-horas\/","url":"https:\/\/alcads.com\/es\/product\/coaching-formacion-en-linea-2d-3-horas\/","name":"Coaching\/Formaci\u00f3n Online 2D - 3 Horas - Alcads","isPartOf":{"@id":"https:\/\/alcads.com\/es\/#website"},"primaryImageOfPage":{"@id":"https:\/\/alcads.com\/es\/product\/coaching-formacion-en-linea-2d-3-horas\/#primaryimage"},"image":{"@id":"https:\/\/alcads.com\/es\/product\/coaching-formacion-en-linea-2d-3-horas\/#primaryimage"},"thumbnailUrl":"https:\/\/alcads.com\/wp-content\/uploads\/2024\/04\/db178e_4768bfeef15445ada8d09a3c00f51913_mv2.webp","datePublished":"2024-05-02T05:35:36+00:00","dateModified":"2024-12-31T09:48:49+00:00","description":"\u00a1Obt\u00e9n una formaci\u00f3n experta en 2D para ALCAD en solo 3 horas! Aprende sobre la interfaz, la configuraci\u00f3n y los complementos de climatizaci\u00f3n 2D con un entrenamiento personalizado. 699 \u20ac para la formaci\u00f3n en l\u00ednea. \u00a1Reserva ahora!","breadcrumb":{"@id":"https:\/\/alcads.com\/es\/product\/coaching-formacion-en-linea-2d-3-horas\/#breadcrumb"},"inLanguage":"es","potentialAction":[{"@type":"ReadAction","target":["https:\/\/alcads.com\/es\/product\/coaching-formacion-en-linea-2d-3-horas\/"]}]},{"@type":"ImageObject","inLanguage":"es","@id":"https:\/\/alcads.com\/es\/product\/coaching-formacion-en-linea-2d-3-horas\/#primaryimage","url":"https:\/\/alcads.com\/wp-content\/uploads\/2024\/04\/db178e_4768bfeef15445ada8d09a3c00f51913_mv2.webp","contentUrl":"https:\/\/alcads.com\/wp-content\/uploads\/2024\/04\/db178e_4768bfeef15445ada8d09a3c00f51913_mv2.webp","width":413,"height":413,"caption":"online cad coaching"},{"@type":"BreadcrumbList","@id":"https:\/\/alcads.com\/es\/product\/coaching-formacion-en-linea-2d-3-horas\/#breadcrumb","itemListElement":[{"@type":"ListItem","position":1,"name":"Home","item":"https:\/\/alcads.com\/es\/"},{"@type":"ListItem","position":2,"name":"Tienda","item":"https:\/\/alcads.com\/es\/tienda\/"},{"@type":"ListItem","position":3,"name":"Coaching\/Formaci\u00f3n Online 2D &#8211; 3 Horas"}]},{"@type":"WebSite","@id":"https:\/\/alcads.com\/es\/#website","url":"https:\/\/alcads.com\/es\/","name":"Alcads","description":"The Best AutoCAD Alternative","publisher":{"@id":"https:\/\/alcads.com\/es\/#organization"},"potentialAction":[{"@type":"SearchAction","target":{"@type":"EntryPoint","urlTemplate":"https:\/\/alcads.com\/es\/?s={search_term_string}"},"query-input":{"@type":"PropertyValueSpecification","valueRequired":true,"valueName":"search_term_string"}}],"inLanguage":"es"},{"@type":"Organization","@id":"https:\/\/alcads.com\/es\/#organization","name":"Alcads","url":"https:\/\/alcads.com\/es\/","logo":{"@type":"ImageObject","inLanguage":"es","@id":"https:\/\/alcads.com\/es\/#\/schema\/logo\/image\/","url":"https:\/\/alcads.com\/wp-content\/uploads\/2024\/05\/logo.png","contentUrl":"https:\/\/alcads.com\/wp-content\/uploads\/2024\/05\/logo.png","width":122,"height":42,"caption":"Alcads"},"image":{"@id":"https:\/\/alcads.com\/es\/#\/schema\/logo\/image\/"}}]}},"jetpack_sharing_enabled":true,"_links":{"self":[{"href":"https:\/\/alcads.com\/es\/wp-json\/wp\/v2\/product\/105277","targetHints":{"allow":["GET"]}}],"collection":[{"href":"https:\/\/alcads.com\/es\/wp-json\/wp\/v2\/product"}],"about":[{"href":"https:\/\/alcads.com\/es\/wp-json\/wp\/v2\/types\/product"}],"replies":[{"embeddable":true,"href":"https:\/\/alcads.com\/es\/wp-json\/wp\/v2\/comments?post=105277"}],"wp:featuredmedia":[{"embeddable":true,"href":"https:\/\/alcads.com\/es\/wp-json\/wp\/v2\/media\/95715"}],"wp:attachment":[{"href":"https:\/\/alcads.com\/es\/wp-json\/wp\/v2\/media?parent=105277"}],"wp:term":[{"taxonomy":"product_brand","embeddable":true,"href":"https:\/\/alcads.com\/es\/wp-json\/wp\/v2\/product_brand?post=105277"},{"taxonomy":"product_cat","embeddable":true,"href":"https:\/\/alcads.com\/es\/wp-json\/wp\/v2\/product_cat?post=105277"},{"taxonomy":"product_tag","embeddable":true,"href":"https:\/\/alcads.com\/es\/wp-json\/wp\/v2\/product_tag?post=105277"}],"curies":[{"name":"wp","href":"https:\/\/api.w.org\/{rel}","templated":true}]}}