{"id":97370,"date":"2024-04-23T05:31:04","date_gmt":"2024-04-23T05:31:04","guid":{"rendered":"https:\/\/dev.alcads.com\/privacy-policy\/"},"modified":"2025-11-21T22:44:12","modified_gmt":"2025-11-21T22:44:12","slug":"politica-de-privacidad","status":"publish","type":"page","link":"https:\/\/alcads.com\/es\/politica-de-privacidad\/","title":{"rendered":"Pol\u00edtica de privacidad"},"content":{"rendered":"<h1 class=\"privacy-policy-h1\">Pol\u00edtica de Privacidad<br \/>\n<br \/><span>\u00daltima actualizaci\u00f3n el 21-nov-2025<\/span><br \/>\n<br \/><span>Fecha de entrada en vigor 21-nov-2025<\/span><br \/>\n<\/h1>\n<p class=\"privacy-policy-p\">\n    Esta Pol\u00edtica de Privacidad describe las pol\u00edticas de<\/p>\n<p>    Software Solution GmbH,<br \/>\n    M\u00fchlebachstrasse 43,<br \/>\n    Z\u00farich<br \/>\n    8008,<br \/>\n    Suiza,<br \/>\n    correo electr\u00f3nico: info@alcads.com,<br \/>\n    tel\u00e9fono: +41445009952<\/p>\n<p>    sobre la recopilaci\u00f3n,<br \/>\n    uso y divulgaci\u00f3n de su informaci\u00f3n que recopilamos<br \/>\n    cuando utiliza nuestro sitio web ( https:\/\/alcads.com ).<br \/>\n    (el \u201cServicio\u201d). Al acceder o utilizar<br \/>\n    el Servicio, usted acepta la recopilaci\u00f3n, uso y<br \/>\n    divulgaci\u00f3n de su informaci\u00f3n de acuerdo con esta<br \/>\n    Pol\u00edtica de Privacidad. Si no est\u00e1 de acuerdo con lo anterior,<br \/>\n    por favor no acceda ni utilice el Servicio.\n<\/p>\n<p class=\"privacy-policy-p\">\n    Podemos modificar esta Pol\u00edtica de Privacidad en cualquier momento sin<br \/>\n    previo aviso y publicaremos la versi\u00f3n revisada<br \/>\n    en el Servicio. La pol\u00edtica revisada entrar\u00e1 en vigor<br \/>\n    180 d\u00edas despu\u00e9s de su publicaci\u00f3n en el Servicio y su<br \/>\n    acceso o uso continuo del Servicio despu\u00e9s de ese tiempo<br \/>\n    constituir\u00e1 su aceptaci\u00f3n de la Pol\u00edtica de Privacidad revisada.<br \/>\n    Por lo tanto, le recomendamos revisar esta p\u00e1gina peri\u00f3dicamente.\n<\/p>\n<ol class=\"privacy-policy-ol\">\n<li>\n<h2 class=\"privacy-policy-h2\">\n            Informaci\u00f3n que recopilamos:<br \/>\n        <\/h2>\n<p class=\"privacy-policy-p\">\n            Recopilamos y procesamos la siguiente<br \/>\n            informaci\u00f3n personal sobre usted:\n        <\/p>\n<ol class=\"privacy-policy-ol\">\n<li>Nombre<\/li>\n<li>Correo electr\u00f3nico<\/li>\n<\/ol>\n<\/li>\n<li>\n<h2 class=\"privacy-policy-h2\">\n            C\u00f3mo recopilamos su informaci\u00f3n:<br \/>\n        <\/h2>\n<p class=\"privacy-policy-p\">\n            Recopilamos\/recibimos informaci\u00f3n sobre usted<br \/>\n            de las siguientes maneras:\n        <\/p>\n<ol class=\"privacy-policy-ol\">\n<li>Cuando un usuario completa el formulario de registro o env\u00eda informaci\u00f3n personal<\/li>\n<li>Interact\u00faa con el sitio web<\/li>\n<li>De fuentes p\u00fablicas<\/li>\n<\/ol>\n<\/li>\n<li>\n<h2 class=\"privacy-policy-h2\">\n            C\u00f3mo usamos su informaci\u00f3n:<br \/>\n        <\/h2>\n<p class=\"privacy-policy-p\">\n            Usaremos la informaci\u00f3n que recopilamos<br \/>\n            sobre usted para los siguientes fines:\n        <\/p>\n<ol class=\"privacy-policy-ol\">\n<li>Marketing \/ Promoci\u00f3n<\/li>\n<li>Creaci\u00f3n de cuenta de usuario<\/li>\n<li>Soporte<\/li>\n<li>Publicidad dirigida<\/li>\n<li>Gesti\u00f3n de pedidos de clientes<\/li>\n<\/ol>\n<p class=\"privacy-policy-p\">\n            Si queremos utilizar su informaci\u00f3n para cualquier otra finalidad,<br \/>\n            le pediremos su consentimiento y utilizaremos su<br \/>\n            informaci\u00f3n \u00fanicamente despu\u00e9s de recibir dicho consentimiento,<br \/>\n            y solo para la(s) finalidad(es) para las que lo haya concedido,<br \/>\n            salvo que la ley nos obligue a actuar de otro modo.\n        <\/p>\n<\/li>\n<li>\n<h2 class=\"privacy-policy-h2\">\n            C\u00f3mo compartimos su informaci\u00f3n:<br \/>\n        <\/h2>\n<p class=\"privacy-policy-p\">\n            No transferiremos su informaci\u00f3n personal<br \/>\n            a terceros sin su consentimiento,<br \/>\n            excepto en las circunstancias limitadas descritas a continuaci\u00f3n:\n        <\/p>\n<ol class=\"privacy-policy-ol\">\n<li>Servicios publicitarios<\/li>\n<li>An\u00e1lisis<\/li>\n<\/ol>\n<p class=\"privacy-policy-p\">\n            Exigimos a dichos terceros que utilicen la<br \/>\n            informaci\u00f3n personal transferida \u00fanicamente<br \/>\n            para la finalidad para la que fue proporcionada<br \/>\n            y que no la conserven durante m\u00e1s tiempo del necesario<br \/>\n            para cumplir dicha finalidad.\n        <\/p>\n<p class=\"privacy-policy-p\">\n            Tambi\u00e9n podremos divulgar su informaci\u00f3n personal:<br \/>\n            (1) para cumplir con la legislaci\u00f3n aplicable,<br \/>\n            regulaci\u00f3n, orden judicial u otro proceso legal;<br \/>\n            (2) para hacer cumplir sus acuerdos con nosotros,<br \/>\n            incluida esta Pol\u00edtica de Privacidad; o<br \/>\n            (3) para responder a reclamaciones de que su uso del Servicio<br \/>\n            infringe derechos de terceros. Si el Servicio o nuestra empresa<br \/>\n            se fusiona o es adquirida por otra compa\u00f1\u00eda,<br \/>\n            su informaci\u00f3n ser\u00e1 uno de los activos transferidos<br \/>\n            al nuevo propietario.\n        <\/p>\n<\/li>\n<li>\n<h2 class=\"privacy-policy-h2\">\n            Conservaci\u00f3n de su informaci\u00f3n:<br \/>\n        <\/h2>\n<p class=\"privacy-policy-p\">\n            Conservaremos su informaci\u00f3n personal<br \/>\n            durante 90 d\u00edas a 2 a\u00f1os despu\u00e9s de que los usuarios<br \/>\n            cierren sus cuentas, o durante el tiempo necesario<br \/>\n            para cumplir las finalidades para las que se recopil\u00f3,<br \/>\n            tal como se detalla en esta Pol\u00edtica de Privacidad.<br \/>\n            Es posible que conservemos cierta informaci\u00f3n por per\u00edodos<br \/>\n            m\u00e1s prolongados, como para registros legales, cumplimiento normativo<br \/>\n            u otros motivos leg\u00edtimos, como la prevenci\u00f3n del fraude<br \/>\n            o la defensa de derechos legales. La informaci\u00f3n an\u00f3nima residual<br \/>\n            y los datos agregados, que no lo identifican directa o indirectamente,<br \/>\n            pueden almacenarse indefinidamente.\n        <\/p>\n<\/li>\n<li>\n<h2 class=\"privacy-policy-h2\">\n            Sus derechos:<br \/>\n        <\/h2>\n<p class=\"privacy-policy-p\">\n            Seg\u00fan la ley aplicable, es posible que tenga derecho<br \/>\n            a acceder, rectificar o eliminar sus datos personales,<br \/>\n            recibir una copia de sus datos, restringir u oponerse<br \/>\n            al procesamiento activo de sus datos, solicitar que<br \/>\n            transfiramos su informaci\u00f3n personal a otra entidad,<br \/>\n            retirar cualquier consentimiento otorgado previamente,<br \/>\n            as\u00ed como presentar una queja ante una autoridad competente.<br \/>\n            Para ejercer estos derechos, puede escribirnos a<br \/>\n            info@alcads.com.<br \/>\n            Responderemos a su solicitud conforme a la ley aplicable.\n        <\/p>\n<p class=\"privacy-policy-p\">\n            Puede optar por no recibir comunicaciones de marketing directo<br \/>\n            o el perfilado que realizamos con fines de marketing<br \/>\n            escribi\u00e9ndonos a info@alcads.com.\n        <\/p>\n<p class=\"privacy-policy-p\">\n            Tenga en cuenta que si no nos permite recopilar<br \/>\n            o procesar la informaci\u00f3n personal necesaria,<br \/>\n            o si retira su consentimiento,<br \/>\n            es posible que no pueda acceder o utilizar<br \/>\n            ciertos servicios para los cuales su informaci\u00f3n era requerida.\n        <\/p>\n<\/li>\n<li>\n<h2 class=\"privacy-policy-h2\">\n            Cookies, etc.<br \/>\n        <\/h2>\n<p class=\"privacy-policy-p\">\n            Para obtener m\u00e1s informaci\u00f3n sobre c\u00f3mo utilizamos<br \/>\n            estas tecnolog\u00edas y sus opciones en relaci\u00f3n con<br \/>\n            estas tecnolog\u00edas de seguimiento, consulte nuestra<br \/>\n            <a href=\"https:\/\/alcads.com\">Pol\u00edtica de Cookies.<\/a>\n        <\/p>\n<\/li>\n<li>\n<h2 class=\"privacy-policy-h2\">\n            Seguridad:<br \/>\n        <\/h2>\n<p class=\"privacy-policy-p\">\n            La seguridad de su informaci\u00f3n es importante para nosotros<br \/>\n            y utilizamos medidas de seguridad razonables<br \/>\n            para prevenir la p\u00e9rdida, el uso indebido o la alteraci\u00f3n no autorizada<br \/>\n            de su informaci\u00f3n bajo nuestro control.<br \/>\n            Sin embargo, debido a los riesgos inherentes,<br \/>\n            no podemos garantizar una seguridad absoluta<br \/>\n            y, por lo tanto, no podemos asegurar o garantizar<br \/>\n            que la informaci\u00f3n que nos transmite est\u00e9 completamente segura.<br \/>\n            Usted transmite dicha informaci\u00f3n bajo su propio riesgo.\n        <\/p>\n<\/li>\n<li>\n<h2 class=\"privacy-policy-h2\">\n            Responsable de reclamaciones \/ Delegado de Protecci\u00f3n de Datos:<br \/>\n        <\/h2>\n<p class=\"privacy-policy-p\">\n            Si tiene consultas o preocupaciones sobre<br \/>\n            el procesamiento de su informaci\u00f3n,<br \/>\n            puede enviar un correo electr\u00f3nico a nuestro Delegado de Protecci\u00f3n de Datos en:<br \/>\n            Software Solution GmbH,<br \/>\n            M\u00fchlebachstrasse 43,<br \/>\n            correo electr\u00f3nico: info@alcads.com.<br \/>\n            Atenderemos sus preocupaciones conforme a la legislaci\u00f3n aplicable.\n        <\/p>\n<\/li>\n<\/ol>\n<p class=\"privacy-policy-p\">\n    Pol\u00edtica de Privacidad generada con  <a target=\"_blank\" href=\"https:\/\/www.cookieyes.com\/?utm_source=PP&#038;utm_medium=footer&#038;utm_campaign=UW\">CookieYes<\/a>.<\/p>\n","protected":false},"excerpt":{"rendered":"<p>Pol\u00edtica de Privacidad \u00daltima actualizaci\u00f3n el 21-nov-2025 Fecha de entrada en vigor 21-nov-2025 Esta Pol\u00edtica de Privacidad describe las pol\u00edticas de Software Solution GmbH, M\u00fchlebachstrasse 43, Z\u00farich 8008, Suiza, correo electr\u00f3nico: info@alcads.com, tel\u00e9fono: +41445009952 sobre la recopilaci\u00f3n, uso y divulgaci\u00f3n de su informaci\u00f3n que recopilamos cuando utiliza nuestro sitio web ( https:\/\/alcads.com ). (el \u201cServicio\u201d). [&hellip;]<\/p>\n","protected":false},"author":1,"featured_media":0,"parent":0,"menu_order":0,"comment_status":"closed","ping_status":"closed","template":"","meta":{"_acf_changed":false,"footnotes":""},"class_list":["post-97370","page","type-page","status-publish","hentry"],"acf":[],"yoast_head":"<!-- This site is optimized with the Yoast SEO plugin v27.3 - https:\/\/yoast.com\/product\/yoast-seo-wordpress\/ -->\n<title>Pol\u00edtica de privacidad - Alcads<\/title>\n<meta name=\"robots\" content=\"noindex, follow\" \/>\n<meta property=\"og:locale\" content=\"es_ES\" \/>\n<meta property=\"og:type\" content=\"article\" \/>\n<meta property=\"og:title\" content=\"Pol\u00edtica de privacidad - Alcads\" \/>\n<meta property=\"og:description\" content=\"Pol\u00edtica de Privacidad \u00daltima actualizaci\u00f3n el 21-nov-2025 Fecha de entrada en vigor 21-nov-2025 Esta Pol\u00edtica de Privacidad describe las pol\u00edticas de Software Solution GmbH, M\u00fchlebachstrasse 43, Z\u00farich 8008, Suiza, correo electr\u00f3nico: info@alcads.com, tel\u00e9fono: +41445009952 sobre la recopilaci\u00f3n, uso y divulgaci\u00f3n de su informaci\u00f3n que recopilamos cuando utiliza nuestro sitio web ( https:\/\/alcads.com ). (el \u201cServicio\u201d). [&hellip;]\" \/>\n<meta property=\"og:url\" content=\"https:\/\/alcads.com\/es\/politica-de-privacidad\/\" \/>\n<meta property=\"og:site_name\" content=\"Alcads\" \/>\n<meta property=\"article:modified_time\" content=\"2025-11-21T22:44:12+00:00\" \/>\n<meta name=\"twitter:card\" content=\"summary_large_image\" \/>\n<meta name=\"twitter:label1\" content=\"Tiempo de lectura\" \/>\n\t<meta name=\"twitter:data1\" content=\"7 minutos\" \/>\n<script type=\"application\/ld+json\" class=\"yoast-schema-graph\">{\"@context\":\"https:\\\/\\\/schema.org\",\"@graph\":[{\"@type\":\"WebPage\",\"@id\":\"https:\\\/\\\/alcads.com\\\/es\\\/politica-de-privacidad\\\/\",\"url\":\"https:\\\/\\\/alcads.com\\\/es\\\/politica-de-privacidad\\\/\",\"name\":\"Pol\u00edtica de privacidad - Alcads\",\"isPartOf\":{\"@id\":\"https:\\\/\\\/alcads.com\\\/es\\\/#website\"},\"datePublished\":\"2024-04-23T05:31:04+00:00\",\"dateModified\":\"2025-11-21T22:44:12+00:00\",\"breadcrumb\":{\"@id\":\"https:\\\/\\\/alcads.com\\\/es\\\/politica-de-privacidad\\\/#breadcrumb\"},\"inLanguage\":\"es\",\"potentialAction\":[{\"@type\":\"ReadAction\",\"target\":[\"https:\\\/\\\/alcads.com\\\/es\\\/politica-de-privacidad\\\/\"]}]},{\"@type\":\"BreadcrumbList\",\"@id\":\"https:\\\/\\\/alcads.com\\\/es\\\/politica-de-privacidad\\\/#breadcrumb\",\"itemListElement\":[{\"@type\":\"ListItem\",\"position\":1,\"name\":\"Home\",\"item\":\"https:\\\/\\\/alcads.com\\\/es\\\/\"},{\"@type\":\"ListItem\",\"position\":2,\"name\":\"Pol\u00edtica de privacidad\"}]},{\"@type\":\"WebSite\",\"@id\":\"https:\\\/\\\/alcads.com\\\/es\\\/#website\",\"url\":\"https:\\\/\\\/alcads.com\\\/es\\\/\",\"name\":\"Alcads\",\"description\":\"The Best AutoCAD Alternative\",\"publisher\":{\"@id\":\"https:\\\/\\\/alcads.com\\\/es\\\/#organization\"},\"potentialAction\":[{\"@type\":\"SearchAction\",\"target\":{\"@type\":\"EntryPoint\",\"urlTemplate\":\"https:\\\/\\\/alcads.com\\\/es\\\/?s={search_term_string}\"},\"query-input\":{\"@type\":\"PropertyValueSpecification\",\"valueRequired\":true,\"valueName\":\"search_term_string\"}}],\"inLanguage\":\"es\"},{\"@type\":\"Organization\",\"@id\":\"https:\\\/\\\/alcads.com\\\/es\\\/#organization\",\"name\":\"Alcads\",\"url\":\"https:\\\/\\\/alcads.com\\\/es\\\/\",\"logo\":{\"@type\":\"ImageObject\",\"inLanguage\":\"es\",\"@id\":\"https:\\\/\\\/alcads.com\\\/es\\\/#\\\/schema\\\/logo\\\/image\\\/\",\"url\":\"https:\\\/\\\/alcads.com\\\/wp-content\\\/uploads\\\/2024\\\/05\\\/logo.png\",\"contentUrl\":\"https:\\\/\\\/alcads.com\\\/wp-content\\\/uploads\\\/2024\\\/05\\\/logo.png\",\"width\":122,\"height\":42,\"caption\":\"Alcads\"},\"image\":{\"@id\":\"https:\\\/\\\/alcads.com\\\/es\\\/#\\\/schema\\\/logo\\\/image\\\/\"}}]}<\/script>\n<!-- \/ Yoast SEO plugin. -->","yoast_head_json":{"title":"Pol\u00edtica de privacidad - Alcads","robots":{"index":"noindex","follow":"follow"},"og_locale":"es_ES","og_type":"article","og_title":"Pol\u00edtica de privacidad - Alcads","og_description":"Pol\u00edtica de Privacidad \u00daltima actualizaci\u00f3n el 21-nov-2025 Fecha de entrada en vigor 21-nov-2025 Esta Pol\u00edtica de Privacidad describe las pol\u00edticas de Software Solution GmbH, M\u00fchlebachstrasse 43, Z\u00farich 8008, Suiza, correo electr\u00f3nico: info@alcads.com, tel\u00e9fono: +41445009952 sobre la recopilaci\u00f3n, uso y divulgaci\u00f3n de su informaci\u00f3n que recopilamos cuando utiliza nuestro sitio web ( https:\/\/alcads.com ). (el \u201cServicio\u201d). [&hellip;]","og_url":"https:\/\/alcads.com\/es\/politica-de-privacidad\/","og_site_name":"Alcads","article_modified_time":"2025-11-21T22:44:12+00:00","twitter_card":"summary_large_image","twitter_misc":{"Tiempo de lectura":"7 minutos"},"schema":{"@context":"https:\/\/schema.org","@graph":[{"@type":"WebPage","@id":"https:\/\/alcads.com\/es\/politica-de-privacidad\/","url":"https:\/\/alcads.com\/es\/politica-de-privacidad\/","name":"Pol\u00edtica de privacidad - Alcads","isPartOf":{"@id":"https:\/\/alcads.com\/es\/#website"},"datePublished":"2024-04-23T05:31:04+00:00","dateModified":"2025-11-21T22:44:12+00:00","breadcrumb":{"@id":"https:\/\/alcads.com\/es\/politica-de-privacidad\/#breadcrumb"},"inLanguage":"es","potentialAction":[{"@type":"ReadAction","target":["https:\/\/alcads.com\/es\/politica-de-privacidad\/"]}]},{"@type":"BreadcrumbList","@id":"https:\/\/alcads.com\/es\/politica-de-privacidad\/#breadcrumb","itemListElement":[{"@type":"ListItem","position":1,"name":"Home","item":"https:\/\/alcads.com\/es\/"},{"@type":"ListItem","position":2,"name":"Pol\u00edtica de privacidad"}]},{"@type":"WebSite","@id":"https:\/\/alcads.com\/es\/#website","url":"https:\/\/alcads.com\/es\/","name":"Alcads","description":"The Best AutoCAD Alternative","publisher":{"@id":"https:\/\/alcads.com\/es\/#organization"},"potentialAction":[{"@type":"SearchAction","target":{"@type":"EntryPoint","urlTemplate":"https:\/\/alcads.com\/es\/?s={search_term_string}"},"query-input":{"@type":"PropertyValueSpecification","valueRequired":true,"valueName":"search_term_string"}}],"inLanguage":"es"},{"@type":"Organization","@id":"https:\/\/alcads.com\/es\/#organization","name":"Alcads","url":"https:\/\/alcads.com\/es\/","logo":{"@type":"ImageObject","inLanguage":"es","@id":"https:\/\/alcads.com\/es\/#\/schema\/logo\/image\/","url":"https:\/\/alcads.com\/wp-content\/uploads\/2024\/05\/logo.png","contentUrl":"https:\/\/alcads.com\/wp-content\/uploads\/2024\/05\/logo.png","width":122,"height":42,"caption":"Alcads"},"image":{"@id":"https:\/\/alcads.com\/es\/#\/schema\/logo\/image\/"}}]}},"jetpack_sharing_enabled":true,"_links":{"self":[{"href":"https:\/\/alcads.com\/es\/wp-json\/wp\/v2\/pages\/97370","targetHints":{"allow":["GET"]}}],"collection":[{"href":"https:\/\/alcads.com\/es\/wp-json\/wp\/v2\/pages"}],"about":[{"href":"https:\/\/alcads.com\/es\/wp-json\/wp\/v2\/types\/page"}],"author":[{"embeddable":true,"href":"https:\/\/alcads.com\/es\/wp-json\/wp\/v2\/users\/1"}],"replies":[{"embeddable":true,"href":"https:\/\/alcads.com\/es\/wp-json\/wp\/v2\/comments?post=97370"}],"version-history":[{"count":3,"href":"https:\/\/alcads.com\/es\/wp-json\/wp\/v2\/pages\/97370\/revisions"}],"predecessor-version":[{"id":115887,"href":"https:\/\/alcads.com\/es\/wp-json\/wp\/v2\/pages\/97370\/revisions\/115887"}],"wp:attachment":[{"href":"https:\/\/alcads.com\/es\/wp-json\/wp\/v2\/media?parent=97370"}],"curies":[{"name":"wp","href":"https:\/\/api.w.org\/{rel}","templated":true}]}}