{"id":97337,"date":"2024-04-23T07:12:13","date_gmt":"2024-04-23T07:12:13","guid":{"rendered":"https:\/\/dev.alcads.com\/faqs\/"},"modified":"2024-05-20T10:33:30","modified_gmt":"2024-05-20T10:33:30","slug":"preguntas-frecuentes","status":"publish","type":"page","link":"https:\/\/alcads.com\/es\/preguntas-frecuentes\/","title":{"rendered":"Ayuda"},"content":{"rendered":"","protected":false},"excerpt":{"rendered":"","protected":false},"author":1,"featured_media":0,"parent":0,"menu_order":0,"comment_status":"closed","ping_status":"closed","template":"page-template\/faq.php","meta":{"_acf_changed":false,"footnotes":""},"class_list":["post-97337","page","type-page","status-publish","hentry"],"acf":[],"yoast_head":"<!-- This site is optimized with the Yoast SEO plugin v27.3 - https:\/\/yoast.com\/product\/yoast-seo-wordpress\/ -->\n<title>Preguntas frecuentes | Alcads.com<\/title>\n<meta name=\"description\" content=\"\u00a1Obt\u00e9n todas las respuestas en un solo lugar! Nuestra secci\u00f3n de preguntas frecuentes ofrece soluciones \u00fatiles a tus dudas m\u00e1s frecuentes. Simplifica tu vida con nosotros.\" \/>\n<meta name=\"robots\" content=\"index, follow, max-snippet:-1, max-image-preview:large, max-video-preview:-1\" \/>\n<link rel=\"canonical\" href=\"https:\/\/alcads.com\/es\/preguntas-frecuentes\/\" \/>\n<meta property=\"og:locale\" content=\"es_ES\" \/>\n<meta property=\"og:type\" content=\"article\" \/>\n<meta property=\"og:title\" content=\"Preguntas frecuentes | Alcads.com\" \/>\n<meta property=\"og:description\" content=\"\u00a1Obt\u00e9n todas las respuestas en un solo lugar! Nuestra secci\u00f3n de preguntas frecuentes ofrece soluciones \u00fatiles a tus dudas m\u00e1s frecuentes. Simplifica tu vida con nosotros.\" \/>\n<meta property=\"og:url\" content=\"https:\/\/alcads.com\/es\/preguntas-frecuentes\/\" \/>\n<meta property=\"og:site_name\" content=\"Alcads\" \/>\n<meta property=\"article:modified_time\" content=\"2024-05-20T10:33:30+00:00\" \/>\n<meta name=\"twitter:card\" content=\"summary_large_image\" \/>\n<script type=\"application\/ld+json\" class=\"yoast-schema-graph\">{\"@context\":\"https:\\\/\\\/schema.org\",\"@graph\":[{\"@type\":\"WebPage\",\"@id\":\"https:\\\/\\\/alcads.com\\\/es\\\/preguntas-frecuentes\\\/\",\"url\":\"https:\\\/\\\/alcads.com\\\/es\\\/preguntas-frecuentes\\\/\",\"name\":\"Preguntas frecuentes | Alcads.com\",\"isPartOf\":{\"@id\":\"https:\\\/\\\/alcads.com\\\/es\\\/#website\"},\"datePublished\":\"2024-04-23T07:12:13+00:00\",\"dateModified\":\"2024-05-20T10:33:30+00:00\",\"description\":\"\u00a1Obt\u00e9n todas las respuestas en un solo lugar! Nuestra secci\u00f3n de preguntas frecuentes ofrece soluciones \u00fatiles a tus dudas m\u00e1s frecuentes. Simplifica tu vida con nosotros.\",\"breadcrumb\":{\"@id\":\"https:\\\/\\\/alcads.com\\\/es\\\/preguntas-frecuentes\\\/#breadcrumb\"},\"inLanguage\":\"es\",\"potentialAction\":[{\"@type\":\"ReadAction\",\"target\":[\"https:\\\/\\\/alcads.com\\\/es\\\/preguntas-frecuentes\\\/\"]}]},{\"@type\":\"BreadcrumbList\",\"@id\":\"https:\\\/\\\/alcads.com\\\/es\\\/preguntas-frecuentes\\\/#breadcrumb\",\"itemListElement\":[{\"@type\":\"ListItem\",\"position\":1,\"name\":\"Home\",\"item\":\"https:\\\/\\\/alcads.com\\\/es\\\/\"},{\"@type\":\"ListItem\",\"position\":2,\"name\":\"Ayuda\"}]},{\"@type\":\"WebSite\",\"@id\":\"https:\\\/\\\/alcads.com\\\/es\\\/#website\",\"url\":\"https:\\\/\\\/alcads.com\\\/es\\\/\",\"name\":\"Alcads\",\"description\":\"The Best AutoCAD Alternative\",\"publisher\":{\"@id\":\"https:\\\/\\\/alcads.com\\\/es\\\/#organization\"},\"potentialAction\":[{\"@type\":\"SearchAction\",\"target\":{\"@type\":\"EntryPoint\",\"urlTemplate\":\"https:\\\/\\\/alcads.com\\\/es\\\/?s={search_term_string}\"},\"query-input\":{\"@type\":\"PropertyValueSpecification\",\"valueRequired\":true,\"valueName\":\"search_term_string\"}}],\"inLanguage\":\"es\"},{\"@type\":\"Organization\",\"@id\":\"https:\\\/\\\/alcads.com\\\/es\\\/#organization\",\"name\":\"Alcads\",\"url\":\"https:\\\/\\\/alcads.com\\\/es\\\/\",\"logo\":{\"@type\":\"ImageObject\",\"inLanguage\":\"es\",\"@id\":\"https:\\\/\\\/alcads.com\\\/es\\\/#\\\/schema\\\/logo\\\/image\\\/\",\"url\":\"https:\\\/\\\/alcads.com\\\/wp-content\\\/uploads\\\/2024\\\/05\\\/logo.png\",\"contentUrl\":\"https:\\\/\\\/alcads.com\\\/wp-content\\\/uploads\\\/2024\\\/05\\\/logo.png\",\"width\":122,\"height\":42,\"caption\":\"Alcads\"},\"image\":{\"@id\":\"https:\\\/\\\/alcads.com\\\/es\\\/#\\\/schema\\\/logo\\\/image\\\/\"}}]}<\/script>\n<!-- \/ Yoast SEO plugin. -->","yoast_head_json":{"title":"Preguntas frecuentes | Alcads.com","description":"\u00a1Obt\u00e9n todas las respuestas en un solo lugar! Nuestra secci\u00f3n de preguntas frecuentes ofrece soluciones \u00fatiles a tus dudas m\u00e1s frecuentes. Simplifica tu vida con nosotros.","robots":{"index":"index","follow":"follow","max-snippet":"max-snippet:-1","max-image-preview":"max-image-preview:large","max-video-preview":"max-video-preview:-1"},"canonical":"https:\/\/alcads.com\/es\/preguntas-frecuentes\/","og_locale":"es_ES","og_type":"article","og_title":"Preguntas frecuentes | Alcads.com","og_description":"\u00a1Obt\u00e9n todas las respuestas en un solo lugar! Nuestra secci\u00f3n de preguntas frecuentes ofrece soluciones \u00fatiles a tus dudas m\u00e1s frecuentes. Simplifica tu vida con nosotros.","og_url":"https:\/\/alcads.com\/es\/preguntas-frecuentes\/","og_site_name":"Alcads","article_modified_time":"2024-05-20T10:33:30+00:00","twitter_card":"summary_large_image","schema":{"@context":"https:\/\/schema.org","@graph":[{"@type":"WebPage","@id":"https:\/\/alcads.com\/es\/preguntas-frecuentes\/","url":"https:\/\/alcads.com\/es\/preguntas-frecuentes\/","name":"Preguntas frecuentes | Alcads.com","isPartOf":{"@id":"https:\/\/alcads.com\/es\/#website"},"datePublished":"2024-04-23T07:12:13+00:00","dateModified":"2024-05-20T10:33:30+00:00","description":"\u00a1Obt\u00e9n todas las respuestas en un solo lugar! Nuestra secci\u00f3n de preguntas frecuentes ofrece soluciones \u00fatiles a tus dudas m\u00e1s frecuentes. Simplifica tu vida con nosotros.","breadcrumb":{"@id":"https:\/\/alcads.com\/es\/preguntas-frecuentes\/#breadcrumb"},"inLanguage":"es","potentialAction":[{"@type":"ReadAction","target":["https:\/\/alcads.com\/es\/preguntas-frecuentes\/"]}]},{"@type":"BreadcrumbList","@id":"https:\/\/alcads.com\/es\/preguntas-frecuentes\/#breadcrumb","itemListElement":[{"@type":"ListItem","position":1,"name":"Home","item":"https:\/\/alcads.com\/es\/"},{"@type":"ListItem","position":2,"name":"Ayuda"}]},{"@type":"WebSite","@id":"https:\/\/alcads.com\/es\/#website","url":"https:\/\/alcads.com\/es\/","name":"Alcads","description":"The Best AutoCAD Alternative","publisher":{"@id":"https:\/\/alcads.com\/es\/#organization"},"potentialAction":[{"@type":"SearchAction","target":{"@type":"EntryPoint","urlTemplate":"https:\/\/alcads.com\/es\/?s={search_term_string}"},"query-input":{"@type":"PropertyValueSpecification","valueRequired":true,"valueName":"search_term_string"}}],"inLanguage":"es"},{"@type":"Organization","@id":"https:\/\/alcads.com\/es\/#organization","name":"Alcads","url":"https:\/\/alcads.com\/es\/","logo":{"@type":"ImageObject","inLanguage":"es","@id":"https:\/\/alcads.com\/es\/#\/schema\/logo\/image\/","url":"https:\/\/alcads.com\/wp-content\/uploads\/2024\/05\/logo.png","contentUrl":"https:\/\/alcads.com\/wp-content\/uploads\/2024\/05\/logo.png","width":122,"height":42,"caption":"Alcads"},"image":{"@id":"https:\/\/alcads.com\/es\/#\/schema\/logo\/image\/"}}]}},"jetpack_sharing_enabled":true,"_links":{"self":[{"href":"https:\/\/alcads.com\/es\/wp-json\/wp\/v2\/pages\/97337","targetHints":{"allow":["GET"]}}],"collection":[{"href":"https:\/\/alcads.com\/es\/wp-json\/wp\/v2\/pages"}],"about":[{"href":"https:\/\/alcads.com\/es\/wp-json\/wp\/v2\/types\/page"}],"author":[{"embeddable":true,"href":"https:\/\/alcads.com\/es\/wp-json\/wp\/v2\/users\/1"}],"replies":[{"embeddable":true,"href":"https:\/\/alcads.com\/es\/wp-json\/wp\/v2\/comments?post=97337"}],"version-history":[{"count":2,"href":"https:\/\/alcads.com\/es\/wp-json\/wp\/v2\/pages\/97337\/revisions"}],"predecessor-version":[{"id":106766,"href":"https:\/\/alcads.com\/es\/wp-json\/wp\/v2\/pages\/97337\/revisions\/106766"}],"wp:attachment":[{"href":"https:\/\/alcads.com\/es\/wp-json\/wp\/v2\/media?parent=97337"}],"curies":[{"name":"wp","href":"https:\/\/api.w.org\/{rel}","templated":true}]}}