{"id":105349,"date":"2024-04-25T10:45:56","date_gmt":"2024-04-25T10:45:56","guid":{"rendered":"https:\/\/dev.alcads.com\/product\/upgrade-alcad-professional\/"},"modified":"2025-12-02T11:00:38","modified_gmt":"2025-12-02T11:00:38","slug":"upgrade-alcad-professional","status":"publish","type":"product","link":"https:\/\/alcads.com\/de\/product\/upgrade-alcad-professional\/","title":{"rendered":"Upgrade \u2013 ALCAD Professional 2026 CAD"},"content":{"rendered":"<p>Upgrade auf Upgrade \u2013 ALCAD Professional 2026 CAD. Unbefristete Lizenz. Ein Upgrade ist nur m\u00f6glich, wenn Sie eine alte Lizenz wie ALCAD 2021, ALCAD 2022, ALCAD 2023 oder ALCAD 2024 besitzen. Dieses Upgrade ist NICHT f\u00fcr die MEP\/HVAC-L\u00f6sung g\u00fcltig. Nach dem Kauf wird die bestehende alte Lizenz eingefroren und Sie erhalten eine neue Lizenz.<br \/>\nALCAD ist die beste AutoCAD Alternative. Gleiche Oberfl\u00e4che und Funktionen wie AutoCAD.<\/p>\n<p>Dieses Produkt enth\u00e4lt nur das CAD.<br \/>\nVergleichen Sie hier ALCAD mit AutoCAD:<br \/>\n<a href=\"https:\/\/alcads.com\/compare-alcad\/\" target=\"_blank\" rel=\"noopener\">ALCAD vergleichen | ALCAD (alcads.com)<\/a><\/p>\n<p><strong>ALCAD &#8211; die vollst\u00e4ndig kompatible DWG-CAD<br \/>\nCAD-Schnittstelle und funktioniert genauso wie AutoCAD.<\/strong><\/p>\n<ul>\n<li>.DWG 2026 Unterst\u00fctzung<\/li>\n<li>Geolokalisierung MAP-Import<\/li>\n<li>PDF zu DWG Import<\/li>\n<li>LAYER-Manager<\/li>\n<li>XREF-Manager<\/li>\n<li>3D Architektur<\/li>\n<li>Vollst\u00e4ndige 2D- und 3D-Tools<\/li>\n<li>Unterst\u00fctzung von Rasterbildern<\/li>\n<li>BIM-Anhang (rvt &amp; rfa)<\/li>\n<li>Neue dynamische Eingabe<\/li>\n<li>Geografische Karte Standort und Bild<\/li>\n<li>Digitale Signaturen hinzuf\u00fcgen<\/li>\n<li>Skizzenmodi &amp; Auswahl Griffe<\/li>\n<li>2D- und 3D-PDF-Export<\/li>\n<li>LISP, IRX\/DRX, SDS<\/li>\n<li>Neue visuelle Stile und Materialien<\/li>\n<li>Realistisches Rendering<\/li>\n<li>Erweitertes Rendering-Zusatzmodul<\/li>\n<li>Microsoft VBA 7.1 &amp; .NET API<\/li>\n<li>etransmit Unterst\u00fctzung<\/li>\n<li>Textexplosion und Farbverlaufsschraffur<\/li>\n<li>64-Bit-Architektur<\/li>\n<li>Multi-Core-Unterst\u00fctzung<\/li>\n<li>Mehrsprachige Unterst\u00fctzung<\/li>\n<li>Flexible Lizenz\u00fcbertragung per Selbstbedienung. Keine Beschr\u00e4nkungen f\u00fcr \u00dcberweisungen.<\/li>\n<li>(*) F\u00fcr 2D\/3D MEP w\u00e4hlen Sie ALCAD Professional 2D\/3D mit allen MEP Plugins<\/li>\n<\/ul>\n","protected":false},"excerpt":{"rendered":"<p>Upgrade auf Upgrade \u2013 ALCAD Professional 2026 CAD. Unbefristete Lizenz. Ein Upgrade ist nur m\u00f6glich, wenn Sie eine alte Lizenz wie ALCAD 2021, ALCAD 2022, ALCAD 2023 oder ALCAD 2024 besitzen. Dieses Upgrade ist NICHT f\u00fcr die MEP\/HVAC-L\u00f6sung g\u00fcltig. Nach dem Kauf wird die bestehende alte Lizenz eingefroren und Sie erhalten eine neue Lizenz. ALCAD [&hellip;]<\/p>\n","protected":false},"featured_media":96656,"comment_status":"closed","ping_status":"closed","template":"","meta":{"_acf_changed":false},"product_brand":[],"product_cat":[543],"product_tag":[],"class_list":{"0":"post-105349","1":"product","2":"type-product","3":"status-publish","4":"has-post-thumbnail","6":"product_cat-alcad-bundel","8":"first","9":"instock","10":"taxable","11":"shipping-taxable","12":"purchasable","13":"product-type-simple"},"acf":[],"yoast_head":"<!-- This site is optimized with the Yoast SEO plugin v27.3 - https:\/\/yoast.com\/product\/yoast-seo-wordpress\/ -->\n<title>Upgrade \u2013 ALCAD Professional 2026 CAD - Alcads<\/title>\n<meta name=\"description\" content=\"Holen Sie sich das ALCAD 2024 Professional Upgrade f\u00fcr 229 \u20ac. Profitieren Sie von erweiterten 2D\/3D-CAD-Funktionen, DWG 2024-Unterst\u00fctzung und nahtloser AutoCAD-Kompatibilit\u00e4t. Jetzt kaufen!\" \/>\n<meta name=\"robots\" content=\"index, follow, max-snippet:-1, max-image-preview:large, max-video-preview:-1\" \/>\n<link rel=\"canonical\" href=\"https:\/\/alcads.com\/de\/product\/upgrade-alcad-professional\/\" \/>\n<meta property=\"og:locale\" content=\"de_DE\" \/>\n<meta property=\"og:type\" content=\"article\" \/>\n<meta property=\"og:title\" content=\"Upgrade \u2013 ALCAD Professional 2026 CAD - Alcads\" \/>\n<meta property=\"og:description\" content=\"Holen Sie sich das ALCAD 2024 Professional Upgrade f\u00fcr 229 \u20ac. Profitieren Sie von erweiterten 2D\/3D-CAD-Funktionen, DWG 2024-Unterst\u00fctzung und nahtloser AutoCAD-Kompatibilit\u00e4t. Jetzt kaufen!\" \/>\n<meta property=\"og:url\" content=\"https:\/\/alcads.com\/de\/product\/upgrade-alcad-professional\/\" \/>\n<meta property=\"og:site_name\" content=\"Alcads\" \/>\n<meta property=\"article:modified_time\" content=\"2025-12-02T11:00:38+00:00\" \/>\n<meta property=\"og:image\" content=\"https:\/\/alcads.com\/wp-content\/uploads\/2024\/04\/AL_Logo_PNG_1-scaled.jpg\" \/>\n\t<meta property=\"og:image:width\" content=\"2560\" \/>\n\t<meta property=\"og:image:height\" content=\"2560\" \/>\n\t<meta property=\"og:image:type\" content=\"image\/jpeg\" \/>\n<meta name=\"twitter:card\" content=\"summary_large_image\" \/>\n<meta name=\"twitter:label1\" content=\"Gesch\u00e4tzte Lesezeit\" \/>\n\t<meta name=\"twitter:data1\" content=\"1\u00a0Minute\" \/>\n<script type=\"application\/ld+json\" class=\"yoast-schema-graph\">{\"@context\":\"https:\\\/\\\/schema.org\",\"@graph\":[{\"@type\":\"WebPage\",\"@id\":\"https:\\\/\\\/alcads.com\\\/de\\\/product\\\/upgrade-alcad-professional\\\/\",\"url\":\"https:\\\/\\\/alcads.com\\\/de\\\/product\\\/upgrade-alcad-professional\\\/\",\"name\":\"Upgrade \u2013 ALCAD Professional 2026 CAD - Alcads\",\"isPartOf\":{\"@id\":\"https:\\\/\\\/alcads.com\\\/de\\\/#website\"},\"primaryImageOfPage\":{\"@id\":\"https:\\\/\\\/alcads.com\\\/de\\\/product\\\/upgrade-alcad-professional\\\/#primaryimage\"},\"image\":{\"@id\":\"https:\\\/\\\/alcads.com\\\/de\\\/product\\\/upgrade-alcad-professional\\\/#primaryimage\"},\"thumbnailUrl\":\"https:\\\/\\\/alcads.com\\\/wp-content\\\/uploads\\\/2024\\\/04\\\/AL_Logo_PNG_1-scaled.jpg\",\"datePublished\":\"2024-04-25T10:45:56+00:00\",\"dateModified\":\"2025-12-02T11:00:38+00:00\",\"description\":\"Holen Sie sich das ALCAD 2024 Professional Upgrade f\u00fcr 229 \u20ac. Profitieren Sie von erweiterten 2D\\\/3D-CAD-Funktionen, DWG 2024-Unterst\u00fctzung und nahtloser AutoCAD-Kompatibilit\u00e4t. Jetzt kaufen!\",\"breadcrumb\":{\"@id\":\"https:\\\/\\\/alcads.com\\\/de\\\/product\\\/upgrade-alcad-professional\\\/#breadcrumb\"},\"inLanguage\":\"de\",\"potentialAction\":[{\"@type\":\"ReadAction\",\"target\":[\"https:\\\/\\\/alcads.com\\\/de\\\/product\\\/upgrade-alcad-professional\\\/\"]}]},{\"@type\":\"ImageObject\",\"inLanguage\":\"de\",\"@id\":\"https:\\\/\\\/alcads.com\\\/de\\\/product\\\/upgrade-alcad-professional\\\/#primaryimage\",\"url\":\"https:\\\/\\\/alcads.com\\\/wp-content\\\/uploads\\\/2024\\\/04\\\/AL_Logo_PNG_1-scaled.jpg\",\"contentUrl\":\"https:\\\/\\\/alcads.com\\\/wp-content\\\/uploads\\\/2024\\\/04\\\/AL_Logo_PNG_1-scaled.jpg\",\"width\":2560,\"height\":2560,\"caption\":\"alcads logo\"},{\"@type\":\"BreadcrumbList\",\"@id\":\"https:\\\/\\\/alcads.com\\\/de\\\/product\\\/upgrade-alcad-professional\\\/#breadcrumb\",\"itemListElement\":[{\"@type\":\"ListItem\",\"position\":1,\"name\":\"Home\",\"item\":\"https:\\\/\\\/alcads.com\\\/de\\\/\"},{\"@type\":\"ListItem\",\"position\":2,\"name\":\"Shop\",\"item\":\"https:\\\/\\\/alcads.com\\\/de\\\/store\\\/\"},{\"@type\":\"ListItem\",\"position\":3,\"name\":\"Upgrade \u2013 ALCAD Professional 2026 CAD\"}]},{\"@type\":\"WebSite\",\"@id\":\"https:\\\/\\\/alcads.com\\\/de\\\/#website\",\"url\":\"https:\\\/\\\/alcads.com\\\/de\\\/\",\"name\":\"Alcads\",\"description\":\"The Best AutoCAD Alternative\",\"publisher\":{\"@id\":\"https:\\\/\\\/alcads.com\\\/de\\\/#organization\"},\"potentialAction\":[{\"@type\":\"SearchAction\",\"target\":{\"@type\":\"EntryPoint\",\"urlTemplate\":\"https:\\\/\\\/alcads.com\\\/de\\\/?s={search_term_string}\"},\"query-input\":{\"@type\":\"PropertyValueSpecification\",\"valueRequired\":true,\"valueName\":\"search_term_string\"}}],\"inLanguage\":\"de\"},{\"@type\":\"Organization\",\"@id\":\"https:\\\/\\\/alcads.com\\\/de\\\/#organization\",\"name\":\"Alcads\",\"url\":\"https:\\\/\\\/alcads.com\\\/de\\\/\",\"logo\":{\"@type\":\"ImageObject\",\"inLanguage\":\"de\",\"@id\":\"https:\\\/\\\/alcads.com\\\/de\\\/#\\\/schema\\\/logo\\\/image\\\/\",\"url\":\"https:\\\/\\\/alcads.com\\\/wp-content\\\/uploads\\\/2024\\\/05\\\/logo.png\",\"contentUrl\":\"https:\\\/\\\/alcads.com\\\/wp-content\\\/uploads\\\/2024\\\/05\\\/logo.png\",\"width\":122,\"height\":42,\"caption\":\"Alcads\"},\"image\":{\"@id\":\"https:\\\/\\\/alcads.com\\\/de\\\/#\\\/schema\\\/logo\\\/image\\\/\"}}]}<\/script>\n<!-- \/ Yoast SEO plugin. -->","yoast_head_json":{"title":"Upgrade \u2013 ALCAD Professional 2026 CAD - Alcads","description":"Holen Sie sich das ALCAD 2024 Professional Upgrade f\u00fcr 229 \u20ac. Profitieren Sie von erweiterten 2D\/3D-CAD-Funktionen, DWG 2024-Unterst\u00fctzung und nahtloser AutoCAD-Kompatibilit\u00e4t. Jetzt kaufen!","robots":{"index":"index","follow":"follow","max-snippet":"max-snippet:-1","max-image-preview":"max-image-preview:large","max-video-preview":"max-video-preview:-1"},"canonical":"https:\/\/alcads.com\/de\/product\/upgrade-alcad-professional\/","og_locale":"de_DE","og_type":"article","og_title":"Upgrade \u2013 ALCAD Professional 2026 CAD - Alcads","og_description":"Holen Sie sich das ALCAD 2024 Professional Upgrade f\u00fcr 229 \u20ac. Profitieren Sie von erweiterten 2D\/3D-CAD-Funktionen, DWG 2024-Unterst\u00fctzung und nahtloser AutoCAD-Kompatibilit\u00e4t. Jetzt kaufen!","og_url":"https:\/\/alcads.com\/de\/product\/upgrade-alcad-professional\/","og_site_name":"Alcads","article_modified_time":"2025-12-02T11:00:38+00:00","og_image":[{"width":2560,"height":2560,"url":"https:\/\/alcads.com\/wp-content\/uploads\/2024\/04\/AL_Logo_PNG_1-scaled.jpg","type":"image\/jpeg"}],"twitter_card":"summary_large_image","twitter_misc":{"Gesch\u00e4tzte Lesezeit":"1\u00a0Minute"},"schema":{"@context":"https:\/\/schema.org","@graph":[{"@type":"WebPage","@id":"https:\/\/alcads.com\/de\/product\/upgrade-alcad-professional\/","url":"https:\/\/alcads.com\/de\/product\/upgrade-alcad-professional\/","name":"Upgrade \u2013 ALCAD Professional 2026 CAD - Alcads","isPartOf":{"@id":"https:\/\/alcads.com\/de\/#website"},"primaryImageOfPage":{"@id":"https:\/\/alcads.com\/de\/product\/upgrade-alcad-professional\/#primaryimage"},"image":{"@id":"https:\/\/alcads.com\/de\/product\/upgrade-alcad-professional\/#primaryimage"},"thumbnailUrl":"https:\/\/alcads.com\/wp-content\/uploads\/2024\/04\/AL_Logo_PNG_1-scaled.jpg","datePublished":"2024-04-25T10:45:56+00:00","dateModified":"2025-12-02T11:00:38+00:00","description":"Holen Sie sich das ALCAD 2024 Professional Upgrade f\u00fcr 229 \u20ac. Profitieren Sie von erweiterten 2D\/3D-CAD-Funktionen, DWG 2024-Unterst\u00fctzung und nahtloser AutoCAD-Kompatibilit\u00e4t. Jetzt kaufen!","breadcrumb":{"@id":"https:\/\/alcads.com\/de\/product\/upgrade-alcad-professional\/#breadcrumb"},"inLanguage":"de","potentialAction":[{"@type":"ReadAction","target":["https:\/\/alcads.com\/de\/product\/upgrade-alcad-professional\/"]}]},{"@type":"ImageObject","inLanguage":"de","@id":"https:\/\/alcads.com\/de\/product\/upgrade-alcad-professional\/#primaryimage","url":"https:\/\/alcads.com\/wp-content\/uploads\/2024\/04\/AL_Logo_PNG_1-scaled.jpg","contentUrl":"https:\/\/alcads.com\/wp-content\/uploads\/2024\/04\/AL_Logo_PNG_1-scaled.jpg","width":2560,"height":2560,"caption":"alcads logo"},{"@type":"BreadcrumbList","@id":"https:\/\/alcads.com\/de\/product\/upgrade-alcad-professional\/#breadcrumb","itemListElement":[{"@type":"ListItem","position":1,"name":"Home","item":"https:\/\/alcads.com\/de\/"},{"@type":"ListItem","position":2,"name":"Shop","item":"https:\/\/alcads.com\/de\/store\/"},{"@type":"ListItem","position":3,"name":"Upgrade \u2013 ALCAD Professional 2026 CAD"}]},{"@type":"WebSite","@id":"https:\/\/alcads.com\/de\/#website","url":"https:\/\/alcads.com\/de\/","name":"Alcads","description":"The Best AutoCAD Alternative","publisher":{"@id":"https:\/\/alcads.com\/de\/#organization"},"potentialAction":[{"@type":"SearchAction","target":{"@type":"EntryPoint","urlTemplate":"https:\/\/alcads.com\/de\/?s={search_term_string}"},"query-input":{"@type":"PropertyValueSpecification","valueRequired":true,"valueName":"search_term_string"}}],"inLanguage":"de"},{"@type":"Organization","@id":"https:\/\/alcads.com\/de\/#organization","name":"Alcads","url":"https:\/\/alcads.com\/de\/","logo":{"@type":"ImageObject","inLanguage":"de","@id":"https:\/\/alcads.com\/de\/#\/schema\/logo\/image\/","url":"https:\/\/alcads.com\/wp-content\/uploads\/2024\/05\/logo.png","contentUrl":"https:\/\/alcads.com\/wp-content\/uploads\/2024\/05\/logo.png","width":122,"height":42,"caption":"Alcads"},"image":{"@id":"https:\/\/alcads.com\/de\/#\/schema\/logo\/image\/"}}]}},"jetpack_sharing_enabled":true,"_links":{"self":[{"href":"https:\/\/alcads.com\/de\/wp-json\/wp\/v2\/product\/105349","targetHints":{"allow":["GET"]}}],"collection":[{"href":"https:\/\/alcads.com\/de\/wp-json\/wp\/v2\/product"}],"about":[{"href":"https:\/\/alcads.com\/de\/wp-json\/wp\/v2\/types\/product"}],"replies":[{"embeddable":true,"href":"https:\/\/alcads.com\/de\/wp-json\/wp\/v2\/comments?post=105349"}],"wp:featuredmedia":[{"embeddable":true,"href":"https:\/\/alcads.com\/de\/wp-json\/wp\/v2\/media\/96656"}],"wp:attachment":[{"href":"https:\/\/alcads.com\/de\/wp-json\/wp\/v2\/media?parent=105349"}],"wp:term":[{"taxonomy":"product_brand","embeddable":true,"href":"https:\/\/alcads.com\/de\/wp-json\/wp\/v2\/product_brand?post=105349"},{"taxonomy":"product_cat","embeddable":true,"href":"https:\/\/alcads.com\/de\/wp-json\/wp\/v2\/product_cat?post=105349"},{"taxonomy":"product_tag","embeddable":true,"href":"https:\/\/alcads.com\/de\/wp-json\/wp\/v2\/product_tag?post=105349"}],"curies":[{"name":"wp","href":"https:\/\/api.w.org\/{rel}","templated":true}]}}