{"id":105327,"date":"2024-05-01T07:20:36","date_gmt":"2024-05-01T07:20:36","guid":{"rendered":"https:\/\/dev.alcads.com\/product\/alcad-professional-2d-3d-with-all-2d-mep-plugins\/"},"modified":"2025-12-02T06:14:44","modified_gmt":"2025-12-02T06:14:44","slug":"alcad-professional-mep-2d","status":"publish","type":"product","link":"https:\/\/alcads.com\/de\/product\/alcad-professional-mep-2d\/","title":{"rendered":"ALCAD Professional 2D\/3D mit allen 2D MEP Plugins &#8211; Jahreslizenz"},"content":{"rendered":"<p><strong>Alle Informationen zu den MEP-Plugins finden Sie hier:<\/strong> <a href=\"https:\/\/alcads.com\/de\/mep-plugins\/\">https:\/\/alcads.com\/de\/mep-plugins\/<\/a> <\/p>\n<h6>ALCAD &#8211; das vollst\u00e4ndig kompatible DWG-CAD hat ALCADs 2D HVAC Plugins + 1&#8217;000 Symbole enthalten.<\/h6>\n<ul>\n<li>ALCADs 2D HVAC Plugins<\/li>\n<li>1&#8217;000 Symbole<\/li>\n<li>PDF zu DWG Import<\/li>\n<li>.DWG 2024 Unterst\u00fctzung<\/li>\n<li>Vollst\u00e4ndige 2D- und 3D-Werkzeuge (*)<\/li>\n<li>Unterst\u00fctzung von Rasterbildern<\/li>\n<li>BIM-Anhang (rvt &amp; rfa)<\/li>\n<li>Neue dynamische Eingabe<\/li>\n<li>Geografische Karte Standort und Bild<\/li>\n<li>Digitale Signaturen hinzuf\u00fcgen<\/li>\n<li>Skizzenmodi &amp; Auswahl Griffe<\/li>\n<li>2D- und 3D-PDF-Export<\/li>\n<li>LISP, IRX\/DRX, SDS<\/li>\n<li>Neue visuelle Stile und Materialien<\/li>\n<li>Realistisches Rendering<\/li>\n<li>Erweitertes Rendering-Zusatzmodul<\/li>\n<li>Microsoft VBA 7.1 &amp; .NET API<\/li>\n<li>etransmit Unterst\u00fctzung<\/li>\n<li>Textexplosion und Farbverlaufsschraffur<\/li>\n<li>64-Bit-Architektur<\/li>\n<li>Multi-Core-Unterst\u00fctzung<\/li>\n<li>Mehrsprachige Unterst\u00fctzung<\/li>\n<li>Flexible Lizenz\u00fcbertragung per Selbstbedienung. Keine Beschr\u00e4nkungen f\u00fcr \u00dcberweisungen.<\/li>\n<\/ul>\n<p>  f\u00fcr 3D HVAC\/Plant Plugins, 3D Solids, STEP Import\/Export, IFC &amp; Architecture 3D w\u00e4hlen Sie ALCAD mit 2D &amp; 3D MEP Die MEP Version ist nur als Jahreslizenz erh\u00e4ltlich.<\/p>\n","protected":false},"excerpt":{"rendered":"<p>Professionelles CAD mit einem einzigartigen KI-gesteuerten Produktivit\u00e4tswerkzeug.<\/p>\n","protected":false},"featured_media":107902,"comment_status":"closed","ping_status":"closed","template":"","meta":{"_acf_changed":false},"product_brand":[],"product_cat":[1221],"product_tag":[],"class_list":{"0":"post-105327","1":"product","2":"type-product","3":"status-publish","4":"has-post-thumbnail","6":"product_cat-alcad-mep-de","8":"first","9":"instock","10":"virtual","11":"purchasable","12":"product-type-simple"},"acf":[],"yoast_head":"<!-- This site is optimized with the Yoast SEO plugin v27.3 - https:\/\/yoast.com\/product\/yoast-seo-wordpress\/ -->\n<title>ALCAD Professional 2D\/3D mit allen 2D MEP Plugins - Jahreslizenz - Alcads<\/title>\n<meta name=\"description\" content=\"ALCAD 2D\/3D CAD mit MEP-Plugins bietet Tools f\u00fcr HLK, Entw\u00e4sserung, Gasleitungen und mehr. Enth\u00e4lt 1.000 Symbole, BIM-Anhang und DWG 2024-Unterst\u00fctzung. Nur 399 \u20ac\/Jahr. Jetzt kaufen!\" \/>\n<meta name=\"robots\" content=\"index, follow, max-snippet:-1, max-image-preview:large, max-video-preview:-1\" \/>\n<link rel=\"canonical\" href=\"https:\/\/alcads.com\/de\/product\/alcad-professional-mep-2d\/\" \/>\n<meta property=\"og:locale\" content=\"de_DE\" \/>\n<meta property=\"og:type\" content=\"article\" \/>\n<meta property=\"og:title\" content=\"ALCAD Professional 2D\/3D mit allen 2D MEP Plugins - Jahreslizenz - Alcads\" \/>\n<meta property=\"og:description\" content=\"ALCAD 2D\/3D CAD mit MEP-Plugins bietet Tools f\u00fcr HLK, Entw\u00e4sserung, Gasleitungen und mehr. Enth\u00e4lt 1.000 Symbole, BIM-Anhang und DWG 2024-Unterst\u00fctzung. Nur 399 \u20ac\/Jahr. Jetzt kaufen!\" \/>\n<meta property=\"og:url\" content=\"https:\/\/alcads.com\/de\/product\/alcad-professional-mep-2d\/\" \/>\n<meta property=\"og:site_name\" content=\"Alcads\" \/>\n<meta property=\"article:modified_time\" content=\"2025-12-02T06:14:44+00:00\" \/>\n<meta property=\"og:image\" content=\"https:\/\/alcads.com\/wp-content\/uploads\/2024\/05\/compressed_image-92.webp\" \/>\n\t<meta property=\"og:image:width\" content=\"379\" \/>\n\t<meta property=\"og:image:height\" content=\"300\" \/>\n\t<meta property=\"og:image:type\" content=\"image\/webp\" \/>\n<meta name=\"twitter:card\" content=\"summary_large_image\" \/>\n<meta name=\"twitter:label1\" content=\"Gesch\u00e4tzte Lesezeit\" \/>\n\t<meta name=\"twitter:data1\" content=\"1\u00a0Minute\" \/>\n<script type=\"application\/ld+json\" class=\"yoast-schema-graph\">{\"@context\":\"https:\\\/\\\/schema.org\",\"@graph\":[{\"@type\":\"WebPage\",\"@id\":\"https:\\\/\\\/alcads.com\\\/de\\\/product\\\/alcad-professional-mep-2d\\\/\",\"url\":\"https:\\\/\\\/alcads.com\\\/de\\\/product\\\/alcad-professional-mep-2d\\\/\",\"name\":\"ALCAD Professional 2D\\\/3D mit allen 2D MEP Plugins - Jahreslizenz - Alcads\",\"isPartOf\":{\"@id\":\"https:\\\/\\\/alcads.com\\\/de\\\/#website\"},\"primaryImageOfPage\":{\"@id\":\"https:\\\/\\\/alcads.com\\\/de\\\/product\\\/alcad-professional-mep-2d\\\/#primaryimage\"},\"image\":{\"@id\":\"https:\\\/\\\/alcads.com\\\/de\\\/product\\\/alcad-professional-mep-2d\\\/#primaryimage\"},\"thumbnailUrl\":\"https:\\\/\\\/alcads.com\\\/wp-content\\\/uploads\\\/2024\\\/05\\\/compressed_image-92.webp\",\"datePublished\":\"2024-05-01T07:20:36+00:00\",\"dateModified\":\"2025-12-02T06:14:44+00:00\",\"description\":\"ALCAD 2D\\\/3D CAD mit MEP-Plugins bietet Tools f\u00fcr HLK, Entw\u00e4sserung, Gasleitungen und mehr. Enth\u00e4lt 1.000 Symbole, BIM-Anhang und DWG 2024-Unterst\u00fctzung. Nur 399 \u20ac\\\/Jahr. Jetzt kaufen!\",\"breadcrumb\":{\"@id\":\"https:\\\/\\\/alcads.com\\\/de\\\/product\\\/alcad-professional-mep-2d\\\/#breadcrumb\"},\"inLanguage\":\"de\",\"potentialAction\":[{\"@type\":\"ReadAction\",\"target\":[\"https:\\\/\\\/alcads.com\\\/de\\\/product\\\/alcad-professional-mep-2d\\\/\"]}]},{\"@type\":\"ImageObject\",\"inLanguage\":\"de\",\"@id\":\"https:\\\/\\\/alcads.com\\\/de\\\/product\\\/alcad-professional-mep-2d\\\/#primaryimage\",\"url\":\"https:\\\/\\\/alcads.com\\\/wp-content\\\/uploads\\\/2024\\\/05\\\/compressed_image-92.webp\",\"contentUrl\":\"https:\\\/\\\/alcads.com\\\/wp-content\\\/uploads\\\/2024\\\/05\\\/compressed_image-92.webp\",\"width\":379,\"height\":300,\"caption\":\"alcad professional mep 2d 3d\"},{\"@type\":\"BreadcrumbList\",\"@id\":\"https:\\\/\\\/alcads.com\\\/de\\\/product\\\/alcad-professional-mep-2d\\\/#breadcrumb\",\"itemListElement\":[{\"@type\":\"ListItem\",\"position\":1,\"name\":\"Home\",\"item\":\"https:\\\/\\\/alcads.com\\\/de\\\/\"},{\"@type\":\"ListItem\",\"position\":2,\"name\":\"Shop\",\"item\":\"https:\\\/\\\/alcads.com\\\/de\\\/store\\\/\"},{\"@type\":\"ListItem\",\"position\":3,\"name\":\"ALCAD Professional 2D\\\/3D mit allen 2D MEP Plugins &#8211; Jahreslizenz\"}]},{\"@type\":\"WebSite\",\"@id\":\"https:\\\/\\\/alcads.com\\\/de\\\/#website\",\"url\":\"https:\\\/\\\/alcads.com\\\/de\\\/\",\"name\":\"Alcads\",\"description\":\"The Best AutoCAD Alternative\",\"publisher\":{\"@id\":\"https:\\\/\\\/alcads.com\\\/de\\\/#organization\"},\"potentialAction\":[{\"@type\":\"SearchAction\",\"target\":{\"@type\":\"EntryPoint\",\"urlTemplate\":\"https:\\\/\\\/alcads.com\\\/de\\\/?s={search_term_string}\"},\"query-input\":{\"@type\":\"PropertyValueSpecification\",\"valueRequired\":true,\"valueName\":\"search_term_string\"}}],\"inLanguage\":\"de\"},{\"@type\":\"Organization\",\"@id\":\"https:\\\/\\\/alcads.com\\\/de\\\/#organization\",\"name\":\"Alcads\",\"url\":\"https:\\\/\\\/alcads.com\\\/de\\\/\",\"logo\":{\"@type\":\"ImageObject\",\"inLanguage\":\"de\",\"@id\":\"https:\\\/\\\/alcads.com\\\/de\\\/#\\\/schema\\\/logo\\\/image\\\/\",\"url\":\"https:\\\/\\\/alcads.com\\\/wp-content\\\/uploads\\\/2024\\\/05\\\/logo.png\",\"contentUrl\":\"https:\\\/\\\/alcads.com\\\/wp-content\\\/uploads\\\/2024\\\/05\\\/logo.png\",\"width\":122,\"height\":42,\"caption\":\"Alcads\"},\"image\":{\"@id\":\"https:\\\/\\\/alcads.com\\\/de\\\/#\\\/schema\\\/logo\\\/image\\\/\"}}]}<\/script>\n<!-- \/ Yoast SEO plugin. -->","yoast_head_json":{"title":"ALCAD Professional 2D\/3D mit allen 2D MEP Plugins - Jahreslizenz - Alcads","description":"ALCAD 2D\/3D CAD mit MEP-Plugins bietet Tools f\u00fcr HLK, Entw\u00e4sserung, Gasleitungen und mehr. Enth\u00e4lt 1.000 Symbole, BIM-Anhang und DWG 2024-Unterst\u00fctzung. Nur 399 \u20ac\/Jahr. Jetzt kaufen!","robots":{"index":"index","follow":"follow","max-snippet":"max-snippet:-1","max-image-preview":"max-image-preview:large","max-video-preview":"max-video-preview:-1"},"canonical":"https:\/\/alcads.com\/de\/product\/alcad-professional-mep-2d\/","og_locale":"de_DE","og_type":"article","og_title":"ALCAD Professional 2D\/3D mit allen 2D MEP Plugins - Jahreslizenz - Alcads","og_description":"ALCAD 2D\/3D CAD mit MEP-Plugins bietet Tools f\u00fcr HLK, Entw\u00e4sserung, Gasleitungen und mehr. Enth\u00e4lt 1.000 Symbole, BIM-Anhang und DWG 2024-Unterst\u00fctzung. Nur 399 \u20ac\/Jahr. Jetzt kaufen!","og_url":"https:\/\/alcads.com\/de\/product\/alcad-professional-mep-2d\/","og_site_name":"Alcads","article_modified_time":"2025-12-02T06:14:44+00:00","og_image":[{"width":379,"height":300,"url":"https:\/\/alcads.com\/wp-content\/uploads\/2024\/05\/compressed_image-92.webp","type":"image\/webp"}],"twitter_card":"summary_large_image","twitter_misc":{"Gesch\u00e4tzte Lesezeit":"1\u00a0Minute"},"schema":{"@context":"https:\/\/schema.org","@graph":[{"@type":"WebPage","@id":"https:\/\/alcads.com\/de\/product\/alcad-professional-mep-2d\/","url":"https:\/\/alcads.com\/de\/product\/alcad-professional-mep-2d\/","name":"ALCAD Professional 2D\/3D mit allen 2D MEP Plugins - Jahreslizenz - Alcads","isPartOf":{"@id":"https:\/\/alcads.com\/de\/#website"},"primaryImageOfPage":{"@id":"https:\/\/alcads.com\/de\/product\/alcad-professional-mep-2d\/#primaryimage"},"image":{"@id":"https:\/\/alcads.com\/de\/product\/alcad-professional-mep-2d\/#primaryimage"},"thumbnailUrl":"https:\/\/alcads.com\/wp-content\/uploads\/2024\/05\/compressed_image-92.webp","datePublished":"2024-05-01T07:20:36+00:00","dateModified":"2025-12-02T06:14:44+00:00","description":"ALCAD 2D\/3D CAD mit MEP-Plugins bietet Tools f\u00fcr HLK, Entw\u00e4sserung, Gasleitungen und mehr. Enth\u00e4lt 1.000 Symbole, BIM-Anhang und DWG 2024-Unterst\u00fctzung. Nur 399 \u20ac\/Jahr. Jetzt kaufen!","breadcrumb":{"@id":"https:\/\/alcads.com\/de\/product\/alcad-professional-mep-2d\/#breadcrumb"},"inLanguage":"de","potentialAction":[{"@type":"ReadAction","target":["https:\/\/alcads.com\/de\/product\/alcad-professional-mep-2d\/"]}]},{"@type":"ImageObject","inLanguage":"de","@id":"https:\/\/alcads.com\/de\/product\/alcad-professional-mep-2d\/#primaryimage","url":"https:\/\/alcads.com\/wp-content\/uploads\/2024\/05\/compressed_image-92.webp","contentUrl":"https:\/\/alcads.com\/wp-content\/uploads\/2024\/05\/compressed_image-92.webp","width":379,"height":300,"caption":"alcad professional mep 2d 3d"},{"@type":"BreadcrumbList","@id":"https:\/\/alcads.com\/de\/product\/alcad-professional-mep-2d\/#breadcrumb","itemListElement":[{"@type":"ListItem","position":1,"name":"Home","item":"https:\/\/alcads.com\/de\/"},{"@type":"ListItem","position":2,"name":"Shop","item":"https:\/\/alcads.com\/de\/store\/"},{"@type":"ListItem","position":3,"name":"ALCAD Professional 2D\/3D mit allen 2D MEP Plugins &#8211; Jahreslizenz"}]},{"@type":"WebSite","@id":"https:\/\/alcads.com\/de\/#website","url":"https:\/\/alcads.com\/de\/","name":"Alcads","description":"The Best AutoCAD Alternative","publisher":{"@id":"https:\/\/alcads.com\/de\/#organization"},"potentialAction":[{"@type":"SearchAction","target":{"@type":"EntryPoint","urlTemplate":"https:\/\/alcads.com\/de\/?s={search_term_string}"},"query-input":{"@type":"PropertyValueSpecification","valueRequired":true,"valueName":"search_term_string"}}],"inLanguage":"de"},{"@type":"Organization","@id":"https:\/\/alcads.com\/de\/#organization","name":"Alcads","url":"https:\/\/alcads.com\/de\/","logo":{"@type":"ImageObject","inLanguage":"de","@id":"https:\/\/alcads.com\/de\/#\/schema\/logo\/image\/","url":"https:\/\/alcads.com\/wp-content\/uploads\/2024\/05\/logo.png","contentUrl":"https:\/\/alcads.com\/wp-content\/uploads\/2024\/05\/logo.png","width":122,"height":42,"caption":"Alcads"},"image":{"@id":"https:\/\/alcads.com\/de\/#\/schema\/logo\/image\/"}}]}},"jetpack_sharing_enabled":true,"_links":{"self":[{"href":"https:\/\/alcads.com\/de\/wp-json\/wp\/v2\/product\/105327","targetHints":{"allow":["GET"]}}],"collection":[{"href":"https:\/\/alcads.com\/de\/wp-json\/wp\/v2\/product"}],"about":[{"href":"https:\/\/alcads.com\/de\/wp-json\/wp\/v2\/types\/product"}],"replies":[{"embeddable":true,"href":"https:\/\/alcads.com\/de\/wp-json\/wp\/v2\/comments?post=105327"}],"wp:featuredmedia":[{"embeddable":true,"href":"https:\/\/alcads.com\/de\/wp-json\/wp\/v2\/media\/107902"}],"wp:attachment":[{"href":"https:\/\/alcads.com\/de\/wp-json\/wp\/v2\/media?parent=105327"}],"wp:term":[{"taxonomy":"product_brand","embeddable":true,"href":"https:\/\/alcads.com\/de\/wp-json\/wp\/v2\/product_brand?post=105327"},{"taxonomy":"product_cat","embeddable":true,"href":"https:\/\/alcads.com\/de\/wp-json\/wp\/v2\/product_cat?post=105327"},{"taxonomy":"product_tag","embeddable":true,"href":"https:\/\/alcads.com\/de\/wp-json\/wp\/v2\/product_tag?post=105327"}],"curies":[{"name":"wp","href":"https:\/\/api.w.org\/{rel}","templated":true}]}}