{"id":105316,"date":"2024-05-01T07:23:12","date_gmt":"2024-05-01T07:23:12","guid":{"rendered":"https:\/\/dev.alcads.com\/product\/alcad-professional-mep-2d-3d\/"},"modified":"2025-12-02T06:13:23","modified_gmt":"2025-12-02T06:13:23","slug":"alcad-professional-mep-2d-3d","status":"publish","type":"product","link":"https:\/\/alcads.com\/de\/product\/alcad-professional-mep-2d-3d\/","title":{"rendered":"ALCAD Professional 2D\/3D mit allen 2D &amp; 3D MEP Plugins &#8211; Jahreslizenz"},"content":{"rendered":"<p><strong>Alle Informationen zu den MEP-Plugins finden Sie hier:<\/strong> <a href=\"https:\/\/alcads.com\/de\/mep-plugins\/\">https:\/\/alcads.com\/de\/mep-plugins\/<\/a> <\/p>\n<p><strong>ALCAD \u2013 das voll kompatible DWG-CAD hat alle ALCADs MEP\/TGA Module 2D &#038; 3D + 1\u2019000 Symbole enthalten.<\/strong><br \/>\nALCAD Professional MEP\/TGA mit allen 2D\/3D Modulen ist nur als Jahreslizenz erh\u00e4ltlich. In diesem Preis sind Support und Updates enthalten.<\/p>\n<ul>\n<li>Alle ALCADs 2D &#038; 3D MEP\/TGA Module<\/li>\n<li>1\u2019000 Symbole<\/li>\n<li>PDF-zu-DWG-Import<\/li>\n<li>.dwg 2024 Unterst\u00fctzung<\/li>\n<li>Vollst\u00e4ndige 2D- und 3D-Werkzeuge<\/li>\n<li>2D\/3D-Architektur<\/li>\n<li>3D ACIS-K\u00f6rper<\/li>\n<li>BIM-Import (IFC, RVT)<\/li>\n<li>Schnittlinien erstellen<\/li>\n<li>Neue dynamische Eingabe<\/li>\n<li>Digitale Signaturen hinzuf\u00fcgen<\/li>\n<li>Skizzenmodi &#038; Auswahlgriffe<\/li>\n<li>Unterst\u00fctzung von Rasterbildern<\/li>\n<li>2D- und 3D-PDF-Export<\/li>\n<li>LISP, IRX\/DRX, SDS<\/li>\n<li>Neue visuelle Stile und Materialien<\/li>\n<li>Realistisches Rendering<\/li>\n<li>Erweiterte Rendering-Erweiterung<\/li>\n<li>etransmit Unterst\u00fctzung<\/li>\n<li>Textexplosion und Verlaufsschraffur<\/li>\n<li>Microsoft VBA 7.1 und .NET API<\/li>\n<li>64-Bit-Architektur<\/li>\n<li>Multi-Core-Unterst\u00fctzung<\/li>\n<li>Mehrsprachige Unterst\u00fctzung<\/li>\n<li>\u2026und vieles mehr!<\/li>\n<\/ul>\n","protected":false},"excerpt":{"rendered":"<p>Alle Informationen zu den MEP-Plugins finden Sie hier: https:\/\/alcads.com\/de\/mep-plugins\/ ALCAD \u2013 das voll kompatible DWG-CAD hat alle ALCADs MEP\/TGA Module 2D &#038; 3D + 1\u2019000 Symbole enthalten. ALCAD Professional MEP\/TGA mit allen 2D\/3D Modulen ist nur als Jahreslizenz erh\u00e4ltlich. In diesem Preis sind Support und Updates enthalten. Alle ALCADs 2D &#038; 3D MEP\/TGA Module 1\u2019000 [&hellip;]<\/p>\n","protected":false},"featured_media":108825,"comment_status":"closed","ping_status":"closed","template":"","meta":{"_acf_changed":false},"product_brand":[],"product_cat":[1221],"product_tag":[],"class_list":{"0":"post-105316","1":"product","2":"type-product","3":"status-publish","4":"has-post-thumbnail","6":"product_cat-alcad-mep-de","8":"first","9":"instock","10":"downloadable","11":"virtual","12":"purchasable","13":"product-type-simple"},"acf":[],"yoast_head":"<!-- This site is optimized with the Yoast SEO plugin v27.3 - https:\/\/yoast.com\/product\/yoast-seo-wordpress\/ -->\n<title>ALCAD Professional 2D\/3D mit allen 2D &amp; 3D MEP Plugins - Jahreslizenz - Alcads<\/title>\n<meta name=\"description\" content=\"Erweitern Sie Ihre CAD-F\u00e4higkeiten mit ALCAD Professional 2D\/3D. Enth\u00e4lt vollst\u00e4ndige MEP-Plugins, \u00fcber 1.000 Symbole, BIM-Import und erweiterte Rendering-Tools. Jahreslizenz f\u00fcr 499 \u20ac. Jetzt kaufen!\" \/>\n<meta name=\"robots\" content=\"index, follow, max-snippet:-1, max-image-preview:large, max-video-preview:-1\" \/>\n<link rel=\"canonical\" href=\"https:\/\/alcads.com\/de\/product\/alcad-professional-mep-2d-3d\/\" \/>\n<meta property=\"og:locale\" content=\"de_DE\" \/>\n<meta property=\"og:type\" content=\"article\" \/>\n<meta property=\"og:title\" content=\"ALCAD Professional 2D\/3D mit allen 2D &amp; 3D MEP Plugins - Jahreslizenz - Alcads\" \/>\n<meta property=\"og:description\" content=\"Erweitern Sie Ihre CAD-F\u00e4higkeiten mit ALCAD Professional 2D\/3D. Enth\u00e4lt vollst\u00e4ndige MEP-Plugins, \u00fcber 1.000 Symbole, BIM-Import und erweiterte Rendering-Tools. Jahreslizenz f\u00fcr 499 \u20ac. Jetzt kaufen!\" \/>\n<meta property=\"og:url\" content=\"https:\/\/alcads.com\/de\/product\/alcad-professional-mep-2d-3d\/\" \/>\n<meta property=\"og:site_name\" content=\"Alcads\" \/>\n<meta property=\"article:modified_time\" content=\"2025-12-02T06:13:23+00:00\" \/>\n<meta property=\"og:image\" content=\"https:\/\/alcads.com\/wp-content\/uploads\/2024\/05\/mep-2d-3d-1.png\" \/>\n\t<meta property=\"og:image:width\" content=\"550\" \/>\n\t<meta property=\"og:image:height\" content=\"429\" \/>\n\t<meta property=\"og:image:type\" content=\"image\/png\" \/>\n<meta name=\"twitter:card\" content=\"summary_large_image\" \/>\n<meta name=\"twitter:label1\" content=\"Gesch\u00e4tzte Lesezeit\" \/>\n\t<meta name=\"twitter:data1\" content=\"1\u00a0Minute\" \/>\n<script type=\"application\/ld+json\" class=\"yoast-schema-graph\">{\"@context\":\"https:\\\/\\\/schema.org\",\"@graph\":[{\"@type\":\"WebPage\",\"@id\":\"https:\\\/\\\/alcads.com\\\/de\\\/product\\\/alcad-professional-mep-2d-3d\\\/\",\"url\":\"https:\\\/\\\/alcads.com\\\/de\\\/product\\\/alcad-professional-mep-2d-3d\\\/\",\"name\":\"ALCAD Professional 2D\\\/3D mit allen 2D &amp; 3D MEP Plugins - Jahreslizenz - Alcads\",\"isPartOf\":{\"@id\":\"https:\\\/\\\/alcads.com\\\/de\\\/#website\"},\"primaryImageOfPage\":{\"@id\":\"https:\\\/\\\/alcads.com\\\/de\\\/product\\\/alcad-professional-mep-2d-3d\\\/#primaryimage\"},\"image\":{\"@id\":\"https:\\\/\\\/alcads.com\\\/de\\\/product\\\/alcad-professional-mep-2d-3d\\\/#primaryimage\"},\"thumbnailUrl\":\"https:\\\/\\\/alcads.com\\\/wp-content\\\/uploads\\\/2024\\\/05\\\/mep-2d-3d-1.png\",\"datePublished\":\"2024-05-01T07:23:12+00:00\",\"dateModified\":\"2025-12-02T06:13:23+00:00\",\"description\":\"Erweitern Sie Ihre CAD-F\u00e4higkeiten mit ALCAD Professional 2D\\\/3D. Enth\u00e4lt vollst\u00e4ndige MEP-Plugins, \u00fcber 1.000 Symbole, BIM-Import und erweiterte Rendering-Tools. Jahreslizenz f\u00fcr 499 \u20ac. Jetzt kaufen!\",\"breadcrumb\":{\"@id\":\"https:\\\/\\\/alcads.com\\\/de\\\/product\\\/alcad-professional-mep-2d-3d\\\/#breadcrumb\"},\"inLanguage\":\"de\",\"potentialAction\":[{\"@type\":\"ReadAction\",\"target\":[\"https:\\\/\\\/alcads.com\\\/de\\\/product\\\/alcad-professional-mep-2d-3d\\\/\"]}]},{\"@type\":\"ImageObject\",\"inLanguage\":\"de\",\"@id\":\"https:\\\/\\\/alcads.com\\\/de\\\/product\\\/alcad-professional-mep-2d-3d\\\/#primaryimage\",\"url\":\"https:\\\/\\\/alcads.com\\\/wp-content\\\/uploads\\\/2024\\\/05\\\/mep-2d-3d-1.png\",\"contentUrl\":\"https:\\\/\\\/alcads.com\\\/wp-content\\\/uploads\\\/2024\\\/05\\\/mep-2d-3d-1.png\",\"width\":550,\"height\":429,\"caption\":\"2D & 3D MEP Plugins\"},{\"@type\":\"BreadcrumbList\",\"@id\":\"https:\\\/\\\/alcads.com\\\/de\\\/product\\\/alcad-professional-mep-2d-3d\\\/#breadcrumb\",\"itemListElement\":[{\"@type\":\"ListItem\",\"position\":1,\"name\":\"Home\",\"item\":\"https:\\\/\\\/alcads.com\\\/de\\\/\"},{\"@type\":\"ListItem\",\"position\":2,\"name\":\"Shop\",\"item\":\"https:\\\/\\\/alcads.com\\\/de\\\/store\\\/\"},{\"@type\":\"ListItem\",\"position\":3,\"name\":\"ALCAD Professional 2D\\\/3D mit allen 2D &amp; 3D MEP Plugins &#8211; Jahreslizenz\"}]},{\"@type\":\"WebSite\",\"@id\":\"https:\\\/\\\/alcads.com\\\/de\\\/#website\",\"url\":\"https:\\\/\\\/alcads.com\\\/de\\\/\",\"name\":\"Alcads\",\"description\":\"The Best AutoCAD Alternative\",\"publisher\":{\"@id\":\"https:\\\/\\\/alcads.com\\\/de\\\/#organization\"},\"potentialAction\":[{\"@type\":\"SearchAction\",\"target\":{\"@type\":\"EntryPoint\",\"urlTemplate\":\"https:\\\/\\\/alcads.com\\\/de\\\/?s={search_term_string}\"},\"query-input\":{\"@type\":\"PropertyValueSpecification\",\"valueRequired\":true,\"valueName\":\"search_term_string\"}}],\"inLanguage\":\"de\"},{\"@type\":\"Organization\",\"@id\":\"https:\\\/\\\/alcads.com\\\/de\\\/#organization\",\"name\":\"Alcads\",\"url\":\"https:\\\/\\\/alcads.com\\\/de\\\/\",\"logo\":{\"@type\":\"ImageObject\",\"inLanguage\":\"de\",\"@id\":\"https:\\\/\\\/alcads.com\\\/de\\\/#\\\/schema\\\/logo\\\/image\\\/\",\"url\":\"https:\\\/\\\/alcads.com\\\/wp-content\\\/uploads\\\/2024\\\/05\\\/logo.png\",\"contentUrl\":\"https:\\\/\\\/alcads.com\\\/wp-content\\\/uploads\\\/2024\\\/05\\\/logo.png\",\"width\":122,\"height\":42,\"caption\":\"Alcads\"},\"image\":{\"@id\":\"https:\\\/\\\/alcads.com\\\/de\\\/#\\\/schema\\\/logo\\\/image\\\/\"}}]}<\/script>\n<!-- \/ Yoast SEO plugin. -->","yoast_head_json":{"title":"ALCAD Professional 2D\/3D mit allen 2D &amp; 3D MEP Plugins - Jahreslizenz - Alcads","description":"Erweitern Sie Ihre CAD-F\u00e4higkeiten mit ALCAD Professional 2D\/3D. Enth\u00e4lt vollst\u00e4ndige MEP-Plugins, \u00fcber 1.000 Symbole, BIM-Import und erweiterte Rendering-Tools. Jahreslizenz f\u00fcr 499 \u20ac. Jetzt kaufen!","robots":{"index":"index","follow":"follow","max-snippet":"max-snippet:-1","max-image-preview":"max-image-preview:large","max-video-preview":"max-video-preview:-1"},"canonical":"https:\/\/alcads.com\/de\/product\/alcad-professional-mep-2d-3d\/","og_locale":"de_DE","og_type":"article","og_title":"ALCAD Professional 2D\/3D mit allen 2D &amp; 3D MEP Plugins - Jahreslizenz - Alcads","og_description":"Erweitern Sie Ihre CAD-F\u00e4higkeiten mit ALCAD Professional 2D\/3D. Enth\u00e4lt vollst\u00e4ndige MEP-Plugins, \u00fcber 1.000 Symbole, BIM-Import und erweiterte Rendering-Tools. Jahreslizenz f\u00fcr 499 \u20ac. Jetzt kaufen!","og_url":"https:\/\/alcads.com\/de\/product\/alcad-professional-mep-2d-3d\/","og_site_name":"Alcads","article_modified_time":"2025-12-02T06:13:23+00:00","og_image":[{"width":550,"height":429,"url":"https:\/\/alcads.com\/wp-content\/uploads\/2024\/05\/mep-2d-3d-1.png","type":"image\/png"}],"twitter_card":"summary_large_image","twitter_misc":{"Gesch\u00e4tzte Lesezeit":"1\u00a0Minute"},"schema":{"@context":"https:\/\/schema.org","@graph":[{"@type":"WebPage","@id":"https:\/\/alcads.com\/de\/product\/alcad-professional-mep-2d-3d\/","url":"https:\/\/alcads.com\/de\/product\/alcad-professional-mep-2d-3d\/","name":"ALCAD Professional 2D\/3D mit allen 2D &amp; 3D MEP Plugins - Jahreslizenz - Alcads","isPartOf":{"@id":"https:\/\/alcads.com\/de\/#website"},"primaryImageOfPage":{"@id":"https:\/\/alcads.com\/de\/product\/alcad-professional-mep-2d-3d\/#primaryimage"},"image":{"@id":"https:\/\/alcads.com\/de\/product\/alcad-professional-mep-2d-3d\/#primaryimage"},"thumbnailUrl":"https:\/\/alcads.com\/wp-content\/uploads\/2024\/05\/mep-2d-3d-1.png","datePublished":"2024-05-01T07:23:12+00:00","dateModified":"2025-12-02T06:13:23+00:00","description":"Erweitern Sie Ihre CAD-F\u00e4higkeiten mit ALCAD Professional 2D\/3D. Enth\u00e4lt vollst\u00e4ndige MEP-Plugins, \u00fcber 1.000 Symbole, BIM-Import und erweiterte Rendering-Tools. Jahreslizenz f\u00fcr 499 \u20ac. Jetzt kaufen!","breadcrumb":{"@id":"https:\/\/alcads.com\/de\/product\/alcad-professional-mep-2d-3d\/#breadcrumb"},"inLanguage":"de","potentialAction":[{"@type":"ReadAction","target":["https:\/\/alcads.com\/de\/product\/alcad-professional-mep-2d-3d\/"]}]},{"@type":"ImageObject","inLanguage":"de","@id":"https:\/\/alcads.com\/de\/product\/alcad-professional-mep-2d-3d\/#primaryimage","url":"https:\/\/alcads.com\/wp-content\/uploads\/2024\/05\/mep-2d-3d-1.png","contentUrl":"https:\/\/alcads.com\/wp-content\/uploads\/2024\/05\/mep-2d-3d-1.png","width":550,"height":429,"caption":"2D & 3D MEP Plugins"},{"@type":"BreadcrumbList","@id":"https:\/\/alcads.com\/de\/product\/alcad-professional-mep-2d-3d\/#breadcrumb","itemListElement":[{"@type":"ListItem","position":1,"name":"Home","item":"https:\/\/alcads.com\/de\/"},{"@type":"ListItem","position":2,"name":"Shop","item":"https:\/\/alcads.com\/de\/store\/"},{"@type":"ListItem","position":3,"name":"ALCAD Professional 2D\/3D mit allen 2D &amp; 3D MEP Plugins &#8211; Jahreslizenz"}]},{"@type":"WebSite","@id":"https:\/\/alcads.com\/de\/#website","url":"https:\/\/alcads.com\/de\/","name":"Alcads","description":"The Best AutoCAD Alternative","publisher":{"@id":"https:\/\/alcads.com\/de\/#organization"},"potentialAction":[{"@type":"SearchAction","target":{"@type":"EntryPoint","urlTemplate":"https:\/\/alcads.com\/de\/?s={search_term_string}"},"query-input":{"@type":"PropertyValueSpecification","valueRequired":true,"valueName":"search_term_string"}}],"inLanguage":"de"},{"@type":"Organization","@id":"https:\/\/alcads.com\/de\/#organization","name":"Alcads","url":"https:\/\/alcads.com\/de\/","logo":{"@type":"ImageObject","inLanguage":"de","@id":"https:\/\/alcads.com\/de\/#\/schema\/logo\/image\/","url":"https:\/\/alcads.com\/wp-content\/uploads\/2024\/05\/logo.png","contentUrl":"https:\/\/alcads.com\/wp-content\/uploads\/2024\/05\/logo.png","width":122,"height":42,"caption":"Alcads"},"image":{"@id":"https:\/\/alcads.com\/de\/#\/schema\/logo\/image\/"}}]}},"jetpack_sharing_enabled":true,"_links":{"self":[{"href":"https:\/\/alcads.com\/de\/wp-json\/wp\/v2\/product\/105316","targetHints":{"allow":["GET"]}}],"collection":[{"href":"https:\/\/alcads.com\/de\/wp-json\/wp\/v2\/product"}],"about":[{"href":"https:\/\/alcads.com\/de\/wp-json\/wp\/v2\/types\/product"}],"replies":[{"embeddable":true,"href":"https:\/\/alcads.com\/de\/wp-json\/wp\/v2\/comments?post=105316"}],"wp:featuredmedia":[{"embeddable":true,"href":"https:\/\/alcads.com\/de\/wp-json\/wp\/v2\/media\/108825"}],"wp:attachment":[{"href":"https:\/\/alcads.com\/de\/wp-json\/wp\/v2\/media?parent=105316"}],"wp:term":[{"taxonomy":"product_brand","embeddable":true,"href":"https:\/\/alcads.com\/de\/wp-json\/wp\/v2\/product_brand?post=105316"},{"taxonomy":"product_cat","embeddable":true,"href":"https:\/\/alcads.com\/de\/wp-json\/wp\/v2\/product_cat?post=105316"},{"taxonomy":"product_tag","embeddable":true,"href":"https:\/\/alcads.com\/de\/wp-json\/wp\/v2\/product_tag?post=105316"}],"curies":[{"name":"wp","href":"https:\/\/api.w.org\/{rel}","templated":true}]}}