{"id":105289,"date":"2024-05-01T10:06:00","date_gmt":"2024-05-01T10:06:00","guid":{"rendered":"https:\/\/dev.alcads.com\/product\/alcad-professional\/"},"modified":"2025-12-03T04:22:16","modified_gmt":"2025-12-03T04:22:16","slug":"alcad-professional","status":"publish","type":"product","link":"https:\/\/alcads.com\/de\/product\/alcad-professional\/","title":{"rendered":"ALCAD Professional 2026"},"content":{"rendered":"<p>ALCAD 2D\/3D ist die beste AutoCAD Alternative. Gleiche Oberfl\u00e4che und Funktionen wie AutoCAD.<\/p>\n<p>Dieses Produkt enth\u00e4lt nur das CAD.<\/p>\n<p>Vergleichstabelle ALCAD mit AutoCAD hier:<\/p>\n<p><a href=\"https:\/\/alcads.com\/de\/compare-alcad\/\" target=\"_blank\" rel=\"noopener\">ALCAD vergleichen | ALCAD (alcads.com)<\/a><\/p>\n<p><strong>ALCAD &#8211; das vollst\u00e4ndig kompatible DWG-CAD<br \/>\nCAD-Schnittstelle und Funktionen wie bei AutoCAD.<\/strong><\/p>\n<p>ALCAD Professional 2026 ist als Jahreslizenz f\u00fcr 269\u20ac oder als einmalige Dauerlizenz f\u00fcr 429\u20ac erh\u00e4ltlich.<\/p>\n<ul>\n<li>DWG 2026 Unterst\u00fctzung<\/li>\n<li>Geolokalisierung MAP-Import<\/li>\n<li>PDF zu DWG Import<\/li>\n<li>LAYER-Manager<\/li>\n<li>XREF-Manager<\/li>\n<li>3D Architektur<\/li>\n<li>Vollst\u00e4ndige 2D- und 3D-Werkzeuge<\/li>\n<li>Unterst\u00fctzung von Rasterbildern<\/li>\n<li>BIM-Anhang (rvt &amp; rfa)<\/li>\n<li>Neue dynamische Eingabe<\/li>\n<li>Geografische Karte Standort und Bild<\/li>\n<li>Digitale Signaturen hinzuf\u00fcgen<\/li>\n<li>Skizzenmodi &amp; Auswahl Griffe<\/li>\n<li>2D- und 3D-PDF-Export<\/li>\n<li>LISP, IRX\/DRX, SDS<\/li>\n<li>Neue visuelle Stile und Materialien<\/li>\n<li>Realistisches Rendering<\/li>\n<li>Erweitertes Rendering-Zusatzmodul<\/li>\n<li>Microsoft VBA 7.1 &amp; .NET API<\/li>\n<li>etransmit Unterst\u00fctzung<\/li>\n<li>Textexplosion und Farbverlaufsschraffur<\/li>\n<li>64-Bit-Architektur<\/li>\n<li>Multi-Core-Unterst\u00fctzung<\/li>\n<li>Mehrsprachige Unterst\u00fctzung<\/li>\n<li>Flexible Lizenz\u00fcbertragung per Selbstbedienung. Keine Beschr\u00e4nkungen f\u00fcr \u00dcberweisungen.<\/li>\n<li>(*) F\u00fcr 2D\/3D MEP w\u00e4hlen Sie ALCAD Professional 2D\/3D mit allen MEP Plugins<\/li>\n<\/ul>\n","protected":false},"excerpt":{"rendered":"<p>ALCAD 2D\/3D ist die beste AutoCAD Alternative. Gleiche Oberfl\u00e4che und Funktionen wie AutoCAD. Dieses Produkt enth\u00e4lt nur das CAD. Vergleichstabelle ALCAD mit AutoCAD hier: ALCAD vergleichen | ALCAD (alcads.com) ALCAD &#8211; das vollst\u00e4ndig kompatible DWG-CAD CAD-Schnittstelle und Funktionen wie bei AutoCAD. ALCAD Professional 2026 ist als Jahreslizenz f\u00fcr 269\u20ac oder als einmalige Dauerlizenz f\u00fcr 429\u20ac [&hellip;]<\/p>\n","protected":false},"featured_media":116443,"comment_status":"closed","ping_status":"closed","template":"","meta":{"_acf_changed":false},"product_brand":[],"product_cat":[543],"product_tag":[],"class_list":{"0":"post-105289","1":"product","2":"type-product","3":"status-publish","4":"has-post-thumbnail","6":"product_cat-alcad-bundel","8":"first","9":"instock","10":"purchasable","11":"product-type-variable","12":"has-default-attributes"},"acf":[],"yoast_head":"<!-- This site is optimized with the Yoast SEO plugin v27.3 - https:\/\/yoast.com\/product\/yoast-seo-wordpress\/ -->\n<title>ALCAD Professional 2026 - Alcads<\/title>\n<meta name=\"description\" content=\"Holen Sie sich ALCAD Professional, die kosteng\u00fcnstige AutoCAD-Alternative. Profitieren Sie von DWG-Unterst\u00fctzung, BIM-Anh\u00e4ngen, 2D-\/3D-Tools und mehr. W\u00e4hlen Sie Jahreslizenzen (199 \u20ac) oder Dauerlizenzen (349 \u20ac). Jetzt kaufen!\" \/>\n<meta name=\"robots\" content=\"index, follow, max-snippet:-1, max-image-preview:large, max-video-preview:-1\" \/>\n<link rel=\"canonical\" href=\"https:\/\/alcads.com\/de\/product\/alcad-professional\/\" \/>\n<meta property=\"og:locale\" content=\"de_DE\" \/>\n<meta property=\"og:type\" content=\"article\" \/>\n<meta property=\"og:title\" content=\"ALCAD Professional 2026 - Alcads\" \/>\n<meta property=\"og:description\" content=\"Holen Sie sich ALCAD Professional, die kosteng\u00fcnstige AutoCAD-Alternative. Profitieren Sie von DWG-Unterst\u00fctzung, BIM-Anh\u00e4ngen, 2D-\/3D-Tools und mehr. W\u00e4hlen Sie Jahreslizenzen (199 \u20ac) oder Dauerlizenzen (349 \u20ac). Jetzt kaufen!\" \/>\n<meta property=\"og:url\" content=\"https:\/\/alcads.com\/de\/product\/alcad-professional\/\" \/>\n<meta property=\"og:site_name\" content=\"Alcads\" \/>\n<meta property=\"article:modified_time\" content=\"2025-12-03T04:22:16+00:00\" \/>\n<meta property=\"og:image\" content=\"https:\/\/alcads.com\/wp-content\/uploads\/Box_Professional-1-1024x1024.png\" \/>\n\t<meta property=\"og:image:width\" content=\"1024\" \/>\n\t<meta property=\"og:image:height\" content=\"1024\" \/>\n\t<meta property=\"og:image:type\" content=\"image\/png\" \/>\n<meta name=\"twitter:card\" content=\"summary_large_image\" \/>\n<meta name=\"twitter:label1\" content=\"Gesch\u00e4tzte Lesezeit\" \/>\n\t<meta name=\"twitter:data1\" content=\"1\u00a0Minute\" \/>\n<script type=\"application\/ld+json\" class=\"yoast-schema-graph\">{\"@context\":\"https:\\\/\\\/schema.org\",\"@graph\":[{\"@type\":\"WebPage\",\"@id\":\"https:\\\/\\\/alcads.com\\\/de\\\/product\\\/alcad-professional\\\/\",\"url\":\"https:\\\/\\\/alcads.com\\\/de\\\/product\\\/alcad-professional\\\/\",\"name\":\"ALCAD Professional 2026 - Alcads\",\"isPartOf\":{\"@id\":\"https:\\\/\\\/alcads.com\\\/de\\\/#website\"},\"primaryImageOfPage\":{\"@id\":\"https:\\\/\\\/alcads.com\\\/de\\\/product\\\/alcad-professional\\\/#primaryimage\"},\"image\":{\"@id\":\"https:\\\/\\\/alcads.com\\\/de\\\/product\\\/alcad-professional\\\/#primaryimage\"},\"thumbnailUrl\":\"https:\\\/\\\/alcads.com\\\/wp-content\\\/uploads\\\/Box_Professional-600x600-1-1.png\",\"datePublished\":\"2024-05-01T10:06:00+00:00\",\"dateModified\":\"2025-12-03T04:22:16+00:00\",\"description\":\"Holen Sie sich ALCAD Professional, die kosteng\u00fcnstige AutoCAD-Alternative. Profitieren Sie von DWG-Unterst\u00fctzung, BIM-Anh\u00e4ngen, 2D-\\\/3D-Tools und mehr. W\u00e4hlen Sie Jahreslizenzen (199 \u20ac) oder Dauerlizenzen (349 \u20ac). Jetzt kaufen!\",\"breadcrumb\":{\"@id\":\"https:\\\/\\\/alcads.com\\\/de\\\/product\\\/alcad-professional\\\/#breadcrumb\"},\"inLanguage\":\"de\",\"potentialAction\":[{\"@type\":\"ReadAction\",\"target\":[\"https:\\\/\\\/alcads.com\\\/de\\\/product\\\/alcad-professional\\\/\"]}]},{\"@type\":\"ImageObject\",\"inLanguage\":\"de\",\"@id\":\"https:\\\/\\\/alcads.com\\\/de\\\/product\\\/alcad-professional\\\/#primaryimage\",\"url\":\"https:\\\/\\\/alcads.com\\\/wp-content\\\/uploads\\\/Box_Professional-600x600-1-1.png\",\"contentUrl\":\"https:\\\/\\\/alcads.com\\\/wp-content\\\/uploads\\\/Box_Professional-600x600-1-1.png\",\"width\":2048,\"height\":2048},{\"@type\":\"BreadcrumbList\",\"@id\":\"https:\\\/\\\/alcads.com\\\/de\\\/product\\\/alcad-professional\\\/#breadcrumb\",\"itemListElement\":[{\"@type\":\"ListItem\",\"position\":1,\"name\":\"Home\",\"item\":\"https:\\\/\\\/alcads.com\\\/de\\\/\"},{\"@type\":\"ListItem\",\"position\":2,\"name\":\"Shop\",\"item\":\"https:\\\/\\\/alcads.com\\\/de\\\/store\\\/\"},{\"@type\":\"ListItem\",\"position\":3,\"name\":\"ALCAD Professional 2026\"}]},{\"@type\":\"WebSite\",\"@id\":\"https:\\\/\\\/alcads.com\\\/de\\\/#website\",\"url\":\"https:\\\/\\\/alcads.com\\\/de\\\/\",\"name\":\"Alcads\",\"description\":\"The Best AutoCAD Alternative\",\"publisher\":{\"@id\":\"https:\\\/\\\/alcads.com\\\/de\\\/#organization\"},\"potentialAction\":[{\"@type\":\"SearchAction\",\"target\":{\"@type\":\"EntryPoint\",\"urlTemplate\":\"https:\\\/\\\/alcads.com\\\/de\\\/?s={search_term_string}\"},\"query-input\":{\"@type\":\"PropertyValueSpecification\",\"valueRequired\":true,\"valueName\":\"search_term_string\"}}],\"inLanguage\":\"de\"},{\"@type\":\"Organization\",\"@id\":\"https:\\\/\\\/alcads.com\\\/de\\\/#organization\",\"name\":\"Alcads\",\"url\":\"https:\\\/\\\/alcads.com\\\/de\\\/\",\"logo\":{\"@type\":\"ImageObject\",\"inLanguage\":\"de\",\"@id\":\"https:\\\/\\\/alcads.com\\\/de\\\/#\\\/schema\\\/logo\\\/image\\\/\",\"url\":\"https:\\\/\\\/alcads.com\\\/wp-content\\\/uploads\\\/2024\\\/05\\\/logo.png\",\"contentUrl\":\"https:\\\/\\\/alcads.com\\\/wp-content\\\/uploads\\\/2024\\\/05\\\/logo.png\",\"width\":122,\"height\":42,\"caption\":\"Alcads\"},\"image\":{\"@id\":\"https:\\\/\\\/alcads.com\\\/de\\\/#\\\/schema\\\/logo\\\/image\\\/\"}}]}<\/script>\n<!-- \/ Yoast SEO plugin. -->","yoast_head_json":{"title":"ALCAD Professional 2026 - Alcads","description":"Holen Sie sich ALCAD Professional, die kosteng\u00fcnstige AutoCAD-Alternative. Profitieren Sie von DWG-Unterst\u00fctzung, BIM-Anh\u00e4ngen, 2D-\/3D-Tools und mehr. W\u00e4hlen Sie Jahreslizenzen (199 \u20ac) oder Dauerlizenzen (349 \u20ac). Jetzt kaufen!","robots":{"index":"index","follow":"follow","max-snippet":"max-snippet:-1","max-image-preview":"max-image-preview:large","max-video-preview":"max-video-preview:-1"},"canonical":"https:\/\/alcads.com\/de\/product\/alcad-professional\/","og_locale":"de_DE","og_type":"article","og_title":"ALCAD Professional 2026 - Alcads","og_description":"Holen Sie sich ALCAD Professional, die kosteng\u00fcnstige AutoCAD-Alternative. Profitieren Sie von DWG-Unterst\u00fctzung, BIM-Anh\u00e4ngen, 2D-\/3D-Tools und mehr. W\u00e4hlen Sie Jahreslizenzen (199 \u20ac) oder Dauerlizenzen (349 \u20ac). Jetzt kaufen!","og_url":"https:\/\/alcads.com\/de\/product\/alcad-professional\/","og_site_name":"Alcads","article_modified_time":"2025-12-03T04:22:16+00:00","og_image":[{"width":1024,"height":1024,"url":"https:\/\/alcads.com\/wp-content\/uploads\/Box_Professional-1-1024x1024.png","type":"image\/png"}],"twitter_card":"summary_large_image","twitter_misc":{"Gesch\u00e4tzte Lesezeit":"1\u00a0Minute"},"schema":{"@context":"https:\/\/schema.org","@graph":[{"@type":"WebPage","@id":"https:\/\/alcads.com\/de\/product\/alcad-professional\/","url":"https:\/\/alcads.com\/de\/product\/alcad-professional\/","name":"ALCAD Professional 2026 - Alcads","isPartOf":{"@id":"https:\/\/alcads.com\/de\/#website"},"primaryImageOfPage":{"@id":"https:\/\/alcads.com\/de\/product\/alcad-professional\/#primaryimage"},"image":{"@id":"https:\/\/alcads.com\/de\/product\/alcad-professional\/#primaryimage"},"thumbnailUrl":"https:\/\/alcads.com\/wp-content\/uploads\/Box_Professional-600x600-1-1.png","datePublished":"2024-05-01T10:06:00+00:00","dateModified":"2025-12-03T04:22:16+00:00","description":"Holen Sie sich ALCAD Professional, die kosteng\u00fcnstige AutoCAD-Alternative. Profitieren Sie von DWG-Unterst\u00fctzung, BIM-Anh\u00e4ngen, 2D-\/3D-Tools und mehr. W\u00e4hlen Sie Jahreslizenzen (199 \u20ac) oder Dauerlizenzen (349 \u20ac). Jetzt kaufen!","breadcrumb":{"@id":"https:\/\/alcads.com\/de\/product\/alcad-professional\/#breadcrumb"},"inLanguage":"de","potentialAction":[{"@type":"ReadAction","target":["https:\/\/alcads.com\/de\/product\/alcad-professional\/"]}]},{"@type":"ImageObject","inLanguage":"de","@id":"https:\/\/alcads.com\/de\/product\/alcad-professional\/#primaryimage","url":"https:\/\/alcads.com\/wp-content\/uploads\/Box_Professional-600x600-1-1.png","contentUrl":"https:\/\/alcads.com\/wp-content\/uploads\/Box_Professional-600x600-1-1.png","width":2048,"height":2048},{"@type":"BreadcrumbList","@id":"https:\/\/alcads.com\/de\/product\/alcad-professional\/#breadcrumb","itemListElement":[{"@type":"ListItem","position":1,"name":"Home","item":"https:\/\/alcads.com\/de\/"},{"@type":"ListItem","position":2,"name":"Shop","item":"https:\/\/alcads.com\/de\/store\/"},{"@type":"ListItem","position":3,"name":"ALCAD Professional 2026"}]},{"@type":"WebSite","@id":"https:\/\/alcads.com\/de\/#website","url":"https:\/\/alcads.com\/de\/","name":"Alcads","description":"The Best AutoCAD Alternative","publisher":{"@id":"https:\/\/alcads.com\/de\/#organization"},"potentialAction":[{"@type":"SearchAction","target":{"@type":"EntryPoint","urlTemplate":"https:\/\/alcads.com\/de\/?s={search_term_string}"},"query-input":{"@type":"PropertyValueSpecification","valueRequired":true,"valueName":"search_term_string"}}],"inLanguage":"de"},{"@type":"Organization","@id":"https:\/\/alcads.com\/de\/#organization","name":"Alcads","url":"https:\/\/alcads.com\/de\/","logo":{"@type":"ImageObject","inLanguage":"de","@id":"https:\/\/alcads.com\/de\/#\/schema\/logo\/image\/","url":"https:\/\/alcads.com\/wp-content\/uploads\/2024\/05\/logo.png","contentUrl":"https:\/\/alcads.com\/wp-content\/uploads\/2024\/05\/logo.png","width":122,"height":42,"caption":"Alcads"},"image":{"@id":"https:\/\/alcads.com\/de\/#\/schema\/logo\/image\/"}}]}},"jetpack_sharing_enabled":true,"_links":{"self":[{"href":"https:\/\/alcads.com\/de\/wp-json\/wp\/v2\/product\/105289","targetHints":{"allow":["GET"]}}],"collection":[{"href":"https:\/\/alcads.com\/de\/wp-json\/wp\/v2\/product"}],"about":[{"href":"https:\/\/alcads.com\/de\/wp-json\/wp\/v2\/types\/product"}],"replies":[{"embeddable":true,"href":"https:\/\/alcads.com\/de\/wp-json\/wp\/v2\/comments?post=105289"}],"wp:featuredmedia":[{"embeddable":true,"href":"https:\/\/alcads.com\/de\/wp-json\/wp\/v2\/media\/116443"}],"wp:attachment":[{"href":"https:\/\/alcads.com\/de\/wp-json\/wp\/v2\/media?parent=105289"}],"wp:term":[{"taxonomy":"product_brand","embeddable":true,"href":"https:\/\/alcads.com\/de\/wp-json\/wp\/v2\/product_brand?post=105289"},{"taxonomy":"product_cat","embeddable":true,"href":"https:\/\/alcads.com\/de\/wp-json\/wp\/v2\/product_cat?post=105289"},{"taxonomy":"product_tag","embeddable":true,"href":"https:\/\/alcads.com\/de\/wp-json\/wp\/v2\/product_tag?post=105289"}],"curies":[{"name":"wp","href":"https:\/\/api.w.org\/{rel}","templated":true}]}}