{"id":97321,"date":"2024-04-23T07:13:05","date_gmt":"2024-04-23T07:13:05","guid":{"rendered":"https:\/\/dev.alcads.com\/contact-us\/"},"modified":"2025-11-12T15:24:18","modified_gmt":"2025-11-12T15:24:18","slug":"kontakt-uns","status":"publish","type":"page","link":"https:\/\/alcads.com\/de\/kontakt-uns\/","title":{"rendered":"Kontaktieren Sie uns"},"content":{"rendered":"","protected":false},"excerpt":{"rendered":"","protected":false},"author":1,"featured_media":0,"parent":0,"menu_order":0,"comment_status":"closed","ping_status":"closed","template":"page-template\/contact-us.php","meta":{"_acf_changed":false,"footnotes":""},"class_list":["post-97321","page","type-page","status-publish","hentry"],"acf":[],"yoast_head":"<!-- This site is optimized with the Yoast SEO plugin v27.3 - https:\/\/yoast.com\/product\/yoast-seo-wordpress\/ -->\n<title>Kontaktieren Sie uns f\u00fcr Support oder Angebotsanfragen | Alcads.com<\/title>\n<meta name=\"description\" content=\"Setzen Sie sich mit ALCADS in Verbindung, um au\u00dfergew\u00f6hnliche Unterst\u00fctzung und Angebote zu erhalten. Unser Team ist f\u00fcr Sie da, wenn Sie CAD-Software ben\u00f6tigen\" \/>\n<meta name=\"robots\" content=\"index, follow, max-snippet:-1, max-image-preview:large, max-video-preview:-1\" \/>\n<link rel=\"canonical\" href=\"https:\/\/alcads.com\/de\/kontakt-uns\/\" \/>\n<meta property=\"og:locale\" content=\"de_DE\" \/>\n<meta property=\"og:type\" content=\"article\" \/>\n<meta property=\"og:title\" content=\"Kontaktieren Sie uns f\u00fcr Support oder Angebotsanfragen | Alcads.com\" \/>\n<meta property=\"og:description\" content=\"Setzen Sie sich mit ALCADS in Verbindung, um au\u00dfergew\u00f6hnliche Unterst\u00fctzung und Angebote zu erhalten. Unser Team ist f\u00fcr Sie da, wenn Sie CAD-Software ben\u00f6tigen\" \/>\n<meta property=\"og:url\" content=\"https:\/\/alcads.com\/de\/kontakt-uns\/\" \/>\n<meta property=\"og:site_name\" content=\"Alcads\" \/>\n<meta property=\"article:modified_time\" content=\"2025-11-12T15:24:18+00:00\" \/>\n<meta name=\"twitter:card\" content=\"summary_large_image\" \/>\n<script type=\"application\/ld+json\" class=\"yoast-schema-graph\">{\"@context\":\"https:\\\/\\\/schema.org\",\"@graph\":[{\"@type\":\"WebPage\",\"@id\":\"https:\\\/\\\/alcads.com\\\/de\\\/kontakt-uns\\\/\",\"url\":\"https:\\\/\\\/alcads.com\\\/de\\\/kontakt-uns\\\/\",\"name\":\"Kontaktieren Sie uns f\u00fcr Support oder Angebotsanfragen | Alcads.com\",\"isPartOf\":{\"@id\":\"https:\\\/\\\/alcads.com\\\/de\\\/#website\"},\"datePublished\":\"2024-04-23T07:13:05+00:00\",\"dateModified\":\"2025-11-12T15:24:18+00:00\",\"description\":\"Setzen Sie sich mit ALCADS in Verbindung, um au\u00dfergew\u00f6hnliche Unterst\u00fctzung und Angebote zu erhalten. Unser Team ist f\u00fcr Sie da, wenn Sie CAD-Software ben\u00f6tigen\",\"breadcrumb\":{\"@id\":\"https:\\\/\\\/alcads.com\\\/de\\\/kontakt-uns\\\/#breadcrumb\"},\"inLanguage\":\"de\",\"potentialAction\":[{\"@type\":\"ReadAction\",\"target\":[\"https:\\\/\\\/alcads.com\\\/de\\\/kontakt-uns\\\/\"]}]},{\"@type\":\"BreadcrumbList\",\"@id\":\"https:\\\/\\\/alcads.com\\\/de\\\/kontakt-uns\\\/#breadcrumb\",\"itemListElement\":[{\"@type\":\"ListItem\",\"position\":1,\"name\":\"Home\",\"item\":\"https:\\\/\\\/alcads.com\\\/de\\\/\"},{\"@type\":\"ListItem\",\"position\":2,\"name\":\"Kontaktieren Sie uns\"}]},{\"@type\":\"WebSite\",\"@id\":\"https:\\\/\\\/alcads.com\\\/de\\\/#website\",\"url\":\"https:\\\/\\\/alcads.com\\\/de\\\/\",\"name\":\"Alcads\",\"description\":\"The Best AutoCAD Alternative\",\"publisher\":{\"@id\":\"https:\\\/\\\/alcads.com\\\/de\\\/#organization\"},\"potentialAction\":[{\"@type\":\"SearchAction\",\"target\":{\"@type\":\"EntryPoint\",\"urlTemplate\":\"https:\\\/\\\/alcads.com\\\/de\\\/?s={search_term_string}\"},\"query-input\":{\"@type\":\"PropertyValueSpecification\",\"valueRequired\":true,\"valueName\":\"search_term_string\"}}],\"inLanguage\":\"de\"},{\"@type\":\"Organization\",\"@id\":\"https:\\\/\\\/alcads.com\\\/de\\\/#organization\",\"name\":\"Alcads\",\"url\":\"https:\\\/\\\/alcads.com\\\/de\\\/\",\"logo\":{\"@type\":\"ImageObject\",\"inLanguage\":\"de\",\"@id\":\"https:\\\/\\\/alcads.com\\\/de\\\/#\\\/schema\\\/logo\\\/image\\\/\",\"url\":\"https:\\\/\\\/alcads.com\\\/wp-content\\\/uploads\\\/2024\\\/05\\\/logo.png\",\"contentUrl\":\"https:\\\/\\\/alcads.com\\\/wp-content\\\/uploads\\\/2024\\\/05\\\/logo.png\",\"width\":122,\"height\":42,\"caption\":\"Alcads\"},\"image\":{\"@id\":\"https:\\\/\\\/alcads.com\\\/de\\\/#\\\/schema\\\/logo\\\/image\\\/\"}}]}<\/script>\n<!-- \/ Yoast SEO plugin. -->","yoast_head_json":{"title":"Kontaktieren Sie uns f\u00fcr Support oder Angebotsanfragen | Alcads.com","description":"Setzen Sie sich mit ALCADS in Verbindung, um au\u00dfergew\u00f6hnliche Unterst\u00fctzung und Angebote zu erhalten. Unser Team ist f\u00fcr Sie da, wenn Sie CAD-Software ben\u00f6tigen","robots":{"index":"index","follow":"follow","max-snippet":"max-snippet:-1","max-image-preview":"max-image-preview:large","max-video-preview":"max-video-preview:-1"},"canonical":"https:\/\/alcads.com\/de\/kontakt-uns\/","og_locale":"de_DE","og_type":"article","og_title":"Kontaktieren Sie uns f\u00fcr Support oder Angebotsanfragen | Alcads.com","og_description":"Setzen Sie sich mit ALCADS in Verbindung, um au\u00dfergew\u00f6hnliche Unterst\u00fctzung und Angebote zu erhalten. Unser Team ist f\u00fcr Sie da, wenn Sie CAD-Software ben\u00f6tigen","og_url":"https:\/\/alcads.com\/de\/kontakt-uns\/","og_site_name":"Alcads","article_modified_time":"2025-11-12T15:24:18+00:00","twitter_card":"summary_large_image","schema":{"@context":"https:\/\/schema.org","@graph":[{"@type":"WebPage","@id":"https:\/\/alcads.com\/de\/kontakt-uns\/","url":"https:\/\/alcads.com\/de\/kontakt-uns\/","name":"Kontaktieren Sie uns f\u00fcr Support oder Angebotsanfragen | Alcads.com","isPartOf":{"@id":"https:\/\/alcads.com\/de\/#website"},"datePublished":"2024-04-23T07:13:05+00:00","dateModified":"2025-11-12T15:24:18+00:00","description":"Setzen Sie sich mit ALCADS in Verbindung, um au\u00dfergew\u00f6hnliche Unterst\u00fctzung und Angebote zu erhalten. Unser Team ist f\u00fcr Sie da, wenn Sie CAD-Software ben\u00f6tigen","breadcrumb":{"@id":"https:\/\/alcads.com\/de\/kontakt-uns\/#breadcrumb"},"inLanguage":"de","potentialAction":[{"@type":"ReadAction","target":["https:\/\/alcads.com\/de\/kontakt-uns\/"]}]},{"@type":"BreadcrumbList","@id":"https:\/\/alcads.com\/de\/kontakt-uns\/#breadcrumb","itemListElement":[{"@type":"ListItem","position":1,"name":"Home","item":"https:\/\/alcads.com\/de\/"},{"@type":"ListItem","position":2,"name":"Kontaktieren Sie uns"}]},{"@type":"WebSite","@id":"https:\/\/alcads.com\/de\/#website","url":"https:\/\/alcads.com\/de\/","name":"Alcads","description":"The Best AutoCAD Alternative","publisher":{"@id":"https:\/\/alcads.com\/de\/#organization"},"potentialAction":[{"@type":"SearchAction","target":{"@type":"EntryPoint","urlTemplate":"https:\/\/alcads.com\/de\/?s={search_term_string}"},"query-input":{"@type":"PropertyValueSpecification","valueRequired":true,"valueName":"search_term_string"}}],"inLanguage":"de"},{"@type":"Organization","@id":"https:\/\/alcads.com\/de\/#organization","name":"Alcads","url":"https:\/\/alcads.com\/de\/","logo":{"@type":"ImageObject","inLanguage":"de","@id":"https:\/\/alcads.com\/de\/#\/schema\/logo\/image\/","url":"https:\/\/alcads.com\/wp-content\/uploads\/2024\/05\/logo.png","contentUrl":"https:\/\/alcads.com\/wp-content\/uploads\/2024\/05\/logo.png","width":122,"height":42,"caption":"Alcads"},"image":{"@id":"https:\/\/alcads.com\/de\/#\/schema\/logo\/image\/"}}]}},"jetpack_sharing_enabled":true,"_links":{"self":[{"href":"https:\/\/alcads.com\/de\/wp-json\/wp\/v2\/pages\/97321","targetHints":{"allow":["GET"]}}],"collection":[{"href":"https:\/\/alcads.com\/de\/wp-json\/wp\/v2\/pages"}],"about":[{"href":"https:\/\/alcads.com\/de\/wp-json\/wp\/v2\/types\/page"}],"author":[{"embeddable":true,"href":"https:\/\/alcads.com\/de\/wp-json\/wp\/v2\/users\/1"}],"replies":[{"embeddable":true,"href":"https:\/\/alcads.com\/de\/wp-json\/wp\/v2\/comments?post=97321"}],"version-history":[{"count":4,"href":"https:\/\/alcads.com\/de\/wp-json\/wp\/v2\/pages\/97321\/revisions"}],"predecessor-version":[{"id":115771,"href":"https:\/\/alcads.com\/de\/wp-json\/wp\/v2\/pages\/97321\/revisions\/115771"}],"wp:attachment":[{"href":"https:\/\/alcads.com\/de\/wp-json\/wp\/v2\/media?parent=97321"}],"curies":[{"name":"wp","href":"https:\/\/api.w.org\/{rel}","templated":true}]}}