{"id":105324,"date":"2024-05-01T07:20:36","date_gmt":"2024-05-01T07:20:36","guid":{"rendered":"https:\/\/dev.alcads.com\/product\/alcad-professional-2d-3d-with-all-2d-mep-plugins\/"},"modified":"2024-12-31T06:34:50","modified_gmt":"2024-12-31T06:34:50","slug":"alcad-professional-mep-2d","status":"publish","type":"product","link":"https:\/\/alcads.com\/cs\/product\/alcad-professional-mep-2d\/","title":{"rendered":"ALCAD Professional 2D\/3D se v\u0161emi 2D MEP pluginy &#8211; ro\u010dn\u00ed licence"},"content":{"rendered":"<p><strong>Ve\u0161ker\u00e9 informace o z\u00e1suvn\u00fdch modulech MEP naleznete zde:<\/strong> <a href=\"https:\/\/alcads.com\/cs\/zasuvne-moduly-mep\/\">https:\/\/alcads.com\/cs\/zasuvne-moduly-mep\/\/<\/a><\/p>\n<h6>ALCAD &#8211; pln\u011b kompatibiln\u00ed DWG-CAD m\u00e1 v sob\u011b zahrnuty z\u00e1suvn\u00e9 moduly ALCAD 2D HVAC + 1 000 symbol\u016f.<\/h6>\n<ul>\n<li>Z\u00e1suvn\u00e9 moduly pro 2D HVAC v aplikaci ALCAD<\/li>\n<li>1&#8217;000 symbol\u016f<\/li>\n<li>Import PDF do DWG<\/li>\n<li>Podpora form\u00e1tu .DWG 2024<\/li>\n<li>Kompletn\u00ed 2D a 3D n\u00e1stroje (*)<\/li>\n<li>Podpora rastrov\u00fdch obr\u00e1zk\u016f<\/li>\n<li>P\u0159ipojen\u00ed BIM (rvt a rfa)<\/li>\n<li>Nov\u00fd dynamick\u00fd vstup<\/li>\n<li>Geografick\u00e1 mapa Poloha a obr\u00e1zek<\/li>\n<li>P\u0159id\u00e1n\u00ed digit\u00e1ln\u00edch podpis\u016f<\/li>\n<li>Re\u017eimy skicov\u00e1n\u00ed a v\u00fdb\u011brov\u00e9 \u00fachyty<\/li>\n<li>2D a 3D export do PDF<\/li>\n<li>LISP, IRX\/DRX, SDS<\/li>\n<li>Nov\u00e9 vizu\u00e1ln\u00ed styly a materi\u00e1ly<\/li>\n<li>Realistick\u00e9 vykreslen\u00ed<\/li>\n<li>Dopln\u011bk pro pokro\u010dil\u00e9 vykreslov\u00e1n\u00ed<\/li>\n<li>Microsoft VBA 7.1 a rozhran\u00ed .NET API<\/li>\n<li>podpora etransmit<\/li>\n<li>Explodov\u00e1n\u00ed textu a gradientn\u00ed \u0161rafov\u00e1n\u00ed<\/li>\n<li>64bitov\u00e1 architektura<\/li>\n<li>Podpora v\u00edce jader<\/li>\n<li>Podpora v\u00edce jazyk\u016f<\/li>\n<li>Flexibiln\u00ed samoobslu\u017en\u00fd p\u0159enos licenc\u00ed. \u017d\u00e1dn\u00e1 omezen\u00ed pro p\u0159evody.<\/li>\n<\/ul>\n<p>pro 3D HVAC\/Plant Plugins, 3D solids, STEP Import\/Export, IFC &amp; Architecture 3D vyberte ALCAD s 2D &amp; 3D MEP Verze MEP je k dispozici pouze jako ro\u010dn\u00ed licence.<\/p>\n","protected":false},"excerpt":{"rendered":"<p>Profesion\u00e1ln\u00ed CAD s jedine\u010dn\u00fdm n\u00e1strojem pro zv\u00fd\u0161en\u00ed produktivity \u0159\u00edzen\u00fdm um\u011blou inteligenc\u00ed.<\/p>\n","protected":false},"featured_media":107899,"comment_status":"closed","ping_status":"closed","template":"","meta":{"_acf_changed":false},"product_brand":[],"product_cat":[1218],"product_tag":[],"class_list":{"0":"post-105324","1":"product","2":"type-product","3":"status-publish","4":"has-post-thumbnail","6":"product_cat-alcad-mep-cs","8":"first","9":"instock","10":"virtual","11":"purchasable","12":"product-type-simple"},"acf":[],"yoast_head":"<!-- This site is optimized with the Yoast SEO plugin v27.3 - https:\/\/yoast.com\/product\/yoast-seo-wordpress\/ -->\n<title>ALCAD Professional 2D\/3D se v\u0161emi 2D MEP pluginy - ro\u010dn\u00ed licence - Alcads<\/title>\n<meta name=\"description\" content=\"ALCAD 2D\/3D CAD s MEP pluginy poskytuje n\u00e1stroje pro HVAC, odvodn\u011bn\u00ed, plynovody a dal\u0161\u00ed. Obsahuje 1 000 symbol\u016f, p\u0159\u00edlohu BIM a podporu DWG 2024. Pouze 399 \u20ac\/rok. Kup te\u010f!\" \/>\n<meta name=\"robots\" content=\"index, follow, max-snippet:-1, max-image-preview:large, max-video-preview:-1\" \/>\n<link rel=\"canonical\" href=\"https:\/\/alcads.com\/cs\/product\/alcad-professional-mep-2d\/\" \/>\n<meta property=\"og:locale\" content=\"cs_CZ\" \/>\n<meta property=\"og:type\" content=\"article\" \/>\n<meta property=\"og:title\" content=\"ALCAD Professional 2D\/3D se v\u0161emi 2D MEP pluginy - ro\u010dn\u00ed licence - Alcads\" \/>\n<meta property=\"og:description\" content=\"ALCAD 2D\/3D CAD s MEP pluginy poskytuje n\u00e1stroje pro HVAC, odvodn\u011bn\u00ed, plynovody a dal\u0161\u00ed. Obsahuje 1 000 symbol\u016f, p\u0159\u00edlohu BIM a podporu DWG 2024. Pouze 399 \u20ac\/rok. Kup te\u010f!\" \/>\n<meta property=\"og:url\" content=\"https:\/\/alcads.com\/cs\/product\/alcad-professional-mep-2d\/\" \/>\n<meta property=\"og:site_name\" content=\"Alcads\" \/>\n<meta property=\"article:modified_time\" content=\"2024-12-31T06:34:50+00:00\" \/>\n<meta property=\"og:image\" content=\"https:\/\/alcads.com\/wp-content\/uploads\/2024\/05\/compressed_image-92.webp\" \/>\n\t<meta property=\"og:image:width\" content=\"379\" \/>\n\t<meta property=\"og:image:height\" content=\"300\" \/>\n\t<meta property=\"og:image:type\" content=\"image\/webp\" \/>\n<meta name=\"twitter:card\" content=\"summary_large_image\" \/>\n<meta name=\"twitter:label1\" content=\"Odhadovan\u00e1 doba \u010dten\u00ed\" \/>\n\t<meta name=\"twitter:data1\" content=\"1 minuta\" \/>\n<script type=\"application\/ld+json\" class=\"yoast-schema-graph\">{\"@context\":\"https:\\\/\\\/schema.org\",\"@graph\":[{\"@type\":\"WebPage\",\"@id\":\"https:\\\/\\\/alcads.com\\\/cs\\\/product\\\/alcad-professional-mep-2d\\\/\",\"url\":\"https:\\\/\\\/alcads.com\\\/cs\\\/product\\\/alcad-professional-mep-2d\\\/\",\"name\":\"ALCAD Professional 2D\\\/3D se v\u0161emi 2D MEP pluginy - ro\u010dn\u00ed licence - Alcads\",\"isPartOf\":{\"@id\":\"https:\\\/\\\/alcads.com\\\/cs\\\/#website\"},\"primaryImageOfPage\":{\"@id\":\"https:\\\/\\\/alcads.com\\\/cs\\\/product\\\/alcad-professional-mep-2d\\\/#primaryimage\"},\"image\":{\"@id\":\"https:\\\/\\\/alcads.com\\\/cs\\\/product\\\/alcad-professional-mep-2d\\\/#primaryimage\"},\"thumbnailUrl\":\"https:\\\/\\\/alcads.com\\\/wp-content\\\/uploads\\\/2024\\\/05\\\/compressed_image-92.webp\",\"datePublished\":\"2024-05-01T07:20:36+00:00\",\"dateModified\":\"2024-12-31T06:34:50+00:00\",\"description\":\"ALCAD 2D\\\/3D CAD s MEP pluginy poskytuje n\u00e1stroje pro HVAC, odvodn\u011bn\u00ed, plynovody a dal\u0161\u00ed. Obsahuje 1 000 symbol\u016f, p\u0159\u00edlohu BIM a podporu DWG 2024. Pouze 399 \u20ac\\\/rok. Kup te\u010f!\",\"breadcrumb\":{\"@id\":\"https:\\\/\\\/alcads.com\\\/cs\\\/product\\\/alcad-professional-mep-2d\\\/#breadcrumb\"},\"inLanguage\":\"cs\",\"potentialAction\":[{\"@type\":\"ReadAction\",\"target\":[\"https:\\\/\\\/alcads.com\\\/cs\\\/product\\\/alcad-professional-mep-2d\\\/\"]}]},{\"@type\":\"ImageObject\",\"inLanguage\":\"cs\",\"@id\":\"https:\\\/\\\/alcads.com\\\/cs\\\/product\\\/alcad-professional-mep-2d\\\/#primaryimage\",\"url\":\"https:\\\/\\\/alcads.com\\\/wp-content\\\/uploads\\\/2024\\\/05\\\/compressed_image-92.webp\",\"contentUrl\":\"https:\\\/\\\/alcads.com\\\/wp-content\\\/uploads\\\/2024\\\/05\\\/compressed_image-92.webp\",\"width\":379,\"height\":300,\"caption\":\"alcad professional mep 2d 3d\"},{\"@type\":\"BreadcrumbList\",\"@id\":\"https:\\\/\\\/alcads.com\\\/cs\\\/product\\\/alcad-professional-mep-2d\\\/#breadcrumb\",\"itemListElement\":[{\"@type\":\"ListItem\",\"position\":1,\"name\":\"Home\",\"item\":\"https:\\\/\\\/alcads.com\\\/cs\\\/\"},{\"@type\":\"ListItem\",\"position\":2,\"name\":\"Obchod\",\"item\":\"https:\\\/\\\/alcads.com\\\/cs\\\/obchod\\\/\"},{\"@type\":\"ListItem\",\"position\":3,\"name\":\"ALCAD Professional 2D\\\/3D se v\u0161emi 2D MEP pluginy &#8211; ro\u010dn\u00ed licence\"}]},{\"@type\":\"WebSite\",\"@id\":\"https:\\\/\\\/alcads.com\\\/cs\\\/#website\",\"url\":\"https:\\\/\\\/alcads.com\\\/cs\\\/\",\"name\":\"Alcads\",\"description\":\"The Best AutoCAD Alternative\",\"publisher\":{\"@id\":\"https:\\\/\\\/alcads.com\\\/cs\\\/#organization\"},\"potentialAction\":[{\"@type\":\"SearchAction\",\"target\":{\"@type\":\"EntryPoint\",\"urlTemplate\":\"https:\\\/\\\/alcads.com\\\/cs\\\/?s={search_term_string}\"},\"query-input\":{\"@type\":\"PropertyValueSpecification\",\"valueRequired\":true,\"valueName\":\"search_term_string\"}}],\"inLanguage\":\"cs\"},{\"@type\":\"Organization\",\"@id\":\"https:\\\/\\\/alcads.com\\\/cs\\\/#organization\",\"name\":\"Alcads\",\"url\":\"https:\\\/\\\/alcads.com\\\/cs\\\/\",\"logo\":{\"@type\":\"ImageObject\",\"inLanguage\":\"cs\",\"@id\":\"https:\\\/\\\/alcads.com\\\/cs\\\/#\\\/schema\\\/logo\\\/image\\\/\",\"url\":\"https:\\\/\\\/alcads.com\\\/wp-content\\\/uploads\\\/2024\\\/05\\\/logo.png\",\"contentUrl\":\"https:\\\/\\\/alcads.com\\\/wp-content\\\/uploads\\\/2024\\\/05\\\/logo.png\",\"width\":122,\"height\":42,\"caption\":\"Alcads\"},\"image\":{\"@id\":\"https:\\\/\\\/alcads.com\\\/cs\\\/#\\\/schema\\\/logo\\\/image\\\/\"}}]}<\/script>\n<!-- \/ Yoast SEO plugin. -->","yoast_head_json":{"title":"ALCAD Professional 2D\/3D se v\u0161emi 2D MEP pluginy - ro\u010dn\u00ed licence - Alcads","description":"ALCAD 2D\/3D CAD s MEP pluginy poskytuje n\u00e1stroje pro HVAC, odvodn\u011bn\u00ed, plynovody a dal\u0161\u00ed. Obsahuje 1 000 symbol\u016f, p\u0159\u00edlohu BIM a podporu DWG 2024. Pouze 399 \u20ac\/rok. Kup te\u010f!","robots":{"index":"index","follow":"follow","max-snippet":"max-snippet:-1","max-image-preview":"max-image-preview:large","max-video-preview":"max-video-preview:-1"},"canonical":"https:\/\/alcads.com\/cs\/product\/alcad-professional-mep-2d\/","og_locale":"cs_CZ","og_type":"article","og_title":"ALCAD Professional 2D\/3D se v\u0161emi 2D MEP pluginy - ro\u010dn\u00ed licence - Alcads","og_description":"ALCAD 2D\/3D CAD s MEP pluginy poskytuje n\u00e1stroje pro HVAC, odvodn\u011bn\u00ed, plynovody a dal\u0161\u00ed. Obsahuje 1 000 symbol\u016f, p\u0159\u00edlohu BIM a podporu DWG 2024. Pouze 399 \u20ac\/rok. Kup te\u010f!","og_url":"https:\/\/alcads.com\/cs\/product\/alcad-professional-mep-2d\/","og_site_name":"Alcads","article_modified_time":"2024-12-31T06:34:50+00:00","og_image":[{"width":379,"height":300,"url":"https:\/\/alcads.com\/wp-content\/uploads\/2024\/05\/compressed_image-92.webp","type":"image\/webp"}],"twitter_card":"summary_large_image","twitter_misc":{"Odhadovan\u00e1 doba \u010dten\u00ed":"1 minuta"},"schema":{"@context":"https:\/\/schema.org","@graph":[{"@type":"WebPage","@id":"https:\/\/alcads.com\/cs\/product\/alcad-professional-mep-2d\/","url":"https:\/\/alcads.com\/cs\/product\/alcad-professional-mep-2d\/","name":"ALCAD Professional 2D\/3D se v\u0161emi 2D MEP pluginy - ro\u010dn\u00ed licence - Alcads","isPartOf":{"@id":"https:\/\/alcads.com\/cs\/#website"},"primaryImageOfPage":{"@id":"https:\/\/alcads.com\/cs\/product\/alcad-professional-mep-2d\/#primaryimage"},"image":{"@id":"https:\/\/alcads.com\/cs\/product\/alcad-professional-mep-2d\/#primaryimage"},"thumbnailUrl":"https:\/\/alcads.com\/wp-content\/uploads\/2024\/05\/compressed_image-92.webp","datePublished":"2024-05-01T07:20:36+00:00","dateModified":"2024-12-31T06:34:50+00:00","description":"ALCAD 2D\/3D CAD s MEP pluginy poskytuje n\u00e1stroje pro HVAC, odvodn\u011bn\u00ed, plynovody a dal\u0161\u00ed. Obsahuje 1 000 symbol\u016f, p\u0159\u00edlohu BIM a podporu DWG 2024. Pouze 399 \u20ac\/rok. Kup te\u010f!","breadcrumb":{"@id":"https:\/\/alcads.com\/cs\/product\/alcad-professional-mep-2d\/#breadcrumb"},"inLanguage":"cs","potentialAction":[{"@type":"ReadAction","target":["https:\/\/alcads.com\/cs\/product\/alcad-professional-mep-2d\/"]}]},{"@type":"ImageObject","inLanguage":"cs","@id":"https:\/\/alcads.com\/cs\/product\/alcad-professional-mep-2d\/#primaryimage","url":"https:\/\/alcads.com\/wp-content\/uploads\/2024\/05\/compressed_image-92.webp","contentUrl":"https:\/\/alcads.com\/wp-content\/uploads\/2024\/05\/compressed_image-92.webp","width":379,"height":300,"caption":"alcad professional mep 2d 3d"},{"@type":"BreadcrumbList","@id":"https:\/\/alcads.com\/cs\/product\/alcad-professional-mep-2d\/#breadcrumb","itemListElement":[{"@type":"ListItem","position":1,"name":"Home","item":"https:\/\/alcads.com\/cs\/"},{"@type":"ListItem","position":2,"name":"Obchod","item":"https:\/\/alcads.com\/cs\/obchod\/"},{"@type":"ListItem","position":3,"name":"ALCAD Professional 2D\/3D se v\u0161emi 2D MEP pluginy &#8211; ro\u010dn\u00ed licence"}]},{"@type":"WebSite","@id":"https:\/\/alcads.com\/cs\/#website","url":"https:\/\/alcads.com\/cs\/","name":"Alcads","description":"The Best AutoCAD Alternative","publisher":{"@id":"https:\/\/alcads.com\/cs\/#organization"},"potentialAction":[{"@type":"SearchAction","target":{"@type":"EntryPoint","urlTemplate":"https:\/\/alcads.com\/cs\/?s={search_term_string}"},"query-input":{"@type":"PropertyValueSpecification","valueRequired":true,"valueName":"search_term_string"}}],"inLanguage":"cs"},{"@type":"Organization","@id":"https:\/\/alcads.com\/cs\/#organization","name":"Alcads","url":"https:\/\/alcads.com\/cs\/","logo":{"@type":"ImageObject","inLanguage":"cs","@id":"https:\/\/alcads.com\/cs\/#\/schema\/logo\/image\/","url":"https:\/\/alcads.com\/wp-content\/uploads\/2024\/05\/logo.png","contentUrl":"https:\/\/alcads.com\/wp-content\/uploads\/2024\/05\/logo.png","width":122,"height":42,"caption":"Alcads"},"image":{"@id":"https:\/\/alcads.com\/cs\/#\/schema\/logo\/image\/"}}]}},"jetpack_sharing_enabled":true,"_links":{"self":[{"href":"https:\/\/alcads.com\/cs\/wp-json\/wp\/v2\/product\/105324","targetHints":{"allow":["GET"]}}],"collection":[{"href":"https:\/\/alcads.com\/cs\/wp-json\/wp\/v2\/product"}],"about":[{"href":"https:\/\/alcads.com\/cs\/wp-json\/wp\/v2\/types\/product"}],"replies":[{"embeddable":true,"href":"https:\/\/alcads.com\/cs\/wp-json\/wp\/v2\/comments?post=105324"}],"wp:featuredmedia":[{"embeddable":true,"href":"https:\/\/alcads.com\/cs\/wp-json\/wp\/v2\/media\/107899"}],"wp:attachment":[{"href":"https:\/\/alcads.com\/cs\/wp-json\/wp\/v2\/media?parent=105324"}],"wp:term":[{"taxonomy":"product_brand","embeddable":true,"href":"https:\/\/alcads.com\/cs\/wp-json\/wp\/v2\/product_brand?post=105324"},{"taxonomy":"product_cat","embeddable":true,"href":"https:\/\/alcads.com\/cs\/wp-json\/wp\/v2\/product_cat?post=105324"},{"taxonomy":"product_tag","embeddable":true,"href":"https:\/\/alcads.com\/cs\/wp-json\/wp\/v2\/product_tag?post=105324"}],"curies":[{"name":"wp","href":"https:\/\/api.w.org\/{rel}","templated":true}]}}