{"id":105313,"date":"2024-05-01T07:23:12","date_gmt":"2024-05-01T07:23:12","guid":{"rendered":"https:\/\/dev.alcads.com\/product\/alcad-professional-mep-2d-3d\/"},"modified":"2024-11-30T04:10:00","modified_gmt":"2024-11-30T04:10:00","slug":"alcad-professional-mep-2d-3d","status":"publish","type":"product","link":"https:\/\/alcads.com\/cs\/product\/alcad-professional-mep-2d-3d\/","title":{"rendered":"ALCAD Professional 2D\/3D se v\u0161emi 2D a 3D MEP pluginy &#8211; ro\u010dn\u00ed licence"},"content":{"rendered":"<p><strong>Ve\u0161ker\u00e9 informace o z\u00e1suvn\u00fdch modulech MEP naleznete zde:<\/strong> <a href=\"https:\/\/alcads.com\/cs\/zasuvne-moduly-mep\/\/\">https:\/\/alcads.com\/cs\/zasuvne-moduly-mep\/<\/a> <\/p>\n<p><strong>ALCAD \u2013 pln\u011b kompatibiln\u00ed DWG-CAD obsahuje v\u0161echny z\u00e1suvn\u00e9 moduly ALCADu MEP 2D a 3D + 1 000 symbol\u016f.<\/strong><br \/>\nALCAD Professional MEP 2D\/3D je k dispozici pouze jako ro\u010dn\u00ed licence. Tato cena zahrnuje podporu a aktualizace.<\/p>\n<ul>\n<li>V\u0161echny z\u00e1suvn\u00e9 moduly ALCADu 2D a 3D MEP<\/li>\n<li>1\u2019000 symbol\u016f<\/li>\n<li>Import PDF do DWG<\/li>\n<li>.dwg 2024 Podpora<\/li>\n<li>Kompletn\u00ed 2D a 3D n\u00e1stroje<\/li>\n<li>2D\/3D architektura<\/li>\n<li>3D ACIS Solids<\/li>\n<li>Import BIM (IFC, RVT)<\/li>\n<li>Vytvo\u0159en\u00ed \u0159\u00e1dk\u016f sekc\u00ed<\/li>\n<li>Nov\u00fd dynamick\u00fd vstup<\/li>\n<li>P\u0159id\u00e1n\u00ed digit\u00e1ln\u00edch podpis\u016f<\/li>\n<li>Re\u017eimy skicov\u00e1n\u00ed a v\u00fdb\u011brov\u00e9 \u00fachyty<\/li>\n<li>Podpora rastrov\u00fdch obr\u00e1zk\u016f<\/li>\n<li>2D a 3D export do PDF<\/li>\n<li>LISP, IRX\/DRX, SDS<\/li>\n<li>Nov\u00e9 vizu\u00e1ln\u00ed styly a materi\u00e1ly<\/li>\n<li>Realistick\u00e9 vykreslen\u00ed<\/li>\n<li>Dopln\u011bk pro pokro\u010dil\u00e9 vykreslov\u00e1n\u00ed<\/li>\n<li>podpora p\u0159enosu<\/li>\n<li>Explodov\u00e1n\u00ed textu a gradientn\u00ed \u0161rafov\u00e1n\u00ed<\/li>\n<li>Microsoft VBA 7.1 a rozhran\u00ed .NET API<\/li>\n<li>64bitov\u00e1 architektura<\/li>\n<li>Podpora v\u00edce jader<\/li>\n<li>Podpora v\u00edce jazyk\u016f<\/li>\n<li>\u2026a mnoho dal\u0161\u00edho!<\/li>\n<\/ul>\n","protected":false},"excerpt":{"rendered":"<p>Ve\u0161ker\u00e9 informace o z\u00e1suvn\u00fdch modulech MEP naleznete zde: https:\/\/alcads.com\/cs\/zasuvne-moduly-mep\/ ALCAD \u2013 pln\u011b kompatibiln\u00ed DWG-CAD obsahuje v\u0161echny z\u00e1suvn\u00e9 moduly ALCADu MEP 2D a 3D + 1 000 symbol\u016f. ALCAD Professional MEP 2D\/3D je k dispozici pouze jako ro\u010dn\u00ed licence. Tato cena zahrnuje podporu a aktualizace. V\u0161echny z\u00e1suvn\u00e9 moduly ALCADu 2D a 3D MEP 1\u2019000 symbol\u016f Import [&hellip;]<\/p>\n","protected":false},"featured_media":108822,"comment_status":"closed","ping_status":"closed","template":"","meta":{"_acf_changed":false},"product_brand":[],"product_cat":[1218],"product_tag":[],"class_list":{"0":"post-105313","1":"product","2":"type-product","3":"status-publish","4":"has-post-thumbnail","6":"product_cat-alcad-mep-cs","8":"first","9":"instock","10":"downloadable","11":"virtual","12":"purchasable","13":"product-type-simple"},"acf":[],"yoast_head":"<!-- This site is optimized with the Yoast SEO plugin v27.3 - https:\/\/yoast.com\/product\/yoast-seo-wordpress\/ -->\n<title>ALCAD Professional 2D\/3D se v\u0161emi 2D a 3D MEP pluginy - ro\u010dn\u00ed licence - Alcads<\/title>\n<meta name=\"robots\" content=\"index, follow, max-snippet:-1, max-image-preview:large, max-video-preview:-1\" \/>\n<link rel=\"canonical\" href=\"https:\/\/alcads.com\/cs\/product\/alcad-professional-mep-2d-3d\/\" \/>\n<meta property=\"og:locale\" content=\"cs_CZ\" \/>\n<meta property=\"og:type\" content=\"article\" \/>\n<meta property=\"og:title\" content=\"ALCAD Professional 2D\/3D se v\u0161emi 2D a 3D MEP pluginy - ro\u010dn\u00ed licence - Alcads\" \/>\n<meta property=\"og:description\" content=\"Ve\u0161ker\u00e9 informace o z\u00e1suvn\u00fdch modulech MEP naleznete zde: https:\/\/alcads.com\/cs\/zasuvne-moduly-mep\/ ALCAD \u2013 pln\u011b kompatibiln\u00ed DWG-CAD obsahuje v\u0161echny z\u00e1suvn\u00e9 moduly ALCADu MEP 2D a 3D + 1 000 symbol\u016f. ALCAD Professional MEP 2D\/3D je k dispozici pouze jako ro\u010dn\u00ed licence. Tato cena zahrnuje podporu a aktualizace. V\u0161echny z\u00e1suvn\u00e9 moduly ALCADu 2D a 3D MEP 1\u2019000 symbol\u016f Import [&hellip;]\" \/>\n<meta property=\"og:url\" content=\"https:\/\/alcads.com\/cs\/product\/alcad-professional-mep-2d-3d\/\" \/>\n<meta property=\"og:site_name\" content=\"Alcads\" \/>\n<meta property=\"article:modified_time\" content=\"2024-11-30T04:10:00+00:00\" \/>\n<meta property=\"og:image\" content=\"https:\/\/alcads.com\/wp-content\/uploads\/2024\/05\/mep-2d-3d-1.png\" \/>\n\t<meta property=\"og:image:width\" content=\"550\" \/>\n\t<meta property=\"og:image:height\" content=\"429\" \/>\n\t<meta property=\"og:image:type\" content=\"image\/png\" \/>\n<meta name=\"twitter:card\" content=\"summary_large_image\" \/>\n<meta name=\"twitter:label1\" content=\"Odhadovan\u00e1 doba \u010dten\u00ed\" \/>\n\t<meta name=\"twitter:data1\" content=\"1 minuta\" \/>\n<script type=\"application\/ld+json\" class=\"yoast-schema-graph\">{\"@context\":\"https:\\\/\\\/schema.org\",\"@graph\":[{\"@type\":\"WebPage\",\"@id\":\"https:\\\/\\\/alcads.com\\\/cs\\\/product\\\/alcad-professional-mep-2d-3d\\\/\",\"url\":\"https:\\\/\\\/alcads.com\\\/cs\\\/product\\\/alcad-professional-mep-2d-3d\\\/\",\"name\":\"ALCAD Professional 2D\\\/3D se v\u0161emi 2D a 3D MEP pluginy - ro\u010dn\u00ed licence - Alcads\",\"isPartOf\":{\"@id\":\"https:\\\/\\\/alcads.com\\\/cs\\\/#website\"},\"primaryImageOfPage\":{\"@id\":\"https:\\\/\\\/alcads.com\\\/cs\\\/product\\\/alcad-professional-mep-2d-3d\\\/#primaryimage\"},\"image\":{\"@id\":\"https:\\\/\\\/alcads.com\\\/cs\\\/product\\\/alcad-professional-mep-2d-3d\\\/#primaryimage\"},\"thumbnailUrl\":\"https:\\\/\\\/alcads.com\\\/wp-content\\\/uploads\\\/2024\\\/05\\\/mep-2d-3d-1.png\",\"datePublished\":\"2024-05-01T07:23:12+00:00\",\"dateModified\":\"2024-11-30T04:10:00+00:00\",\"breadcrumb\":{\"@id\":\"https:\\\/\\\/alcads.com\\\/cs\\\/product\\\/alcad-professional-mep-2d-3d\\\/#breadcrumb\"},\"inLanguage\":\"cs\",\"potentialAction\":[{\"@type\":\"ReadAction\",\"target\":[\"https:\\\/\\\/alcads.com\\\/cs\\\/product\\\/alcad-professional-mep-2d-3d\\\/\"]}]},{\"@type\":\"ImageObject\",\"inLanguage\":\"cs\",\"@id\":\"https:\\\/\\\/alcads.com\\\/cs\\\/product\\\/alcad-professional-mep-2d-3d\\\/#primaryimage\",\"url\":\"https:\\\/\\\/alcads.com\\\/wp-content\\\/uploads\\\/2024\\\/05\\\/mep-2d-3d-1.png\",\"contentUrl\":\"https:\\\/\\\/alcads.com\\\/wp-content\\\/uploads\\\/2024\\\/05\\\/mep-2d-3d-1.png\",\"width\":550,\"height\":429,\"caption\":\"2D & 3D MEP Plugins\"},{\"@type\":\"BreadcrumbList\",\"@id\":\"https:\\\/\\\/alcads.com\\\/cs\\\/product\\\/alcad-professional-mep-2d-3d\\\/#breadcrumb\",\"itemListElement\":[{\"@type\":\"ListItem\",\"position\":1,\"name\":\"Home\",\"item\":\"https:\\\/\\\/alcads.com\\\/cs\\\/\"},{\"@type\":\"ListItem\",\"position\":2,\"name\":\"Obchod\",\"item\":\"https:\\\/\\\/alcads.com\\\/cs\\\/obchod\\\/\"},{\"@type\":\"ListItem\",\"position\":3,\"name\":\"ALCAD Professional 2D\\\/3D se v\u0161emi 2D a 3D MEP pluginy &#8211; ro\u010dn\u00ed licence\"}]},{\"@type\":\"WebSite\",\"@id\":\"https:\\\/\\\/alcads.com\\\/cs\\\/#website\",\"url\":\"https:\\\/\\\/alcads.com\\\/cs\\\/\",\"name\":\"Alcads\",\"description\":\"The Best AutoCAD Alternative\",\"publisher\":{\"@id\":\"https:\\\/\\\/alcads.com\\\/cs\\\/#organization\"},\"potentialAction\":[{\"@type\":\"SearchAction\",\"target\":{\"@type\":\"EntryPoint\",\"urlTemplate\":\"https:\\\/\\\/alcads.com\\\/cs\\\/?s={search_term_string}\"},\"query-input\":{\"@type\":\"PropertyValueSpecification\",\"valueRequired\":true,\"valueName\":\"search_term_string\"}}],\"inLanguage\":\"cs\"},{\"@type\":\"Organization\",\"@id\":\"https:\\\/\\\/alcads.com\\\/cs\\\/#organization\",\"name\":\"Alcads\",\"url\":\"https:\\\/\\\/alcads.com\\\/cs\\\/\",\"logo\":{\"@type\":\"ImageObject\",\"inLanguage\":\"cs\",\"@id\":\"https:\\\/\\\/alcads.com\\\/cs\\\/#\\\/schema\\\/logo\\\/image\\\/\",\"url\":\"https:\\\/\\\/alcads.com\\\/wp-content\\\/uploads\\\/2024\\\/05\\\/logo.png\",\"contentUrl\":\"https:\\\/\\\/alcads.com\\\/wp-content\\\/uploads\\\/2024\\\/05\\\/logo.png\",\"width\":122,\"height\":42,\"caption\":\"Alcads\"},\"image\":{\"@id\":\"https:\\\/\\\/alcads.com\\\/cs\\\/#\\\/schema\\\/logo\\\/image\\\/\"}}]}<\/script>\n<!-- \/ Yoast SEO plugin. -->","yoast_head_json":{"title":"ALCAD Professional 2D\/3D se v\u0161emi 2D a 3D MEP pluginy - ro\u010dn\u00ed licence - Alcads","robots":{"index":"index","follow":"follow","max-snippet":"max-snippet:-1","max-image-preview":"max-image-preview:large","max-video-preview":"max-video-preview:-1"},"canonical":"https:\/\/alcads.com\/cs\/product\/alcad-professional-mep-2d-3d\/","og_locale":"cs_CZ","og_type":"article","og_title":"ALCAD Professional 2D\/3D se v\u0161emi 2D a 3D MEP pluginy - ro\u010dn\u00ed licence - Alcads","og_description":"Ve\u0161ker\u00e9 informace o z\u00e1suvn\u00fdch modulech MEP naleznete zde: https:\/\/alcads.com\/cs\/zasuvne-moduly-mep\/ ALCAD \u2013 pln\u011b kompatibiln\u00ed DWG-CAD obsahuje v\u0161echny z\u00e1suvn\u00e9 moduly ALCADu MEP 2D a 3D + 1 000 symbol\u016f. ALCAD Professional MEP 2D\/3D je k dispozici pouze jako ro\u010dn\u00ed licence. Tato cena zahrnuje podporu a aktualizace. V\u0161echny z\u00e1suvn\u00e9 moduly ALCADu 2D a 3D MEP 1\u2019000 symbol\u016f Import [&hellip;]","og_url":"https:\/\/alcads.com\/cs\/product\/alcad-professional-mep-2d-3d\/","og_site_name":"Alcads","article_modified_time":"2024-11-30T04:10:00+00:00","og_image":[{"width":550,"height":429,"url":"https:\/\/alcads.com\/wp-content\/uploads\/2024\/05\/mep-2d-3d-1.png","type":"image\/png"}],"twitter_card":"summary_large_image","twitter_misc":{"Odhadovan\u00e1 doba \u010dten\u00ed":"1 minuta"},"schema":{"@context":"https:\/\/schema.org","@graph":[{"@type":"WebPage","@id":"https:\/\/alcads.com\/cs\/product\/alcad-professional-mep-2d-3d\/","url":"https:\/\/alcads.com\/cs\/product\/alcad-professional-mep-2d-3d\/","name":"ALCAD Professional 2D\/3D se v\u0161emi 2D a 3D MEP pluginy - ro\u010dn\u00ed licence - Alcads","isPartOf":{"@id":"https:\/\/alcads.com\/cs\/#website"},"primaryImageOfPage":{"@id":"https:\/\/alcads.com\/cs\/product\/alcad-professional-mep-2d-3d\/#primaryimage"},"image":{"@id":"https:\/\/alcads.com\/cs\/product\/alcad-professional-mep-2d-3d\/#primaryimage"},"thumbnailUrl":"https:\/\/alcads.com\/wp-content\/uploads\/2024\/05\/mep-2d-3d-1.png","datePublished":"2024-05-01T07:23:12+00:00","dateModified":"2024-11-30T04:10:00+00:00","breadcrumb":{"@id":"https:\/\/alcads.com\/cs\/product\/alcad-professional-mep-2d-3d\/#breadcrumb"},"inLanguage":"cs","potentialAction":[{"@type":"ReadAction","target":["https:\/\/alcads.com\/cs\/product\/alcad-professional-mep-2d-3d\/"]}]},{"@type":"ImageObject","inLanguage":"cs","@id":"https:\/\/alcads.com\/cs\/product\/alcad-professional-mep-2d-3d\/#primaryimage","url":"https:\/\/alcads.com\/wp-content\/uploads\/2024\/05\/mep-2d-3d-1.png","contentUrl":"https:\/\/alcads.com\/wp-content\/uploads\/2024\/05\/mep-2d-3d-1.png","width":550,"height":429,"caption":"2D & 3D MEP Plugins"},{"@type":"BreadcrumbList","@id":"https:\/\/alcads.com\/cs\/product\/alcad-professional-mep-2d-3d\/#breadcrumb","itemListElement":[{"@type":"ListItem","position":1,"name":"Home","item":"https:\/\/alcads.com\/cs\/"},{"@type":"ListItem","position":2,"name":"Obchod","item":"https:\/\/alcads.com\/cs\/obchod\/"},{"@type":"ListItem","position":3,"name":"ALCAD Professional 2D\/3D se v\u0161emi 2D a 3D MEP pluginy &#8211; ro\u010dn\u00ed licence"}]},{"@type":"WebSite","@id":"https:\/\/alcads.com\/cs\/#website","url":"https:\/\/alcads.com\/cs\/","name":"Alcads","description":"The Best AutoCAD Alternative","publisher":{"@id":"https:\/\/alcads.com\/cs\/#organization"},"potentialAction":[{"@type":"SearchAction","target":{"@type":"EntryPoint","urlTemplate":"https:\/\/alcads.com\/cs\/?s={search_term_string}"},"query-input":{"@type":"PropertyValueSpecification","valueRequired":true,"valueName":"search_term_string"}}],"inLanguage":"cs"},{"@type":"Organization","@id":"https:\/\/alcads.com\/cs\/#organization","name":"Alcads","url":"https:\/\/alcads.com\/cs\/","logo":{"@type":"ImageObject","inLanguage":"cs","@id":"https:\/\/alcads.com\/cs\/#\/schema\/logo\/image\/","url":"https:\/\/alcads.com\/wp-content\/uploads\/2024\/05\/logo.png","contentUrl":"https:\/\/alcads.com\/wp-content\/uploads\/2024\/05\/logo.png","width":122,"height":42,"caption":"Alcads"},"image":{"@id":"https:\/\/alcads.com\/cs\/#\/schema\/logo\/image\/"}}]}},"jetpack_sharing_enabled":true,"_links":{"self":[{"href":"https:\/\/alcads.com\/cs\/wp-json\/wp\/v2\/product\/105313","targetHints":{"allow":["GET"]}}],"collection":[{"href":"https:\/\/alcads.com\/cs\/wp-json\/wp\/v2\/product"}],"about":[{"href":"https:\/\/alcads.com\/cs\/wp-json\/wp\/v2\/types\/product"}],"replies":[{"embeddable":true,"href":"https:\/\/alcads.com\/cs\/wp-json\/wp\/v2\/comments?post=105313"}],"wp:featuredmedia":[{"embeddable":true,"href":"https:\/\/alcads.com\/cs\/wp-json\/wp\/v2\/media\/108822"}],"wp:attachment":[{"href":"https:\/\/alcads.com\/cs\/wp-json\/wp\/v2\/media?parent=105313"}],"wp:term":[{"taxonomy":"product_brand","embeddable":true,"href":"https:\/\/alcads.com\/cs\/wp-json\/wp\/v2\/product_brand?post=105313"},{"taxonomy":"product_cat","embeddable":true,"href":"https:\/\/alcads.com\/cs\/wp-json\/wp\/v2\/product_cat?post=105313"},{"taxonomy":"product_tag","embeddable":true,"href":"https:\/\/alcads.com\/cs\/wp-json\/wp\/v2\/product_tag?post=105313"}],"curies":[{"name":"wp","href":"https:\/\/api.w.org\/{rel}","templated":true}]}}