{"id":105280,"date":"2024-05-01T10:06:00","date_gmt":"2024-05-01T10:06:00","guid":{"rendered":"https:\/\/dev.alcads.com\/product\/alcad-professional\/"},"modified":"2025-12-03T04:18:37","modified_gmt":"2025-12-03T04:18:37","slug":"alcad-2024-profesionalni-2d-3d-cad","status":"publish","type":"product","link":"https:\/\/alcads.com\/cs\/product\/alcad-2024-profesionalni-2d-3d-cad\/","title":{"rendered":"ALCAD Professional 2026"},"content":{"rendered":"<p>ALCAD 2D\/3D je nejlep\u0161\u00ed alternativou AutoCADu. Stejn\u00e9 rozhran\u00ed a funkce jako AutoCAD.<\/p>\n<p>Tento produkt obsahuje pouze CAD.<\/p>\n<p>Porovnejte tabulku ALCAD s aplikac\u00ed AutoCAD zde:<\/p>\n<p><a href=\"\/compare-alcad\/\" target=\"_blank\" rel=\"noopener\">Porovn\u00e1n\u00ed ALCAD | ALCAD (alcads.com)<\/a><\/p>\n<p><strong>ALCAD &#8211; pln\u011b kompatibiln\u00ed DWG-CAD<br \/>\nRozhran\u00ed a funkce CAD jsou stejn\u00e9 jako u AutoCADu.<\/strong><\/p>\n<p>ALCAD Professional 2026 je k dispozici jako ro\u010dn\u00ed licence za 269 \u20ac nebo jednor\u00e1zov\u00e1 trval\u00e1 licence za 429 \u20ac.<\/p>\n<ul>\n<li>Podpora DWG 2026<\/li>\n<li>Geolokace MAP-Import<\/li>\n<li>Import PDF do DWG<\/li>\n<li>LAYER-Manager<\/li>\n<li>XREF-Manager<\/li>\n<li>3D architektura<\/li>\n<li>Kompletn\u00ed 2D a 3D n\u00e1stroje<\/li>\n<li>Podpora rastrov\u00fdch obr\u00e1zk\u016f<\/li>\n<li>P\u0159ipojen\u00ed BIM (rvt a rfa)<\/li>\n<li>Nov\u00fd dynamick\u00fd vstup<\/li>\n<li>Geografick\u00e1 mapa Poloha a obr\u00e1zek<\/li>\n<li>P\u0159id\u00e1n\u00ed digit\u00e1ln\u00edch podpis\u016f<\/li>\n<li>Re\u017eimy skicov\u00e1n\u00ed a v\u00fdb\u011brov\u00e9 \u00fachyty<\/li>\n<li>2D a 3D export do PDF<\/li>\n<li>LISP, IRX\/DRX, SDS<\/li>\n<li>Nov\u00e9 vizu\u00e1ln\u00ed styly a materi\u00e1ly<\/li>\n<li>Realistick\u00e9 vykreslen\u00ed<\/li>\n<li>Dopln\u011bk pro pokro\u010dil\u00e9 vykreslov\u00e1n\u00ed<\/li>\n<li>Microsoft VBA 7.1 a rozhran\u00ed .NET API<\/li>\n<li>podpora etransmit<\/li>\n<li>Explodov\u00e1n\u00ed textu a gradientn\u00ed \u0161rafov\u00e1n\u00ed<\/li>\n<li>64bitov\u00e1 architektura<\/li>\n<li>Podpora v\u00edce jader<\/li>\n<li>Podpora v\u00edce jazyk\u016f<\/li>\n<li>Flexibiln\u00ed samoobslu\u017en\u00fd p\u0159enos licenc\u00ed. \u017d\u00e1dn\u00e1 omezen\u00ed pro p\u0159evody.<\/li>\n<li>(*) Pro 2D\/3D MEP zvolte ALCAD Professional 2D\/3D se v\u0161emi MEP Pluginy.<\/li>\n<\/ul>\n","protected":false},"excerpt":{"rendered":"<p>ALCAD 2D\/3D je nejlep\u0161\u00ed alternativou AutoCADu. Stejn\u00e9 rozhran\u00ed a funkce jako AutoCAD. Tento produkt obsahuje pouze CAD. Porovnejte tabulku ALCAD s aplikac\u00ed AutoCAD zde: Porovn\u00e1n\u00ed ALCAD | ALCAD (alcads.com) ALCAD &#8211; pln\u011b kompatibiln\u00ed DWG-CAD Rozhran\u00ed a funkce CAD jsou stejn\u00e9 jako u AutoCADu. ALCAD Professional 2026 je k dispozici jako ro\u010dn\u00ed licence za 269 \u20ac [&hellip;]<\/p>\n","protected":false},"featured_media":116440,"comment_status":"closed","ping_status":"closed","template":"","meta":{"_acf_changed":false},"product_brand":[],"product_cat":[540],"product_tag":[],"class_list":{"0":"post-105280","1":"product","2":"type-product","3":"status-publish","4":"has-post-thumbnail","6":"product_cat-svazky-alcad","8":"first","9":"instock","10":"purchasable","11":"product-type-variable","12":"has-default-attributes"},"acf":[],"yoast_head":"<!-- This site is optimized with the Yoast SEO plugin v27.3 - https:\/\/yoast.com\/product\/yoast-seo-wordpress\/ -->\n<title>ALCAD Professional 2026 - Alcads<\/title>\n<meta name=\"description\" content=\"Z\u00edskejte ALCAD Professional, n\u00e1kladov\u011b efektivn\u00ed alternativu AutoCADu. U\u017eijte si podporu DWG, p\u0159\u00edlohu BIM, 2D\/3D n\u00e1stroje a dal\u0161\u00ed. Vyberte si ro\u010dn\u00ed (199 EUR) nebo trval\u00e9 (349 EUR) licence. Kup te\u010f!\" \/>\n<meta name=\"robots\" content=\"index, follow, max-snippet:-1, max-image-preview:large, max-video-preview:-1\" \/>\n<link rel=\"canonical\" href=\"https:\/\/alcads.com\/cs\/product\/alcad-2024-profesionalni-2d-3d-cad\/\" \/>\n<meta property=\"og:locale\" content=\"cs_CZ\" \/>\n<meta property=\"og:type\" content=\"article\" \/>\n<meta property=\"og:title\" content=\"ALCAD Professional 2026 - Alcads\" \/>\n<meta property=\"og:description\" content=\"Z\u00edskejte ALCAD Professional, n\u00e1kladov\u011b efektivn\u00ed alternativu AutoCADu. U\u017eijte si podporu DWG, p\u0159\u00edlohu BIM, 2D\/3D n\u00e1stroje a dal\u0161\u00ed. Vyberte si ro\u010dn\u00ed (199 EUR) nebo trval\u00e9 (349 EUR) licence. Kup te\u010f!\" \/>\n<meta property=\"og:url\" content=\"https:\/\/alcads.com\/cs\/product\/alcad-2024-profesionalni-2d-3d-cad\/\" \/>\n<meta property=\"og:site_name\" content=\"Alcads\" \/>\n<meta property=\"article:modified_time\" content=\"2025-12-03T04:18:37+00:00\" \/>\n<meta property=\"og:image\" content=\"https:\/\/alcads.com\/wp-content\/uploads\/Box_Professional-1-1024x1024.png\" \/>\n\t<meta property=\"og:image:width\" content=\"1024\" \/>\n\t<meta property=\"og:image:height\" content=\"1024\" \/>\n\t<meta property=\"og:image:type\" content=\"image\/png\" \/>\n<meta name=\"twitter:card\" content=\"summary_large_image\" \/>\n<meta name=\"twitter:label1\" content=\"Odhadovan\u00e1 doba \u010dten\u00ed\" \/>\n\t<meta name=\"twitter:data1\" content=\"1 minuta\" \/>\n<script type=\"application\/ld+json\" class=\"yoast-schema-graph\">{\"@context\":\"https:\\\/\\\/schema.org\",\"@graph\":[{\"@type\":\"WebPage\",\"@id\":\"https:\\\/\\\/alcads.com\\\/cs\\\/product\\\/alcad-2024-profesionalni-2d-3d-cad\\\/\",\"url\":\"https:\\\/\\\/alcads.com\\\/cs\\\/product\\\/alcad-2024-profesionalni-2d-3d-cad\\\/\",\"name\":\"ALCAD Professional 2026 - Alcads\",\"isPartOf\":{\"@id\":\"https:\\\/\\\/alcads.com\\\/cs\\\/#website\"},\"primaryImageOfPage\":{\"@id\":\"https:\\\/\\\/alcads.com\\\/cs\\\/product\\\/alcad-2024-profesionalni-2d-3d-cad\\\/#primaryimage\"},\"image\":{\"@id\":\"https:\\\/\\\/alcads.com\\\/cs\\\/product\\\/alcad-2024-profesionalni-2d-3d-cad\\\/#primaryimage\"},\"thumbnailUrl\":\"https:\\\/\\\/alcads.com\\\/wp-content\\\/uploads\\\/Box_Professional-600x600-1-1.png\",\"datePublished\":\"2024-05-01T10:06:00+00:00\",\"dateModified\":\"2025-12-03T04:18:37+00:00\",\"description\":\"Z\u00edskejte ALCAD Professional, n\u00e1kladov\u011b efektivn\u00ed alternativu AutoCADu. U\u017eijte si podporu DWG, p\u0159\u00edlohu BIM, 2D\\\/3D n\u00e1stroje a dal\u0161\u00ed. Vyberte si ro\u010dn\u00ed (199 EUR) nebo trval\u00e9 (349 EUR) licence. Kup te\u010f!\",\"breadcrumb\":{\"@id\":\"https:\\\/\\\/alcads.com\\\/cs\\\/product\\\/alcad-2024-profesionalni-2d-3d-cad\\\/#breadcrumb\"},\"inLanguage\":\"cs\",\"potentialAction\":[{\"@type\":\"ReadAction\",\"target\":[\"https:\\\/\\\/alcads.com\\\/cs\\\/product\\\/alcad-2024-profesionalni-2d-3d-cad\\\/\"]}]},{\"@type\":\"ImageObject\",\"inLanguage\":\"cs\",\"@id\":\"https:\\\/\\\/alcads.com\\\/cs\\\/product\\\/alcad-2024-profesionalni-2d-3d-cad\\\/#primaryimage\",\"url\":\"https:\\\/\\\/alcads.com\\\/wp-content\\\/uploads\\\/Box_Professional-600x600-1-1.png\",\"contentUrl\":\"https:\\\/\\\/alcads.com\\\/wp-content\\\/uploads\\\/Box_Professional-600x600-1-1.png\",\"width\":2048,\"height\":2048},{\"@type\":\"BreadcrumbList\",\"@id\":\"https:\\\/\\\/alcads.com\\\/cs\\\/product\\\/alcad-2024-profesionalni-2d-3d-cad\\\/#breadcrumb\",\"itemListElement\":[{\"@type\":\"ListItem\",\"position\":1,\"name\":\"Home\",\"item\":\"https:\\\/\\\/alcads.com\\\/cs\\\/\"},{\"@type\":\"ListItem\",\"position\":2,\"name\":\"Obchod\",\"item\":\"https:\\\/\\\/alcads.com\\\/cs\\\/obchod\\\/\"},{\"@type\":\"ListItem\",\"position\":3,\"name\":\"ALCAD Professional 2026\"}]},{\"@type\":\"WebSite\",\"@id\":\"https:\\\/\\\/alcads.com\\\/cs\\\/#website\",\"url\":\"https:\\\/\\\/alcads.com\\\/cs\\\/\",\"name\":\"Alcads\",\"description\":\"The Best AutoCAD Alternative\",\"publisher\":{\"@id\":\"https:\\\/\\\/alcads.com\\\/cs\\\/#organization\"},\"potentialAction\":[{\"@type\":\"SearchAction\",\"target\":{\"@type\":\"EntryPoint\",\"urlTemplate\":\"https:\\\/\\\/alcads.com\\\/cs\\\/?s={search_term_string}\"},\"query-input\":{\"@type\":\"PropertyValueSpecification\",\"valueRequired\":true,\"valueName\":\"search_term_string\"}}],\"inLanguage\":\"cs\"},{\"@type\":\"Organization\",\"@id\":\"https:\\\/\\\/alcads.com\\\/cs\\\/#organization\",\"name\":\"Alcads\",\"url\":\"https:\\\/\\\/alcads.com\\\/cs\\\/\",\"logo\":{\"@type\":\"ImageObject\",\"inLanguage\":\"cs\",\"@id\":\"https:\\\/\\\/alcads.com\\\/cs\\\/#\\\/schema\\\/logo\\\/image\\\/\",\"url\":\"https:\\\/\\\/alcads.com\\\/wp-content\\\/uploads\\\/2024\\\/05\\\/logo.png\",\"contentUrl\":\"https:\\\/\\\/alcads.com\\\/wp-content\\\/uploads\\\/2024\\\/05\\\/logo.png\",\"width\":122,\"height\":42,\"caption\":\"Alcads\"},\"image\":{\"@id\":\"https:\\\/\\\/alcads.com\\\/cs\\\/#\\\/schema\\\/logo\\\/image\\\/\"}}]}<\/script>\n<!-- \/ Yoast SEO plugin. -->","yoast_head_json":{"title":"ALCAD Professional 2026 - Alcads","description":"Z\u00edskejte ALCAD Professional, n\u00e1kladov\u011b efektivn\u00ed alternativu AutoCADu. U\u017eijte si podporu DWG, p\u0159\u00edlohu BIM, 2D\/3D n\u00e1stroje a dal\u0161\u00ed. Vyberte si ro\u010dn\u00ed (199 EUR) nebo trval\u00e9 (349 EUR) licence. Kup te\u010f!","robots":{"index":"index","follow":"follow","max-snippet":"max-snippet:-1","max-image-preview":"max-image-preview:large","max-video-preview":"max-video-preview:-1"},"canonical":"https:\/\/alcads.com\/cs\/product\/alcad-2024-profesionalni-2d-3d-cad\/","og_locale":"cs_CZ","og_type":"article","og_title":"ALCAD Professional 2026 - Alcads","og_description":"Z\u00edskejte ALCAD Professional, n\u00e1kladov\u011b efektivn\u00ed alternativu AutoCADu. U\u017eijte si podporu DWG, p\u0159\u00edlohu BIM, 2D\/3D n\u00e1stroje a dal\u0161\u00ed. Vyberte si ro\u010dn\u00ed (199 EUR) nebo trval\u00e9 (349 EUR) licence. Kup te\u010f!","og_url":"https:\/\/alcads.com\/cs\/product\/alcad-2024-profesionalni-2d-3d-cad\/","og_site_name":"Alcads","article_modified_time":"2025-12-03T04:18:37+00:00","og_image":[{"width":1024,"height":1024,"url":"https:\/\/alcads.com\/wp-content\/uploads\/Box_Professional-1-1024x1024.png","type":"image\/png"}],"twitter_card":"summary_large_image","twitter_misc":{"Odhadovan\u00e1 doba \u010dten\u00ed":"1 minuta"},"schema":{"@context":"https:\/\/schema.org","@graph":[{"@type":"WebPage","@id":"https:\/\/alcads.com\/cs\/product\/alcad-2024-profesionalni-2d-3d-cad\/","url":"https:\/\/alcads.com\/cs\/product\/alcad-2024-profesionalni-2d-3d-cad\/","name":"ALCAD Professional 2026 - Alcads","isPartOf":{"@id":"https:\/\/alcads.com\/cs\/#website"},"primaryImageOfPage":{"@id":"https:\/\/alcads.com\/cs\/product\/alcad-2024-profesionalni-2d-3d-cad\/#primaryimage"},"image":{"@id":"https:\/\/alcads.com\/cs\/product\/alcad-2024-profesionalni-2d-3d-cad\/#primaryimage"},"thumbnailUrl":"https:\/\/alcads.com\/wp-content\/uploads\/Box_Professional-600x600-1-1.png","datePublished":"2024-05-01T10:06:00+00:00","dateModified":"2025-12-03T04:18:37+00:00","description":"Z\u00edskejte ALCAD Professional, n\u00e1kladov\u011b efektivn\u00ed alternativu AutoCADu. U\u017eijte si podporu DWG, p\u0159\u00edlohu BIM, 2D\/3D n\u00e1stroje a dal\u0161\u00ed. Vyberte si ro\u010dn\u00ed (199 EUR) nebo trval\u00e9 (349 EUR) licence. Kup te\u010f!","breadcrumb":{"@id":"https:\/\/alcads.com\/cs\/product\/alcad-2024-profesionalni-2d-3d-cad\/#breadcrumb"},"inLanguage":"cs","potentialAction":[{"@type":"ReadAction","target":["https:\/\/alcads.com\/cs\/product\/alcad-2024-profesionalni-2d-3d-cad\/"]}]},{"@type":"ImageObject","inLanguage":"cs","@id":"https:\/\/alcads.com\/cs\/product\/alcad-2024-profesionalni-2d-3d-cad\/#primaryimage","url":"https:\/\/alcads.com\/wp-content\/uploads\/Box_Professional-600x600-1-1.png","contentUrl":"https:\/\/alcads.com\/wp-content\/uploads\/Box_Professional-600x600-1-1.png","width":2048,"height":2048},{"@type":"BreadcrumbList","@id":"https:\/\/alcads.com\/cs\/product\/alcad-2024-profesionalni-2d-3d-cad\/#breadcrumb","itemListElement":[{"@type":"ListItem","position":1,"name":"Home","item":"https:\/\/alcads.com\/cs\/"},{"@type":"ListItem","position":2,"name":"Obchod","item":"https:\/\/alcads.com\/cs\/obchod\/"},{"@type":"ListItem","position":3,"name":"ALCAD Professional 2026"}]},{"@type":"WebSite","@id":"https:\/\/alcads.com\/cs\/#website","url":"https:\/\/alcads.com\/cs\/","name":"Alcads","description":"The Best AutoCAD Alternative","publisher":{"@id":"https:\/\/alcads.com\/cs\/#organization"},"potentialAction":[{"@type":"SearchAction","target":{"@type":"EntryPoint","urlTemplate":"https:\/\/alcads.com\/cs\/?s={search_term_string}"},"query-input":{"@type":"PropertyValueSpecification","valueRequired":true,"valueName":"search_term_string"}}],"inLanguage":"cs"},{"@type":"Organization","@id":"https:\/\/alcads.com\/cs\/#organization","name":"Alcads","url":"https:\/\/alcads.com\/cs\/","logo":{"@type":"ImageObject","inLanguage":"cs","@id":"https:\/\/alcads.com\/cs\/#\/schema\/logo\/image\/","url":"https:\/\/alcads.com\/wp-content\/uploads\/2024\/05\/logo.png","contentUrl":"https:\/\/alcads.com\/wp-content\/uploads\/2024\/05\/logo.png","width":122,"height":42,"caption":"Alcads"},"image":{"@id":"https:\/\/alcads.com\/cs\/#\/schema\/logo\/image\/"}}]}},"jetpack_sharing_enabled":true,"_links":{"self":[{"href":"https:\/\/alcads.com\/cs\/wp-json\/wp\/v2\/product\/105280","targetHints":{"allow":["GET"]}}],"collection":[{"href":"https:\/\/alcads.com\/cs\/wp-json\/wp\/v2\/product"}],"about":[{"href":"https:\/\/alcads.com\/cs\/wp-json\/wp\/v2\/types\/product"}],"replies":[{"embeddable":true,"href":"https:\/\/alcads.com\/cs\/wp-json\/wp\/v2\/comments?post=105280"}],"wp:featuredmedia":[{"embeddable":true,"href":"https:\/\/alcads.com\/cs\/wp-json\/wp\/v2\/media\/116440"}],"wp:attachment":[{"href":"https:\/\/alcads.com\/cs\/wp-json\/wp\/v2\/media?parent=105280"}],"wp:term":[{"taxonomy":"product_brand","embeddable":true,"href":"https:\/\/alcads.com\/cs\/wp-json\/wp\/v2\/product_brand?post=105280"},{"taxonomy":"product_cat","embeddable":true,"href":"https:\/\/alcads.com\/cs\/wp-json\/wp\/v2\/product_cat?post=105280"},{"taxonomy":"product_tag","embeddable":true,"href":"https:\/\/alcads.com\/cs\/wp-json\/wp\/v2\/product_tag?post=105280"}],"curies":[{"name":"wp","href":"https:\/\/api.w.org\/{rel}","templated":true}]}}