{"id":105269,"date":"2024-05-02T05:35:36","date_gmt":"2024-05-02T05:35:36","guid":{"rendered":"https:\/\/dev.alcads.com\/product\/online-coaching-training-2d-3-hours\/"},"modified":"2024-05-20T11:04:43","modified_gmt":"2024-05-20T11:04:43","slug":"online-koucovani-skoleni-2d-3-hodiny","status":"publish","type":"product","link":"https:\/\/alcads.com\/cs\/product\/online-koucovani-skoleni-2d-3-hodiny\/","title":{"rendered":"Online kou\u010dov\u00e1n\u00ed\/\u0161kolen\u00ed 2D &#8211; 3 hodiny"},"content":{"rendered":"<p>Vyu\u017eijte na\u0161e online \u0161kolen\u00ed\/kou\u010dov\u00e1n\u00ed prost\u0159ednictv\u00edm aplikace Zoom\/Teamviewer\/Anydesk nebo jin\u00e9ho softwaru na d\u00e1lku.<br \/>\nObsah \u0161kolen\u00ed:<\/p>\n<ul>\n<li>\u00davod do aplikace ALCAD<\/li>\n<li>U\u017eivatelsk\u00e9 rozhran\u00ed aplikace ALCAD<\/li>\n<li>Nastaven\u00ed aplikace ALCAD<\/li>\n<li>2D \u00davod<\/li>\n<li>2D konstrukce<\/li>\n<li>Z\u00e1suvn\u00e9 moduly 2D HVAC<\/li>\n<\/ul>\n","protected":false},"excerpt":{"rendered":"<p>3 hodiny online kou\u010dov\u00e1n\u00ed\/\u0161kolen\u00ed pro 2D<\/p>\n","protected":false},"featured_media":95707,"comment_status":"closed","ping_status":"closed","template":"","meta":{"_acf_changed":false},"product_brand":[],"product_cat":[1230],"product_tag":[],"class_list":{"0":"post-105269","1":"product","2":"type-product","3":"status-publish","4":"has-post-thumbnail","6":"product_cat-alcad-trainings-cs","8":"first","9":"instock","10":"downloadable","11":"virtual","12":"taxable","13":"purchasable","14":"product-type-simple"},"acf":[],"yoast_head":"<!-- This site is optimized with the Yoast SEO plugin v27.3 - https:\/\/yoast.com\/product\/yoast-seo-wordpress\/ -->\n<title>Online kou\u010dov\u00e1n\u00ed\/\u0161kolen\u00ed 2D - 3 hodiny - Alcads<\/title>\n<meta name=\"robots\" content=\"index, follow, max-snippet:-1, max-image-preview:large, max-video-preview:-1\" \/>\n<link rel=\"canonical\" href=\"https:\/\/alcads.com\/cs\/product\/online-koucovani-skoleni-2d-3-hodiny\/\" \/>\n<meta property=\"og:locale\" content=\"cs_CZ\" \/>\n<meta property=\"og:type\" content=\"article\" \/>\n<meta property=\"og:title\" content=\"Online kou\u010dov\u00e1n\u00ed\/\u0161kolen\u00ed 2D - 3 hodiny - Alcads\" \/>\n<meta property=\"og:description\" content=\"3 hodiny online kou\u010dov\u00e1n\u00ed\/\u0161kolen\u00ed pro 2D\" \/>\n<meta property=\"og:url\" content=\"https:\/\/alcads.com\/cs\/product\/online-koucovani-skoleni-2d-3-hodiny\/\" \/>\n<meta property=\"og:site_name\" content=\"Alcads\" \/>\n<meta property=\"article:modified_time\" content=\"2024-05-20T11:04:43+00:00\" \/>\n<meta property=\"og:image\" content=\"https:\/\/alcads.com\/wp-content\/uploads\/2024\/04\/db178e_4768bfeef15445ada8d09a3c00f51913_mv2.webp\" \/>\n\t<meta property=\"og:image:width\" content=\"413\" \/>\n\t<meta property=\"og:image:height\" content=\"413\" \/>\n\t<meta property=\"og:image:type\" content=\"image\/webp\" \/>\n<meta name=\"twitter:card\" content=\"summary_large_image\" \/>\n<meta name=\"twitter:label1\" content=\"Odhadovan\u00e1 doba \u010dten\u00ed\" \/>\n\t<meta name=\"twitter:data1\" content=\"1 minuta\" \/>\n<script type=\"application\/ld+json\" class=\"yoast-schema-graph\">{\"@context\":\"https:\\\/\\\/schema.org\",\"@graph\":[{\"@type\":\"WebPage\",\"@id\":\"https:\\\/\\\/alcads.com\\\/cs\\\/product\\\/online-koucovani-skoleni-2d-3-hodiny\\\/\",\"url\":\"https:\\\/\\\/alcads.com\\\/cs\\\/product\\\/online-koucovani-skoleni-2d-3-hodiny\\\/\",\"name\":\"Online kou\u010dov\u00e1n\u00ed\\\/\u0161kolen\u00ed 2D - 3 hodiny - Alcads\",\"isPartOf\":{\"@id\":\"https:\\\/\\\/alcads.com\\\/cs\\\/#website\"},\"primaryImageOfPage\":{\"@id\":\"https:\\\/\\\/alcads.com\\\/cs\\\/product\\\/online-koucovani-skoleni-2d-3-hodiny\\\/#primaryimage\"},\"image\":{\"@id\":\"https:\\\/\\\/alcads.com\\\/cs\\\/product\\\/online-koucovani-skoleni-2d-3-hodiny\\\/#primaryimage\"},\"thumbnailUrl\":\"https:\\\/\\\/alcads.com\\\/wp-content\\\/uploads\\\/2024\\\/04\\\/db178e_4768bfeef15445ada8d09a3c00f51913_mv2.webp\",\"datePublished\":\"2024-05-02T05:35:36+00:00\",\"dateModified\":\"2024-05-20T11:04:43+00:00\",\"breadcrumb\":{\"@id\":\"https:\\\/\\\/alcads.com\\\/cs\\\/product\\\/online-koucovani-skoleni-2d-3-hodiny\\\/#breadcrumb\"},\"inLanguage\":\"cs\",\"potentialAction\":[{\"@type\":\"ReadAction\",\"target\":[\"https:\\\/\\\/alcads.com\\\/cs\\\/product\\\/online-koucovani-skoleni-2d-3-hodiny\\\/\"]}]},{\"@type\":\"ImageObject\",\"inLanguage\":\"cs\",\"@id\":\"https:\\\/\\\/alcads.com\\\/cs\\\/product\\\/online-koucovani-skoleni-2d-3-hodiny\\\/#primaryimage\",\"url\":\"https:\\\/\\\/alcads.com\\\/wp-content\\\/uploads\\\/2024\\\/04\\\/db178e_4768bfeef15445ada8d09a3c00f51913_mv2.webp\",\"contentUrl\":\"https:\\\/\\\/alcads.com\\\/wp-content\\\/uploads\\\/2024\\\/04\\\/db178e_4768bfeef15445ada8d09a3c00f51913_mv2.webp\",\"width\":413,\"height\":413,\"caption\":\"online cad coaching\"},{\"@type\":\"BreadcrumbList\",\"@id\":\"https:\\\/\\\/alcads.com\\\/cs\\\/product\\\/online-koucovani-skoleni-2d-3-hodiny\\\/#breadcrumb\",\"itemListElement\":[{\"@type\":\"ListItem\",\"position\":1,\"name\":\"Home\",\"item\":\"https:\\\/\\\/alcads.com\\\/cs\\\/\"},{\"@type\":\"ListItem\",\"position\":2,\"name\":\"Obchod\",\"item\":\"https:\\\/\\\/alcads.com\\\/cs\\\/obchod\\\/\"},{\"@type\":\"ListItem\",\"position\":3,\"name\":\"Online kou\u010dov\u00e1n\u00ed\\\/\u0161kolen\u00ed 2D &#8211; 3 hodiny\"}]},{\"@type\":\"WebSite\",\"@id\":\"https:\\\/\\\/alcads.com\\\/cs\\\/#website\",\"url\":\"https:\\\/\\\/alcads.com\\\/cs\\\/\",\"name\":\"Alcads\",\"description\":\"The Best AutoCAD Alternative\",\"publisher\":{\"@id\":\"https:\\\/\\\/alcads.com\\\/cs\\\/#organization\"},\"potentialAction\":[{\"@type\":\"SearchAction\",\"target\":{\"@type\":\"EntryPoint\",\"urlTemplate\":\"https:\\\/\\\/alcads.com\\\/cs\\\/?s={search_term_string}\"},\"query-input\":{\"@type\":\"PropertyValueSpecification\",\"valueRequired\":true,\"valueName\":\"search_term_string\"}}],\"inLanguage\":\"cs\"},{\"@type\":\"Organization\",\"@id\":\"https:\\\/\\\/alcads.com\\\/cs\\\/#organization\",\"name\":\"Alcads\",\"url\":\"https:\\\/\\\/alcads.com\\\/cs\\\/\",\"logo\":{\"@type\":\"ImageObject\",\"inLanguage\":\"cs\",\"@id\":\"https:\\\/\\\/alcads.com\\\/cs\\\/#\\\/schema\\\/logo\\\/image\\\/\",\"url\":\"https:\\\/\\\/alcads.com\\\/wp-content\\\/uploads\\\/2024\\\/05\\\/logo.png\",\"contentUrl\":\"https:\\\/\\\/alcads.com\\\/wp-content\\\/uploads\\\/2024\\\/05\\\/logo.png\",\"width\":122,\"height\":42,\"caption\":\"Alcads\"},\"image\":{\"@id\":\"https:\\\/\\\/alcads.com\\\/cs\\\/#\\\/schema\\\/logo\\\/image\\\/\"}}]}<\/script>\n<!-- \/ Yoast SEO plugin. -->","yoast_head_json":{"title":"Online kou\u010dov\u00e1n\u00ed\/\u0161kolen\u00ed 2D - 3 hodiny - Alcads","robots":{"index":"index","follow":"follow","max-snippet":"max-snippet:-1","max-image-preview":"max-image-preview:large","max-video-preview":"max-video-preview:-1"},"canonical":"https:\/\/alcads.com\/cs\/product\/online-koucovani-skoleni-2d-3-hodiny\/","og_locale":"cs_CZ","og_type":"article","og_title":"Online kou\u010dov\u00e1n\u00ed\/\u0161kolen\u00ed 2D - 3 hodiny - Alcads","og_description":"3 hodiny online kou\u010dov\u00e1n\u00ed\/\u0161kolen\u00ed pro 2D","og_url":"https:\/\/alcads.com\/cs\/product\/online-koucovani-skoleni-2d-3-hodiny\/","og_site_name":"Alcads","article_modified_time":"2024-05-20T11:04:43+00:00","og_image":[{"width":413,"height":413,"url":"https:\/\/alcads.com\/wp-content\/uploads\/2024\/04\/db178e_4768bfeef15445ada8d09a3c00f51913_mv2.webp","type":"image\/webp"}],"twitter_card":"summary_large_image","twitter_misc":{"Odhadovan\u00e1 doba \u010dten\u00ed":"1 minuta"},"schema":{"@context":"https:\/\/schema.org","@graph":[{"@type":"WebPage","@id":"https:\/\/alcads.com\/cs\/product\/online-koucovani-skoleni-2d-3-hodiny\/","url":"https:\/\/alcads.com\/cs\/product\/online-koucovani-skoleni-2d-3-hodiny\/","name":"Online kou\u010dov\u00e1n\u00ed\/\u0161kolen\u00ed 2D - 3 hodiny - Alcads","isPartOf":{"@id":"https:\/\/alcads.com\/cs\/#website"},"primaryImageOfPage":{"@id":"https:\/\/alcads.com\/cs\/product\/online-koucovani-skoleni-2d-3-hodiny\/#primaryimage"},"image":{"@id":"https:\/\/alcads.com\/cs\/product\/online-koucovani-skoleni-2d-3-hodiny\/#primaryimage"},"thumbnailUrl":"https:\/\/alcads.com\/wp-content\/uploads\/2024\/04\/db178e_4768bfeef15445ada8d09a3c00f51913_mv2.webp","datePublished":"2024-05-02T05:35:36+00:00","dateModified":"2024-05-20T11:04:43+00:00","breadcrumb":{"@id":"https:\/\/alcads.com\/cs\/product\/online-koucovani-skoleni-2d-3-hodiny\/#breadcrumb"},"inLanguage":"cs","potentialAction":[{"@type":"ReadAction","target":["https:\/\/alcads.com\/cs\/product\/online-koucovani-skoleni-2d-3-hodiny\/"]}]},{"@type":"ImageObject","inLanguage":"cs","@id":"https:\/\/alcads.com\/cs\/product\/online-koucovani-skoleni-2d-3-hodiny\/#primaryimage","url":"https:\/\/alcads.com\/wp-content\/uploads\/2024\/04\/db178e_4768bfeef15445ada8d09a3c00f51913_mv2.webp","contentUrl":"https:\/\/alcads.com\/wp-content\/uploads\/2024\/04\/db178e_4768bfeef15445ada8d09a3c00f51913_mv2.webp","width":413,"height":413,"caption":"online cad coaching"},{"@type":"BreadcrumbList","@id":"https:\/\/alcads.com\/cs\/product\/online-koucovani-skoleni-2d-3-hodiny\/#breadcrumb","itemListElement":[{"@type":"ListItem","position":1,"name":"Home","item":"https:\/\/alcads.com\/cs\/"},{"@type":"ListItem","position":2,"name":"Obchod","item":"https:\/\/alcads.com\/cs\/obchod\/"},{"@type":"ListItem","position":3,"name":"Online kou\u010dov\u00e1n\u00ed\/\u0161kolen\u00ed 2D &#8211; 3 hodiny"}]},{"@type":"WebSite","@id":"https:\/\/alcads.com\/cs\/#website","url":"https:\/\/alcads.com\/cs\/","name":"Alcads","description":"The Best AutoCAD Alternative","publisher":{"@id":"https:\/\/alcads.com\/cs\/#organization"},"potentialAction":[{"@type":"SearchAction","target":{"@type":"EntryPoint","urlTemplate":"https:\/\/alcads.com\/cs\/?s={search_term_string}"},"query-input":{"@type":"PropertyValueSpecification","valueRequired":true,"valueName":"search_term_string"}}],"inLanguage":"cs"},{"@type":"Organization","@id":"https:\/\/alcads.com\/cs\/#organization","name":"Alcads","url":"https:\/\/alcads.com\/cs\/","logo":{"@type":"ImageObject","inLanguage":"cs","@id":"https:\/\/alcads.com\/cs\/#\/schema\/logo\/image\/","url":"https:\/\/alcads.com\/wp-content\/uploads\/2024\/05\/logo.png","contentUrl":"https:\/\/alcads.com\/wp-content\/uploads\/2024\/05\/logo.png","width":122,"height":42,"caption":"Alcads"},"image":{"@id":"https:\/\/alcads.com\/cs\/#\/schema\/logo\/image\/"}}]}},"jetpack_sharing_enabled":true,"_links":{"self":[{"href":"https:\/\/alcads.com\/cs\/wp-json\/wp\/v2\/product\/105269","targetHints":{"allow":["GET"]}}],"collection":[{"href":"https:\/\/alcads.com\/cs\/wp-json\/wp\/v2\/product"}],"about":[{"href":"https:\/\/alcads.com\/cs\/wp-json\/wp\/v2\/types\/product"}],"replies":[{"embeddable":true,"href":"https:\/\/alcads.com\/cs\/wp-json\/wp\/v2\/comments?post=105269"}],"wp:featuredmedia":[{"embeddable":true,"href":"https:\/\/alcads.com\/cs\/wp-json\/wp\/v2\/media\/95707"}],"wp:attachment":[{"href":"https:\/\/alcads.com\/cs\/wp-json\/wp\/v2\/media?parent=105269"}],"wp:term":[{"taxonomy":"product_brand","embeddable":true,"href":"https:\/\/alcads.com\/cs\/wp-json\/wp\/v2\/product_brand?post=105269"},{"taxonomy":"product_cat","embeddable":true,"href":"https:\/\/alcads.com\/cs\/wp-json\/wp\/v2\/product_cat?post=105269"},{"taxonomy":"product_tag","embeddable":true,"href":"https:\/\/alcads.com\/cs\/wp-json\/wp\/v2\/product_tag?post=105269"}],"curies":[{"name":"wp","href":"https:\/\/api.w.org\/{rel}","templated":true}]}}