{"id":97362,"date":"2024-04-23T05:31:04","date_gmt":"2024-04-23T05:31:04","guid":{"rendered":"https:\/\/dev.alcads.com\/privacy-policy\/"},"modified":"2024-05-20T09:58:03","modified_gmt":"2024-05-20T09:58:03","slug":"zasady-ochrany-osobnich-udaju","status":"publish","type":"page","link":"https:\/\/alcads.com\/cs\/zasady-ochrany-osobnich-udaju\/","title":{"rendered":"Z\u00e1sady ochrany osobn\u00edch \u00fadaj\u016f"},"content":{"rendered":"\n<p>Software Solution GmbH<br\/>Talacker 41<br\/>8001 Curych<br\/>\u0160v\u00fdcarsko<br\/><strong>E-mail<\/strong>: <a href=\"mailto:info@alcads.com\">info@alcads.com<\/a><\/p>\n\n<p><strong>N\u00e1zev spole\u010dnosti<\/strong>: Software Solution GmbH<\/p>\n\n<p><strong>Pov\u011b\u0159enec pro ochranu osobn\u00edch \u00fadaj\u016f<\/strong>: <strong><br\/> Software Solution GmbH<\/strong><br\/><a href=\"mailto:info@alcads.com\">info@alcads.com<\/a><\/p>\n\n<p><strong>Obecn\u00e9<\/strong><br\/>Na z\u00e1klad\u011b \u010dl\u00e1nku 13 \u0161v\u00fdcarsk\u00e9 feder\u00e1ln\u00ed \u00fastavy a ustanoven\u00ed \u0160v\u00fdcarsk\u00e9 konfederace o ochran\u011b \u00fadaj\u016f (z\u00e1kon o ochran\u011b \u00fadaj\u016f, DSG) m\u00e1 ka\u017ed\u00e1 osoba pr\u00e1vo na ochranu sv\u00e9ho soukrom\u00ed a ochranu p\u0159ed zneu\u017eit\u00edm sv\u00fdch osobn\u00edch \u00fadaj\u016f. Provozovatel\u00e9 t\u011bchto str\u00e1nek berou ochranu va\u0161ich osobn\u00edch \u00fadaj\u016f velmi v\u00e1\u017en\u011b. S va\u0161imi osobn\u00edmi \u00fadaji zach\u00e1z\u00edme d\u016fv\u011brn\u011b a v souladu s pr\u00e1vn\u00edmi p\u0159edpisy o ochran\u011b osobn\u00edch \u00fadaj\u016f i s t\u011bmito z\u00e1sadami ochrany osobn\u00edch \u00fadaj\u016f.<\/p>\n\n<p>Ve spolupr\u00e1ci s na\u0161imi poskytovateli hostingu se sna\u017e\u00edme datab\u00e1ze co nejl\u00e9pe chr\u00e1nit p\u0159ed neopr\u00e1vn\u011bn\u00fdm p\u0159\u00edstupem, ztr\u00e1tou, zneu\u017eit\u00edm nebo zfal\u0161ov\u00e1n\u00edm.<\/p>\n\n<p>R\u00e1di bychom upozornili, \u017ee p\u0159enos dat na internetu (nap\u0159. komunikace prost\u0159ednictv\u00edm e-mailu) m\u016f\u017ee m\u00edt bezpe\u010dnostn\u00ed mezery. \u00dapln\u00e1 ochrana \u00fadaj\u016f p\u0159ed p\u0159\u00edstupem t\u0159et\u00edch stran nen\u00ed mo\u017en\u00e1.<\/p>\n\n<p>Pou\u017e\u00edv\u00e1n\u00edm t\u011bchto webov\u00fdch str\u00e1nek souhlas\u00edte se shroma\u017e\u010fov\u00e1n\u00edm, zpracov\u00e1n\u00edm a pou\u017e\u00edv\u00e1n\u00edm \u00fadaj\u016f v souladu s n\u00e1sleduj\u00edc\u00edm popisem. Tyto webov\u00e9 str\u00e1nky lze obecn\u011b nav\u0161t\u00edvit bez registrace. \u00dadaje, jako jsou nav\u0161t\u00edven\u00e9 str\u00e1nky nebo n\u00e1zvy nav\u0161t\u00edven\u00fdch soubor\u016f, datum a \u010das, se ukl\u00e1daj\u00ed na serveru pro statistick\u00e9 \u00fa\u010dely, ani\u017e by tyto \u00fadaje p\u0159\u00edmo souvisely s va\u0161\u00ed osobou. Osobn\u00ed \u00fadaje, zejm\u00e9na jm\u00e9no, adresa nebo e-mailov\u00e1 adresa, jsou shroma\u017e\u010fov\u00e1ny pokud mo\u017eno dobrovoln\u011b. Bez va\u0161eho souhlasu nebudou \u00fadaje p\u0159ed\u00e1ny t\u0159et\u00edm stran\u00e1m.<\/p>\n\n<p><strong>Zpracov\u00e1n\u00ed osobn\u00edch \u00fadaj\u016f<\/strong><br\/>Osobn\u00ed \u00fadaje jsou ve\u0161ker\u00e9 informace, kter\u00e9 se t\u00fdkaj\u00ed identifikovan\u00e9 nebo identifikovateln\u00e9 osoby. Subjekt \u00fadaj\u016f je osoba, o n\u00ed\u017e se zpracov\u00e1vaj\u00ed osobn\u00ed \u00fadaje. Zpracov\u00e1n\u00ed zahrnuje jak\u00e9koli nakl\u00e1d\u00e1n\u00ed s osobn\u00edmi \u00fadaji bez ohledu na pou\u017eit\u00e9 prost\u0159edky a postupy, zejm\u00e9na ukl\u00e1d\u00e1n\u00ed, zp\u0159\u00edstup\u0148ov\u00e1n\u00ed, z\u00edsk\u00e1v\u00e1n\u00ed, vymaz\u00e1v\u00e1n\u00ed, uchov\u00e1v\u00e1n\u00ed, \u00fapravu, ni\u010den\u00ed a pou\u017e\u00edv\u00e1n\u00ed osobn\u00edch \u00fadaj\u016f.<\/p>\n\n<p>Osobn\u00ed \u00fadaje zpracov\u00e1v\u00e1me v souladu se \u0161v\u00fdcarsk\u00fdm z\u00e1konem o ochran\u011b osobn\u00edch \u00fadaj\u016f. Krom\u011b toho zpracov\u00e1v\u00e1me osobn\u00ed \u00fadaje v rozsahu a v m\u00ed\u0159e, v jak\u00e9 se na n\u00e1s vztahuje GDPR EU, na z\u00e1klad\u011b n\u00e1sleduj\u00edc\u00edch pr\u00e1vn\u00edch z\u00e1klad\u016f v souvislosti s \u010dl. 6 ODST. 1 GDPR:<br\/>lit. a) Zpracov\u00e1n\u00ed osobn\u00edch \u00fadaj\u016f se souhlasem subjektu \u00fadaj\u016f.<br\/>lit. b) Zpracov\u00e1n\u00ed osobn\u00edch \u00fadaj\u016f za \u00fa\u010delem spln\u011bn\u00ed smlouvy se subjektem \u00fadaj\u016f, jako\u017e i za \u00fa\u010delem proveden\u00ed p\u0159\u00edslu\u0161n\u00fdch opat\u0159en\u00ed p\u0159ed uzav\u0159en\u00edm smlouvy.<br\/>lit. c) Zpracov\u00e1n\u00ed osobn\u00edch \u00fadaj\u016f za \u00fa\u010delem spln\u011bn\u00ed pr\u00e1vn\u00ed povinnosti, kter\u00e1 se na n\u00e1s vztahuje podle platn\u00fdch pr\u00e1vn\u00edch p\u0159edpis\u016f EU nebo podle platn\u00fdch pr\u00e1vn\u00edch p\u0159edpis\u016f zem\u011b, v n\u00ed\u017e se GDPR pou\u017eije zcela nebo z\u010d\u00e1sti.<br\/>lit. d) Zpracov\u00e1n\u00ed osobn\u00edch \u00fadaj\u016f za \u00fa\u010delem ochrany \u017eivotn\u011b d\u016fle\u017eit\u00fdch z\u00e1jm\u016f subjektu \u00fadaj\u016f nebo jin\u00e9 fyzick\u00e9 osoby.<br\/>lit. f) Zpracov\u00e1n\u00ed osobn\u00edch \u00fadaj\u016f za \u00fa\u010delem ochrany opr\u00e1vn\u011bn\u00fdch z\u00e1jm\u016f n\u00e1s nebo t\u0159et\u00edch stran, pokud nep\u0159eva\u017euj\u00ed z\u00e1kladn\u00ed svobody, pr\u00e1va a z\u00e1jmy subjektu \u00fadaj\u016f. Mezi opr\u00e1vn\u011bn\u00e9 z\u00e1jmy pat\u0159\u00ed zejm\u00e9na n\u00e1\u0161 obchodn\u00ed z\u00e1jem na poskytov\u00e1n\u00ed na\u0161ich webov\u00fdch str\u00e1nek, bezpe\u010dnost informac\u00ed, vym\u00e1h\u00e1n\u00ed na\u0161ich vlastn\u00edch pr\u00e1vn\u00edch n\u00e1rok\u016f a dodr\u017eov\u00e1n\u00ed \u0161v\u00fdcarsk\u00fdch z\u00e1kon\u016f.<\/p>\n\n<p>Osobn\u00ed \u00fadaje zpracov\u00e1v\u00e1me po dobu nezbytnou pro dan\u00fd \u00fa\u010del nebo \u00fa\u010dely. V p\u0159\u00edpad\u011b dlouhodob\u011bj\u0161\u00edho uchov\u00e1v\u00e1n\u00ed \u00fadaj\u016f z d\u016fvodu z\u00e1konn\u00fdch a jin\u00fdch povinnost\u00ed, kter\u00e9 se na n\u00e1s vztahuj\u00ed, zpracov\u00e1n\u00ed odpov\u00eddaj\u00edc\u00edm zp\u016fsobem omez\u00edme.<\/p>\n\n<p><strong>Soubory cookie<\/strong><br\/>Tyto webov\u00e9 str\u00e1nky pou\u017e\u00edvaj\u00ed soubory cookie. Jedn\u00e1 se o mal\u00e9 textov\u00e9 soubory, kter\u00e9 umo\u017e\u0148uj\u00ed ukl\u00e1dat specifick\u00e9 informace t\u00fdkaj\u00edc\u00ed se u\u017eivatele na jeho koncov\u00e9m za\u0159\u00edzen\u00ed b\u011bhem pou\u017e\u00edv\u00e1n\u00ed webov\u00e9 str\u00e1nky. Soubory cookie umo\u017e\u0148uj\u00ed zejm\u00e9na zjistit frekvenci pou\u017e\u00edv\u00e1n\u00ed a po\u010det u\u017eivatel\u016f str\u00e1nek, analyzovat vzorce chov\u00e1n\u00ed p\u0159i pou\u017e\u00edv\u00e1n\u00ed str\u00e1nek, ale tak\u00e9 u\u010dinit na\u0161i nab\u00eddku p\u0159\u00edv\u011btiv\u011bj\u0161\u00ed pro z\u00e1kazn\u00edky. Soubory cookie z\u016fst\u00e1vaj\u00ed ulo\u017eeny i po skon\u010den\u00ed relace prohl\u00ed\u017ee\u010de a mohou b\u00fdt na\u010dteny p\u0159i dal\u0161\u00ed n\u00e1v\u0161t\u011bv\u011b webu. Pokud si to nep\u0159ejete, m\u011bli byste nastavit sv\u016fj internetov\u00fd prohl\u00ed\u017ee\u010d tak, aby odm\u00edtal p\u0159ij\u00edmat soubory cookie.<\/p>\n\n<p>Obecn\u00fd nesouhlas s pou\u017e\u00edv\u00e1n\u00edm soubor\u016f cookie pro \u00fa\u010dely online marketingu lze u velk\u00e9ho po\u010dtu slu\u017eeb, zejm\u00e9na v p\u0159\u00edpad\u011b sledov\u00e1n\u00ed, vyj\u00e1d\u0159it prost\u0159ednictv\u00edm americk\u00fdch str\u00e1nek <a href=\"http:\/\/www.aboutads.info\/choices\/\">http:\/\/www.aboutads.info\/choices\/<\/a> nebo str\u00e1nek EU <a href=\"http:\/\/www.youronlinechoices.com\/\">http:\/\/www.youronlinechoices.com\/<\/a>. Krom\u011b toho lze ukl\u00e1d\u00e1n\u00ed soubor\u016f cookie zak\u00e1zat v nastaven\u00ed prohl\u00ed\u017ee\u010de. Vezm\u011bte pros\u00edm na v\u011bdom\u00ed, \u017ee v tomto p\u0159\u00edpad\u011b nelze vyu\u017e\u00edt v\u0161echny funkce t\u00e9to online nab\u00eddky.<\/p>\n\n<p><strong>Se \u0161ifrov\u00e1n\u00edm SSL\/TLS<\/strong><br\/>Tyto webov\u00e9 str\u00e1nky pou\u017e\u00edvaj\u00ed \u0161ifrov\u00e1n\u00ed SSL\/TLS z bezpe\u010dnostn\u00edch d\u016fvod\u016f a k ochran\u011b p\u0159enosu d\u016fv\u011brn\u00e9ho obsahu, nap\u0159\u00edklad po\u017eadavk\u016f, kter\u00e9 n\u00e1m jako provozovateli str\u00e1nek zas\u00edl\u00e1te. \u0160ifrovan\u00e9 p\u0159ipojen\u00ed pozn\u00e1te podle toho, \u017ee se adresn\u00ed \u0159\u00e1dek prohl\u00ed\u017ee\u010de zm\u011bn\u00ed z &#8220;&#8221;http:\/\/&#8221;&#8221; na &#8220;&#8221;https:\/\/&#8221;&#8221; a podle symbolu z\u00e1mku v \u0159\u00e1dku prohl\u00ed\u017ee\u010de.<\/p>\n\n<p>Pokud je aktivov\u00e1no \u0161ifrov\u00e1n\u00ed SSL nebo TLS, nemohou \u00fadaje, kter\u00e9 n\u00e1m p\u0159ed\u00e1v\u00e1te, \u010d\u00edst t\u0159et\u00ed strany.<\/p>\n\n<p><strong>Kontaktn\u00ed formul\u00e1\u0159<\/strong><br\/>Pokud n\u00e1m za\u0161lete dotaz prost\u0159ednictv\u00edm kontaktn\u00edho formul\u00e1\u0159e, va\u0161e \u00fadaje z popt\u00e1vkov\u00e9ho formul\u00e1\u0159e v\u010detn\u011b kontaktn\u00edch \u00fadaj\u016f, kter\u00e9 jste v n\u011bm uvedli, budou ulo\u017eeny pro \u00fa\u010dely zpracov\u00e1n\u00ed dotazu a v p\u0159\u00edpad\u011b n\u00e1sledn\u00fdch dotaz\u016f. Tyto \u00fadaje nep\u0159ed\u00e1v\u00e1me bez va\u0161eho souhlasu.<\/p>\n\n<p><strong>Zpravodaj<\/strong><br\/>Pokud chcete dost\u00e1vat newsletter nab\u00edzen\u00fd na t\u011bchto webov\u00fdch str\u00e1nk\u00e1ch, pot\u0159ebujeme od v\u00e1s e-mailovou adresu a informace, kter\u00e9 n\u00e1m umo\u017en\u00ed ov\u011b\u0159it, \u017ee jste vlastn\u00edkem uveden\u00e9 e-mailov\u00e9 adresy a souhlas\u00edte se zas\u00edl\u00e1n\u00edm newsletteru. Dal\u0161\u00ed \u00fadaje nebudou shroma\u017e\u010fov\u00e1ny. Tyto \u00fadaje pou\u017e\u00edv\u00e1me v\u00fdhradn\u011b pro zas\u00edl\u00e1n\u00ed po\u017eadovan\u00fdch informac\u00ed a nep\u0159ed\u00e1v\u00e1me je t\u0159et\u00edm stran\u00e1m.<\/p>\n\n<p>Sv\u016fj souhlas s uchov\u00e1v\u00e1n\u00edm \u00fadaj\u016f, e-mailov\u00e9 adresy a jejich pou\u017eit\u00edm pro zas\u00edl\u00e1n\u00ed newsletteru m\u016f\u017eete kdykoli odvolat, nap\u0159\u00edklad prost\u0159ednictv\u00edm &#8220;&#8221;odhla\u0161ovac\u00edho odkazu&#8221;&#8221; v newsletteru.<\/p>\n\n<p><strong>Autorsk\u00e1 pr\u00e1va<\/strong><br\/>Autorsk\u00e1 pr\u00e1va a ve\u0161ker\u00e1 dal\u0161\u00ed pr\u00e1va k obsahu, obr\u00e1zk\u016fm, fotografi\u00edm nebo jin\u00fdm soubor\u016fm na t\u011bchto webov\u00fdch str\u00e1nk\u00e1ch n\u00e1le\u017e\u00ed v\u00fdhradn\u011b provozovateli t\u011bchto webov\u00fdch str\u00e1nek nebo konkr\u00e9tn\u011b uveden\u00fdm dr\u017eitel\u016fm autorsk\u00fdch pr\u00e1v. K reprodukci v\u0161ech soubor\u016f je t\u0159eba p\u0159edem z\u00edskat p\u00edsemn\u00fd souhlas dr\u017eitele autorsk\u00fdch pr\u00e1v.<br\/>Ka\u017ed\u00fd, kdo se dopust\u00ed poru\u0161en\u00ed autorsk\u00fdch pr\u00e1v bez souhlasu p\u0159\u00edslu\u0161n\u00e9ho dr\u017eitele autorsk\u00fdch pr\u00e1v, m\u016f\u017ee b\u00fdt vystaven trestn\u00edmu st\u00edh\u00e1n\u00ed a p\u0159\u00edpadn\u011b i n\u00e1hrad\u011b \u0161kody.<\/p>\n\n<p><strong>Odm\u00edtnut\u00ed odpov\u011bdnosti<\/strong><br\/>V\u0161echny informace na na\u0161ich webov\u00fdch str\u00e1nk\u00e1ch byly pe\u010dliv\u011b zkontrolov\u00e1ny. Vynakl\u00e1d\u00e1me ve\u0161ker\u00e9 \u00fasil\u00ed, abychom zajistili aktu\u00e1lnost, spr\u00e1vnost a \u00faplnost poskytovan\u00fdch informac\u00ed. Nicm\u00e9n\u011b v\u00fdskyt chyb nelze zcela vylou\u010dit, tak\u017ee nem\u016f\u017eeme zaru\u010dit \u00faplnost, p\u0159esnost a aktu\u00e1lnost informac\u00ed, v\u010detn\u011b novin\u00e1\u0159sko-redak\u010dn\u00edho charakteru. N\u00e1roky na n\u00e1hradu \u0161kody zp\u016fsoben\u00e9 pou\u017eit\u00edm jak\u00fdchkoli poskytnut\u00fdch informac\u00ed, v\u010detn\u011b jak\u00fdchkoli ne\u00fapln\u00fdch nebo nespr\u00e1vn\u00fdch informac\u00ed, budou proto zam\u00edtnuty.<br\/>Vydavatel m\u016f\u017ee m\u011bnit nebo mazat texty podle vlastn\u00edho uv\u00e1\u017een\u00ed a bez p\u0159edchoz\u00edho upozorn\u011bn\u00ed a nen\u00ed povinen aktualizovat obsah t\u011bchto webov\u00fdch str\u00e1nek. Pou\u017e\u00edv\u00e1n\u00ed t\u011bchto webov\u00fdch str\u00e1nek nebo p\u0159\u00edstup na n\u011b je na vlastn\u00ed nebezpe\u010d\u00ed n\u00e1v\u0161t\u011bvn\u00edka. Vydavatel, jeho klienti ani partne\u0159i nenesou odpov\u011bdnost za \u0161kody, jako jsou p\u0159\u00edm\u00e9, nep\u0159\u00edm\u00e9, n\u00e1hodn\u00e9, n\u00e1sledn\u00e9 nebo sank\u010dn\u011b nahrazovan\u00e9 \u0161kody, \u00fadajn\u011b zp\u016fsoben\u00e9 n\u00e1v\u0161t\u011bvou t\u011bchto webov\u00fdch str\u00e1nek, a proto za n\u011b nenesou \u017e\u00e1dnou odpov\u011bdnost.<br\/>Vydavatel rovn\u011b\u017e nenese \u017e\u00e1dnou odpov\u011bdnost za obsah a dostupnost webov\u00fdch str\u00e1nek t\u0159et\u00edch stran, kter\u00e9 jsou p\u0159\u00edstupn\u00e9 prost\u0159ednictv\u00edm extern\u00edch odkaz\u016f na t\u011bchto webov\u00fdch str\u00e1nk\u00e1ch. Za obsah odkazovan\u00fdch str\u00e1nek odpov\u00eddaj\u00ed v\u00fdhradn\u011b jejich provozovatel\u00e9. Vydavatel se tak v\u00fdslovn\u011b distancuje od ve\u0161ker\u00e9ho obsahu t\u0159et\u00edch stran, kter\u00fd m\u016f\u017ee b\u00fdt relevantn\u00ed z hlediska trestn\u00edho pr\u00e1va nebo odpov\u011bdnosti za \u0161kodu nebo kter\u00fd m\u016f\u017ee ur\u00e1\u017eet dobr\u00e9 mravy.<\/p>\n\n<p><strong>Odm\u00edtnut\u00ed odpov\u011bdnosti<\/strong><br\/>Autor nenese \u017e\u00e1dnou odpov\u011bdnost za spr\u00e1vnost, p\u0159esnost, aktu\u00e1lnost, spolehlivost a \u00faplnost informac\u00ed.<br\/>N\u00e1roky na odpov\u011bdnost v\u016f\u010di autorovi za hmotnou nebo nehmotnou \u0161kodu vzniklou v d\u016fsledku p\u0159\u00edstupu ke zve\u0159ejn\u011bn\u00fdm informac\u00edm, jejich pou\u017e\u00edv\u00e1n\u00ed nebo nepou\u017e\u00edv\u00e1n\u00ed, zneu\u017eit\u00ed p\u0159ipojen\u00ed nebo technick\u00fdch z\u00e1vad jsou vylou\u010deny.<\/p>\n\n<p>V\u0161echny nab\u00eddky jsou nez\u00e1vazn\u00e9. Autor si v\u00fdslovn\u011b vyhrazuje pr\u00e1vo m\u011bnit, dopl\u0148ovat nebo odstra\u0148ovat \u010d\u00e1sti str\u00e1nek nebo celou nab\u00eddku bez p\u0159edchoz\u00edho upozorn\u011bn\u00ed nebo do\u010dasn\u011b \u010di trvale ukon\u010dit jej\u00ed zve\u0159ej\u0148ov\u00e1n\u00ed.<\/p>\n","protected":false},"excerpt":{"rendered":"<p>Software Solution GmbHTalacker 418001 Curych\u0160v\u00fdcarskoE-mail: info@alcads.com N\u00e1zev spole\u010dnosti: Software Solution GmbH Pov\u011b\u0159enec pro ochranu osobn\u00edch \u00fadaj\u016f: Software Solution GmbHinfo@alcads.com Obecn\u00e9Na z\u00e1klad\u011b \u010dl\u00e1nku 13 \u0161v\u00fdcarsk\u00e9 feder\u00e1ln\u00ed \u00fastavy a ustanoven\u00ed \u0160v\u00fdcarsk\u00e9 konfederace o ochran\u011b \u00fadaj\u016f (z\u00e1kon o ochran\u011b \u00fadaj\u016f, DSG) m\u00e1 ka\u017ed\u00e1 osoba pr\u00e1vo na ochranu sv\u00e9ho soukrom\u00ed a ochranu p\u0159ed zneu\u017eit\u00edm sv\u00fdch osobn\u00edch \u00fadaj\u016f. Provozovatel\u00e9 t\u011bchto [&hellip;]<\/p>\n","protected":false},"author":1,"featured_media":0,"parent":0,"menu_order":0,"comment_status":"closed","ping_status":"closed","template":"","meta":{"_acf_changed":false,"footnotes":""},"class_list":["post-97362","page","type-page","status-publish","hentry"],"acf":[],"yoast_head":"<!-- This site is optimized with the Yoast SEO plugin v27.3 - https:\/\/yoast.com\/product\/yoast-seo-wordpress\/ -->\n<title>Z\u00e1sady ochrany osobn\u00edch \u00fadaj\u016f - Alcads<\/title>\n<meta name=\"robots\" content=\"noindex, follow\" \/>\n<meta property=\"og:locale\" content=\"cs_CZ\" \/>\n<meta property=\"og:type\" content=\"article\" \/>\n<meta property=\"og:title\" content=\"Z\u00e1sady ochrany osobn\u00edch \u00fadaj\u016f - Alcads\" \/>\n<meta property=\"og:description\" content=\"Software Solution GmbHTalacker 418001 Curych\u0160v\u00fdcarskoE-mail: info@alcads.com N\u00e1zev spole\u010dnosti: Software Solution GmbH Pov\u011b\u0159enec pro ochranu osobn\u00edch \u00fadaj\u016f: Software Solution GmbHinfo@alcads.com Obecn\u00e9Na z\u00e1klad\u011b \u010dl\u00e1nku 13 \u0161v\u00fdcarsk\u00e9 feder\u00e1ln\u00ed \u00fastavy a ustanoven\u00ed \u0160v\u00fdcarsk\u00e9 konfederace o ochran\u011b \u00fadaj\u016f (z\u00e1kon o ochran\u011b \u00fadaj\u016f, DSG) m\u00e1 ka\u017ed\u00e1 osoba pr\u00e1vo na ochranu sv\u00e9ho soukrom\u00ed a ochranu p\u0159ed zneu\u017eit\u00edm sv\u00fdch osobn\u00edch \u00fadaj\u016f. Provozovatel\u00e9 t\u011bchto [&hellip;]\" \/>\n<meta property=\"og:url\" content=\"https:\/\/alcads.com\/cs\/zasady-ochrany-osobnich-udaju\/\" \/>\n<meta property=\"og:site_name\" content=\"Alcads\" \/>\n<meta property=\"article:modified_time\" content=\"2024-05-20T09:58:03+00:00\" \/>\n<meta name=\"twitter:card\" content=\"summary_large_image\" \/>\n<meta name=\"twitter:label1\" content=\"Odhadovan\u00e1 doba \u010dten\u00ed\" \/>\n\t<meta name=\"twitter:data1\" content=\"6 minut\" \/>\n<script type=\"application\/ld+json\" class=\"yoast-schema-graph\">{\"@context\":\"https:\\\/\\\/schema.org\",\"@graph\":[{\"@type\":\"WebPage\",\"@id\":\"https:\\\/\\\/alcads.com\\\/cs\\\/zasady-ochrany-osobnich-udaju\\\/\",\"url\":\"https:\\\/\\\/alcads.com\\\/cs\\\/zasady-ochrany-osobnich-udaju\\\/\",\"name\":\"Z\u00e1sady ochrany osobn\u00edch \u00fadaj\u016f - Alcads\",\"isPartOf\":{\"@id\":\"https:\\\/\\\/alcads.com\\\/cs\\\/#website\"},\"datePublished\":\"2024-04-23T05:31:04+00:00\",\"dateModified\":\"2024-05-20T09:58:03+00:00\",\"breadcrumb\":{\"@id\":\"https:\\\/\\\/alcads.com\\\/cs\\\/zasady-ochrany-osobnich-udaju\\\/#breadcrumb\"},\"inLanguage\":\"cs\",\"potentialAction\":[{\"@type\":\"ReadAction\",\"target\":[\"https:\\\/\\\/alcads.com\\\/cs\\\/zasady-ochrany-osobnich-udaju\\\/\"]}]},{\"@type\":\"BreadcrumbList\",\"@id\":\"https:\\\/\\\/alcads.com\\\/cs\\\/zasady-ochrany-osobnich-udaju\\\/#breadcrumb\",\"itemListElement\":[{\"@type\":\"ListItem\",\"position\":1,\"name\":\"Home\",\"item\":\"https:\\\/\\\/alcads.com\\\/cs\\\/\"},{\"@type\":\"ListItem\",\"position\":2,\"name\":\"Z\u00e1sady ochrany osobn\u00edch \u00fadaj\u016f\"}]},{\"@type\":\"WebSite\",\"@id\":\"https:\\\/\\\/alcads.com\\\/cs\\\/#website\",\"url\":\"https:\\\/\\\/alcads.com\\\/cs\\\/\",\"name\":\"Alcads\",\"description\":\"The Best AutoCAD Alternative\",\"publisher\":{\"@id\":\"https:\\\/\\\/alcads.com\\\/cs\\\/#organization\"},\"potentialAction\":[{\"@type\":\"SearchAction\",\"target\":{\"@type\":\"EntryPoint\",\"urlTemplate\":\"https:\\\/\\\/alcads.com\\\/cs\\\/?s={search_term_string}\"},\"query-input\":{\"@type\":\"PropertyValueSpecification\",\"valueRequired\":true,\"valueName\":\"search_term_string\"}}],\"inLanguage\":\"cs\"},{\"@type\":\"Organization\",\"@id\":\"https:\\\/\\\/alcads.com\\\/cs\\\/#organization\",\"name\":\"Alcads\",\"url\":\"https:\\\/\\\/alcads.com\\\/cs\\\/\",\"logo\":{\"@type\":\"ImageObject\",\"inLanguage\":\"cs\",\"@id\":\"https:\\\/\\\/alcads.com\\\/cs\\\/#\\\/schema\\\/logo\\\/image\\\/\",\"url\":\"https:\\\/\\\/alcads.com\\\/wp-content\\\/uploads\\\/2024\\\/05\\\/logo.png\",\"contentUrl\":\"https:\\\/\\\/alcads.com\\\/wp-content\\\/uploads\\\/2024\\\/05\\\/logo.png\",\"width\":122,\"height\":42,\"caption\":\"Alcads\"},\"image\":{\"@id\":\"https:\\\/\\\/alcads.com\\\/cs\\\/#\\\/schema\\\/logo\\\/image\\\/\"}}]}<\/script>\n<!-- \/ Yoast SEO plugin. -->","yoast_head_json":{"title":"Z\u00e1sady ochrany osobn\u00edch \u00fadaj\u016f - Alcads","robots":{"index":"noindex","follow":"follow"},"og_locale":"cs_CZ","og_type":"article","og_title":"Z\u00e1sady ochrany osobn\u00edch \u00fadaj\u016f - Alcads","og_description":"Software Solution GmbHTalacker 418001 Curych\u0160v\u00fdcarskoE-mail: info@alcads.com N\u00e1zev spole\u010dnosti: Software Solution GmbH Pov\u011b\u0159enec pro ochranu osobn\u00edch \u00fadaj\u016f: Software Solution GmbHinfo@alcads.com Obecn\u00e9Na z\u00e1klad\u011b \u010dl\u00e1nku 13 \u0161v\u00fdcarsk\u00e9 feder\u00e1ln\u00ed \u00fastavy a ustanoven\u00ed \u0160v\u00fdcarsk\u00e9 konfederace o ochran\u011b \u00fadaj\u016f (z\u00e1kon o ochran\u011b \u00fadaj\u016f, DSG) m\u00e1 ka\u017ed\u00e1 osoba pr\u00e1vo na ochranu sv\u00e9ho soukrom\u00ed a ochranu p\u0159ed zneu\u017eit\u00edm sv\u00fdch osobn\u00edch \u00fadaj\u016f. Provozovatel\u00e9 t\u011bchto [&hellip;]","og_url":"https:\/\/alcads.com\/cs\/zasady-ochrany-osobnich-udaju\/","og_site_name":"Alcads","article_modified_time":"2024-05-20T09:58:03+00:00","twitter_card":"summary_large_image","twitter_misc":{"Odhadovan\u00e1 doba \u010dten\u00ed":"6 minut"},"schema":{"@context":"https:\/\/schema.org","@graph":[{"@type":"WebPage","@id":"https:\/\/alcads.com\/cs\/zasady-ochrany-osobnich-udaju\/","url":"https:\/\/alcads.com\/cs\/zasady-ochrany-osobnich-udaju\/","name":"Z\u00e1sady ochrany osobn\u00edch \u00fadaj\u016f - Alcads","isPartOf":{"@id":"https:\/\/alcads.com\/cs\/#website"},"datePublished":"2024-04-23T05:31:04+00:00","dateModified":"2024-05-20T09:58:03+00:00","breadcrumb":{"@id":"https:\/\/alcads.com\/cs\/zasady-ochrany-osobnich-udaju\/#breadcrumb"},"inLanguage":"cs","potentialAction":[{"@type":"ReadAction","target":["https:\/\/alcads.com\/cs\/zasady-ochrany-osobnich-udaju\/"]}]},{"@type":"BreadcrumbList","@id":"https:\/\/alcads.com\/cs\/zasady-ochrany-osobnich-udaju\/#breadcrumb","itemListElement":[{"@type":"ListItem","position":1,"name":"Home","item":"https:\/\/alcads.com\/cs\/"},{"@type":"ListItem","position":2,"name":"Z\u00e1sady ochrany osobn\u00edch \u00fadaj\u016f"}]},{"@type":"WebSite","@id":"https:\/\/alcads.com\/cs\/#website","url":"https:\/\/alcads.com\/cs\/","name":"Alcads","description":"The Best AutoCAD Alternative","publisher":{"@id":"https:\/\/alcads.com\/cs\/#organization"},"potentialAction":[{"@type":"SearchAction","target":{"@type":"EntryPoint","urlTemplate":"https:\/\/alcads.com\/cs\/?s={search_term_string}"},"query-input":{"@type":"PropertyValueSpecification","valueRequired":true,"valueName":"search_term_string"}}],"inLanguage":"cs"},{"@type":"Organization","@id":"https:\/\/alcads.com\/cs\/#organization","name":"Alcads","url":"https:\/\/alcads.com\/cs\/","logo":{"@type":"ImageObject","inLanguage":"cs","@id":"https:\/\/alcads.com\/cs\/#\/schema\/logo\/image\/","url":"https:\/\/alcads.com\/wp-content\/uploads\/2024\/05\/logo.png","contentUrl":"https:\/\/alcads.com\/wp-content\/uploads\/2024\/05\/logo.png","width":122,"height":42,"caption":"Alcads"},"image":{"@id":"https:\/\/alcads.com\/cs\/#\/schema\/logo\/image\/"}}]}},"jetpack_sharing_enabled":true,"_links":{"self":[{"href":"https:\/\/alcads.com\/cs\/wp-json\/wp\/v2\/pages\/97362","targetHints":{"allow":["GET"]}}],"collection":[{"href":"https:\/\/alcads.com\/cs\/wp-json\/wp\/v2\/pages"}],"about":[{"href":"https:\/\/alcads.com\/cs\/wp-json\/wp\/v2\/types\/page"}],"author":[{"embeddable":true,"href":"https:\/\/alcads.com\/cs\/wp-json\/wp\/v2\/users\/1"}],"replies":[{"embeddable":true,"href":"https:\/\/alcads.com\/cs\/wp-json\/wp\/v2\/comments?post=97362"}],"version-history":[{"count":2,"href":"https:\/\/alcads.com\/cs\/wp-json\/wp\/v2\/pages\/97362\/revisions"}],"predecessor-version":[{"id":102159,"href":"https:\/\/alcads.com\/cs\/wp-json\/wp\/v2\/pages\/97362\/revisions\/102159"}],"wp:attachment":[{"href":"https:\/\/alcads.com\/cs\/wp-json\/wp\/v2\/media?parent=97362"}],"curies":[{"name":"wp","href":"https:\/\/api.w.org\/{rel}","templated":true}]}}