{"id":97340,"date":"2024-04-23T07:10:29","date_gmt":"2024-04-23T07:10:29","guid":{"rendered":"https:\/\/dev.alcads.com\/download\/"},"modified":"2025-09-12T14:55:22","modified_gmt":"2025-09-12T14:55:22","slug":"stahnout","status":"publish","type":"page","link":"https:\/\/alcads.com\/cs\/stahnout\/","title":{"rendered":"St\u00e1hnout"},"content":{"rendered":"","protected":false},"excerpt":{"rendered":"","protected":false},"author":1,"featured_media":0,"parent":0,"menu_order":0,"comment_status":"closed","ping_status":"closed","template":"page-template\/download.php","meta":{"_acf_changed":false,"footnotes":""},"class_list":["post-97340","page","type-page","status-publish","hentry"],"acf":[],"yoast_head":"<!-- This site is optimized with the Yoast SEO plugin v27.3 - https:\/\/yoast.com\/product\/yoast-seo-wordpress\/ -->\n<title>St\u00e1hnout - Alcads<\/title>\n<meta name=\"description\" content=\"St\u00e1hn\u011bte si ALCAD Professional 2D\/3D CAD s MEP pluginy \u2013 ro\u010dn\u00ed licence! Bezplatn\u00e1 15denn\u00ed zku\u0161ebn\u00ed verze, kompatibilita s Windows a v\u00fdukov\u00e9 programy pro bezprobl\u00e9mov\u00e9 nastaven\u00ed. St\u00e1hnout nyn\u00ed!\" \/>\n<meta name=\"robots\" content=\"index, follow, max-snippet:-1, max-image-preview:large, max-video-preview:-1\" \/>\n<link rel=\"canonical\" href=\"https:\/\/alcads.com\/cs\/stahnout\/\" \/>\n<meta property=\"og:locale\" content=\"cs_CZ\" \/>\n<meta property=\"og:type\" content=\"article\" \/>\n<meta property=\"og:title\" content=\"St\u00e1hnout - Alcads\" \/>\n<meta property=\"og:description\" content=\"St\u00e1hn\u011bte si ALCAD Professional 2D\/3D CAD s MEP pluginy \u2013 ro\u010dn\u00ed licence! Bezplatn\u00e1 15denn\u00ed zku\u0161ebn\u00ed verze, kompatibilita s Windows a v\u00fdukov\u00e9 programy pro bezprobl\u00e9mov\u00e9 nastaven\u00ed. St\u00e1hnout nyn\u00ed!\" \/>\n<meta property=\"og:url\" content=\"https:\/\/alcads.com\/cs\/stahnout\/\" \/>\n<meta property=\"og:site_name\" content=\"Alcads\" \/>\n<meta property=\"article:modified_time\" content=\"2025-09-12T14:55:22+00:00\" \/>\n<meta name=\"twitter:card\" content=\"summary_large_image\" \/>\n<script type=\"application\/ld+json\" class=\"yoast-schema-graph\">{\"@context\":\"https:\\\/\\\/schema.org\",\"@graph\":[{\"@type\":\"WebPage\",\"@id\":\"https:\\\/\\\/alcads.com\\\/cs\\\/stahnout\\\/\",\"url\":\"https:\\\/\\\/alcads.com\\\/cs\\\/stahnout\\\/\",\"name\":\"St\u00e1hnout - Alcads\",\"isPartOf\":{\"@id\":\"https:\\\/\\\/alcads.com\\\/cs\\\/#website\"},\"datePublished\":\"2024-04-23T07:10:29+00:00\",\"dateModified\":\"2025-09-12T14:55:22+00:00\",\"description\":\"St\u00e1hn\u011bte si ALCAD Professional 2D\\\/3D CAD s MEP pluginy \u2013 ro\u010dn\u00ed licence! Bezplatn\u00e1 15denn\u00ed zku\u0161ebn\u00ed verze, kompatibilita s Windows a v\u00fdukov\u00e9 programy pro bezprobl\u00e9mov\u00e9 nastaven\u00ed. St\u00e1hnout nyn\u00ed!\",\"breadcrumb\":{\"@id\":\"https:\\\/\\\/alcads.com\\\/cs\\\/stahnout\\\/#breadcrumb\"},\"inLanguage\":\"cs\",\"potentialAction\":[{\"@type\":\"ReadAction\",\"target\":[\"https:\\\/\\\/alcads.com\\\/cs\\\/stahnout\\\/\"]}]},{\"@type\":\"BreadcrumbList\",\"@id\":\"https:\\\/\\\/alcads.com\\\/cs\\\/stahnout\\\/#breadcrumb\",\"itemListElement\":[{\"@type\":\"ListItem\",\"position\":1,\"name\":\"Home\",\"item\":\"https:\\\/\\\/alcads.com\\\/cs\\\/\"},{\"@type\":\"ListItem\",\"position\":2,\"name\":\"St\u00e1hnout\"}]},{\"@type\":\"WebSite\",\"@id\":\"https:\\\/\\\/alcads.com\\\/cs\\\/#website\",\"url\":\"https:\\\/\\\/alcads.com\\\/cs\\\/\",\"name\":\"Alcads\",\"description\":\"The Best AutoCAD Alternative\",\"publisher\":{\"@id\":\"https:\\\/\\\/alcads.com\\\/cs\\\/#organization\"},\"potentialAction\":[{\"@type\":\"SearchAction\",\"target\":{\"@type\":\"EntryPoint\",\"urlTemplate\":\"https:\\\/\\\/alcads.com\\\/cs\\\/?s={search_term_string}\"},\"query-input\":{\"@type\":\"PropertyValueSpecification\",\"valueRequired\":true,\"valueName\":\"search_term_string\"}}],\"inLanguage\":\"cs\"},{\"@type\":\"Organization\",\"@id\":\"https:\\\/\\\/alcads.com\\\/cs\\\/#organization\",\"name\":\"Alcads\",\"url\":\"https:\\\/\\\/alcads.com\\\/cs\\\/\",\"logo\":{\"@type\":\"ImageObject\",\"inLanguage\":\"cs\",\"@id\":\"https:\\\/\\\/alcads.com\\\/cs\\\/#\\\/schema\\\/logo\\\/image\\\/\",\"url\":\"https:\\\/\\\/alcads.com\\\/wp-content\\\/uploads\\\/2024\\\/05\\\/logo.png\",\"contentUrl\":\"https:\\\/\\\/alcads.com\\\/wp-content\\\/uploads\\\/2024\\\/05\\\/logo.png\",\"width\":122,\"height\":42,\"caption\":\"Alcads\"},\"image\":{\"@id\":\"https:\\\/\\\/alcads.com\\\/cs\\\/#\\\/schema\\\/logo\\\/image\\\/\"}}]}<\/script>\n<!-- \/ Yoast SEO plugin. -->","yoast_head_json":{"title":"St\u00e1hnout - Alcads","description":"St\u00e1hn\u011bte si ALCAD Professional 2D\/3D CAD s MEP pluginy \u2013 ro\u010dn\u00ed licence! Bezplatn\u00e1 15denn\u00ed zku\u0161ebn\u00ed verze, kompatibilita s Windows a v\u00fdukov\u00e9 programy pro bezprobl\u00e9mov\u00e9 nastaven\u00ed. St\u00e1hnout nyn\u00ed!","robots":{"index":"index","follow":"follow","max-snippet":"max-snippet:-1","max-image-preview":"max-image-preview:large","max-video-preview":"max-video-preview:-1"},"canonical":"https:\/\/alcads.com\/cs\/stahnout\/","og_locale":"cs_CZ","og_type":"article","og_title":"St\u00e1hnout - Alcads","og_description":"St\u00e1hn\u011bte si ALCAD Professional 2D\/3D CAD s MEP pluginy \u2013 ro\u010dn\u00ed licence! Bezplatn\u00e1 15denn\u00ed zku\u0161ebn\u00ed verze, kompatibilita s Windows a v\u00fdukov\u00e9 programy pro bezprobl\u00e9mov\u00e9 nastaven\u00ed. St\u00e1hnout nyn\u00ed!","og_url":"https:\/\/alcads.com\/cs\/stahnout\/","og_site_name":"Alcads","article_modified_time":"2025-09-12T14:55:22+00:00","twitter_card":"summary_large_image","schema":{"@context":"https:\/\/schema.org","@graph":[{"@type":"WebPage","@id":"https:\/\/alcads.com\/cs\/stahnout\/","url":"https:\/\/alcads.com\/cs\/stahnout\/","name":"St\u00e1hnout - Alcads","isPartOf":{"@id":"https:\/\/alcads.com\/cs\/#website"},"datePublished":"2024-04-23T07:10:29+00:00","dateModified":"2025-09-12T14:55:22+00:00","description":"St\u00e1hn\u011bte si ALCAD Professional 2D\/3D CAD s MEP pluginy \u2013 ro\u010dn\u00ed licence! Bezplatn\u00e1 15denn\u00ed zku\u0161ebn\u00ed verze, kompatibilita s Windows a v\u00fdukov\u00e9 programy pro bezprobl\u00e9mov\u00e9 nastaven\u00ed. St\u00e1hnout nyn\u00ed!","breadcrumb":{"@id":"https:\/\/alcads.com\/cs\/stahnout\/#breadcrumb"},"inLanguage":"cs","potentialAction":[{"@type":"ReadAction","target":["https:\/\/alcads.com\/cs\/stahnout\/"]}]},{"@type":"BreadcrumbList","@id":"https:\/\/alcads.com\/cs\/stahnout\/#breadcrumb","itemListElement":[{"@type":"ListItem","position":1,"name":"Home","item":"https:\/\/alcads.com\/cs\/"},{"@type":"ListItem","position":2,"name":"St\u00e1hnout"}]},{"@type":"WebSite","@id":"https:\/\/alcads.com\/cs\/#website","url":"https:\/\/alcads.com\/cs\/","name":"Alcads","description":"The Best AutoCAD Alternative","publisher":{"@id":"https:\/\/alcads.com\/cs\/#organization"},"potentialAction":[{"@type":"SearchAction","target":{"@type":"EntryPoint","urlTemplate":"https:\/\/alcads.com\/cs\/?s={search_term_string}"},"query-input":{"@type":"PropertyValueSpecification","valueRequired":true,"valueName":"search_term_string"}}],"inLanguage":"cs"},{"@type":"Organization","@id":"https:\/\/alcads.com\/cs\/#organization","name":"Alcads","url":"https:\/\/alcads.com\/cs\/","logo":{"@type":"ImageObject","inLanguage":"cs","@id":"https:\/\/alcads.com\/cs\/#\/schema\/logo\/image\/","url":"https:\/\/alcads.com\/wp-content\/uploads\/2024\/05\/logo.png","contentUrl":"https:\/\/alcads.com\/wp-content\/uploads\/2024\/05\/logo.png","width":122,"height":42,"caption":"Alcads"},"image":{"@id":"https:\/\/alcads.com\/cs\/#\/schema\/logo\/image\/"}}]}},"jetpack_sharing_enabled":true,"_links":{"self":[{"href":"https:\/\/alcads.com\/cs\/wp-json\/wp\/v2\/pages\/97340","targetHints":{"allow":["GET"]}}],"collection":[{"href":"https:\/\/alcads.com\/cs\/wp-json\/wp\/v2\/pages"}],"about":[{"href":"https:\/\/alcads.com\/cs\/wp-json\/wp\/v2\/types\/page"}],"author":[{"embeddable":true,"href":"https:\/\/alcads.com\/cs\/wp-json\/wp\/v2\/users\/1"}],"replies":[{"embeddable":true,"href":"https:\/\/alcads.com\/cs\/wp-json\/wp\/v2\/comments?post=97340"}],"version-history":[{"count":3,"href":"https:\/\/alcads.com\/cs\/wp-json\/wp\/v2\/pages\/97340\/revisions"}],"predecessor-version":[{"id":114055,"href":"https:\/\/alcads.com\/cs\/wp-json\/wp\/v2\/pages\/97340\/revisions\/114055"}],"wp:attachment":[{"href":"https:\/\/alcads.com\/cs\/wp-json\/wp\/v2\/media?parent=97340"}],"curies":[{"name":"wp","href":"https:\/\/api.w.org\/{rel}","templated":true}]}}