{"id":97296,"date":"2024-04-23T07:11:59","date_gmt":"2024-04-23T07:11:59","guid":{"rendered":"https:\/\/dev.alcads.com\/blog\/"},"modified":"2024-05-20T07:53:21","modified_gmt":"2024-05-20T07:53:21","slug":"blog","status":"publish","type":"page","link":"https:\/\/alcads.com\/cs\/blog\/","title":{"rendered":"Blog"},"content":{"rendered":"","protected":false},"excerpt":{"rendered":"","protected":false},"author":1,"featured_media":0,"parent":0,"menu_order":0,"comment_status":"closed","ping_status":"closed","template":"page-template\/blog.php","meta":{"_acf_changed":false,"footnotes":""},"class_list":["post-97296","page","type-page","status-publish","hentry"],"acf":[],"yoast_head":"<!-- This site is optimized with the Yoast SEO plugin v27.3 - https:\/\/yoast.com\/product\/yoast-seo-wordpress\/ -->\n<title>Blog | Novinky a ud\u00e1losti spole\u010dnosti | Alcads.com<\/title>\n<meta name=\"description\" content=\"Objevte zaj\u00edmav\u00e9 a poutav\u00e9 \u010dl\u00e1nky na nejr\u016fzn\u011bj\u0161\u00ed t\u00e9mata. N\u00e1\u0161 blog nab\u00edz\u00ed nov\u00e9 pohledy a odborn\u00e9 post\u0159ehy pro zv\u00eddav\u00e9 mysli.\" \/>\n<meta name=\"robots\" content=\"index, follow, max-snippet:-1, max-image-preview:large, max-video-preview:-1\" \/>\n<link rel=\"canonical\" href=\"https:\/\/alcads.com\/cs\/blog\/\" \/>\n<meta property=\"og:locale\" content=\"cs_CZ\" \/>\n<meta property=\"og:type\" content=\"article\" \/>\n<meta property=\"og:title\" content=\"Blog | Novinky a ud\u00e1losti spole\u010dnosti | Alcads.com\" \/>\n<meta property=\"og:description\" content=\"Objevte zaj\u00edmav\u00e9 a poutav\u00e9 \u010dl\u00e1nky na nejr\u016fzn\u011bj\u0161\u00ed t\u00e9mata. N\u00e1\u0161 blog nab\u00edz\u00ed nov\u00e9 pohledy a odborn\u00e9 post\u0159ehy pro zv\u00eddav\u00e9 mysli.\" \/>\n<meta property=\"og:url\" content=\"https:\/\/alcads.com\/cs\/blog\/\" \/>\n<meta property=\"og:site_name\" content=\"Alcads\" \/>\n<meta property=\"article:modified_time\" content=\"2024-05-20T07:53:21+00:00\" \/>\n<meta name=\"twitter:card\" content=\"summary_large_image\" \/>\n<script type=\"application\/ld+json\" class=\"yoast-schema-graph\">{\"@context\":\"https:\\\/\\\/schema.org\",\"@graph\":[{\"@type\":\"WebPage\",\"@id\":\"https:\\\/\\\/alcads.com\\\/cs\\\/blog\\\/\",\"url\":\"https:\\\/\\\/alcads.com\\\/cs\\\/blog\\\/\",\"name\":\"Blog | Novinky a ud\u00e1losti spole\u010dnosti | Alcads.com\",\"isPartOf\":{\"@id\":\"https:\\\/\\\/alcads.com\\\/cs\\\/#website\"},\"datePublished\":\"2024-04-23T07:11:59+00:00\",\"dateModified\":\"2024-05-20T07:53:21+00:00\",\"description\":\"Objevte zaj\u00edmav\u00e9 a poutav\u00e9 \u010dl\u00e1nky na nejr\u016fzn\u011bj\u0161\u00ed t\u00e9mata. N\u00e1\u0161 blog nab\u00edz\u00ed nov\u00e9 pohledy a odborn\u00e9 post\u0159ehy pro zv\u00eddav\u00e9 mysli.\",\"breadcrumb\":{\"@id\":\"https:\\\/\\\/alcads.com\\\/cs\\\/blog\\\/#breadcrumb\"},\"inLanguage\":\"cs\",\"potentialAction\":[{\"@type\":\"ReadAction\",\"target\":[\"https:\\\/\\\/alcads.com\\\/cs\\\/blog\\\/\"]}]},{\"@type\":\"BreadcrumbList\",\"@id\":\"https:\\\/\\\/alcads.com\\\/cs\\\/blog\\\/#breadcrumb\",\"itemListElement\":[{\"@type\":\"ListItem\",\"position\":1,\"name\":\"Home\",\"item\":\"https:\\\/\\\/alcads.com\\\/cs\\\/\"},{\"@type\":\"ListItem\",\"position\":2,\"name\":\"Blog\"}]},{\"@type\":\"WebSite\",\"@id\":\"https:\\\/\\\/alcads.com\\\/cs\\\/#website\",\"url\":\"https:\\\/\\\/alcads.com\\\/cs\\\/\",\"name\":\"Alcads\",\"description\":\"The Best AutoCAD Alternative\",\"publisher\":{\"@id\":\"https:\\\/\\\/alcads.com\\\/cs\\\/#organization\"},\"potentialAction\":[{\"@type\":\"SearchAction\",\"target\":{\"@type\":\"EntryPoint\",\"urlTemplate\":\"https:\\\/\\\/alcads.com\\\/cs\\\/?s={search_term_string}\"},\"query-input\":{\"@type\":\"PropertyValueSpecification\",\"valueRequired\":true,\"valueName\":\"search_term_string\"}}],\"inLanguage\":\"cs\"},{\"@type\":\"Organization\",\"@id\":\"https:\\\/\\\/alcads.com\\\/cs\\\/#organization\",\"name\":\"Alcads\",\"url\":\"https:\\\/\\\/alcads.com\\\/cs\\\/\",\"logo\":{\"@type\":\"ImageObject\",\"inLanguage\":\"cs\",\"@id\":\"https:\\\/\\\/alcads.com\\\/cs\\\/#\\\/schema\\\/logo\\\/image\\\/\",\"url\":\"https:\\\/\\\/alcads.com\\\/wp-content\\\/uploads\\\/2024\\\/05\\\/logo.png\",\"contentUrl\":\"https:\\\/\\\/alcads.com\\\/wp-content\\\/uploads\\\/2024\\\/05\\\/logo.png\",\"width\":122,\"height\":42,\"caption\":\"Alcads\"},\"image\":{\"@id\":\"https:\\\/\\\/alcads.com\\\/cs\\\/#\\\/schema\\\/logo\\\/image\\\/\"}}]}<\/script>\n<!-- \/ Yoast SEO plugin. -->","yoast_head_json":{"title":"Blog | Novinky a ud\u00e1losti spole\u010dnosti | Alcads.com","description":"Objevte zaj\u00edmav\u00e9 a poutav\u00e9 \u010dl\u00e1nky na nejr\u016fzn\u011bj\u0161\u00ed t\u00e9mata. N\u00e1\u0161 blog nab\u00edz\u00ed nov\u00e9 pohledy a odborn\u00e9 post\u0159ehy pro zv\u00eddav\u00e9 mysli.","robots":{"index":"index","follow":"follow","max-snippet":"max-snippet:-1","max-image-preview":"max-image-preview:large","max-video-preview":"max-video-preview:-1"},"canonical":"https:\/\/alcads.com\/cs\/blog\/","og_locale":"cs_CZ","og_type":"article","og_title":"Blog | Novinky a ud\u00e1losti spole\u010dnosti | Alcads.com","og_description":"Objevte zaj\u00edmav\u00e9 a poutav\u00e9 \u010dl\u00e1nky na nejr\u016fzn\u011bj\u0161\u00ed t\u00e9mata. N\u00e1\u0161 blog nab\u00edz\u00ed nov\u00e9 pohledy a odborn\u00e9 post\u0159ehy pro zv\u00eddav\u00e9 mysli.","og_url":"https:\/\/alcads.com\/cs\/blog\/","og_site_name":"Alcads","article_modified_time":"2024-05-20T07:53:21+00:00","twitter_card":"summary_large_image","schema":{"@context":"https:\/\/schema.org","@graph":[{"@type":"WebPage","@id":"https:\/\/alcads.com\/cs\/blog\/","url":"https:\/\/alcads.com\/cs\/blog\/","name":"Blog | Novinky a ud\u00e1losti spole\u010dnosti | Alcads.com","isPartOf":{"@id":"https:\/\/alcads.com\/cs\/#website"},"datePublished":"2024-04-23T07:11:59+00:00","dateModified":"2024-05-20T07:53:21+00:00","description":"Objevte zaj\u00edmav\u00e9 a poutav\u00e9 \u010dl\u00e1nky na nejr\u016fzn\u011bj\u0161\u00ed t\u00e9mata. N\u00e1\u0161 blog nab\u00edz\u00ed nov\u00e9 pohledy a odborn\u00e9 post\u0159ehy pro zv\u00eddav\u00e9 mysli.","breadcrumb":{"@id":"https:\/\/alcads.com\/cs\/blog\/#breadcrumb"},"inLanguage":"cs","potentialAction":[{"@type":"ReadAction","target":["https:\/\/alcads.com\/cs\/blog\/"]}]},{"@type":"BreadcrumbList","@id":"https:\/\/alcads.com\/cs\/blog\/#breadcrumb","itemListElement":[{"@type":"ListItem","position":1,"name":"Home","item":"https:\/\/alcads.com\/cs\/"},{"@type":"ListItem","position":2,"name":"Blog"}]},{"@type":"WebSite","@id":"https:\/\/alcads.com\/cs\/#website","url":"https:\/\/alcads.com\/cs\/","name":"Alcads","description":"The Best AutoCAD Alternative","publisher":{"@id":"https:\/\/alcads.com\/cs\/#organization"},"potentialAction":[{"@type":"SearchAction","target":{"@type":"EntryPoint","urlTemplate":"https:\/\/alcads.com\/cs\/?s={search_term_string}"},"query-input":{"@type":"PropertyValueSpecification","valueRequired":true,"valueName":"search_term_string"}}],"inLanguage":"cs"},{"@type":"Organization","@id":"https:\/\/alcads.com\/cs\/#organization","name":"Alcads","url":"https:\/\/alcads.com\/cs\/","logo":{"@type":"ImageObject","inLanguage":"cs","@id":"https:\/\/alcads.com\/cs\/#\/schema\/logo\/image\/","url":"https:\/\/alcads.com\/wp-content\/uploads\/2024\/05\/logo.png","contentUrl":"https:\/\/alcads.com\/wp-content\/uploads\/2024\/05\/logo.png","width":122,"height":42,"caption":"Alcads"},"image":{"@id":"https:\/\/alcads.com\/cs\/#\/schema\/logo\/image\/"}}]}},"jetpack_sharing_enabled":true,"_links":{"self":[{"href":"https:\/\/alcads.com\/cs\/wp-json\/wp\/v2\/pages\/97296","targetHints":{"allow":["GET"]}}],"collection":[{"href":"https:\/\/alcads.com\/cs\/wp-json\/wp\/v2\/pages"}],"about":[{"href":"https:\/\/alcads.com\/cs\/wp-json\/wp\/v2\/types\/page"}],"author":[{"embeddable":true,"href":"https:\/\/alcads.com\/cs\/wp-json\/wp\/v2\/users\/1"}],"replies":[{"embeddable":true,"href":"https:\/\/alcads.com\/cs\/wp-json\/wp\/v2\/comments?post=97296"}],"version-history":[{"count":1,"href":"https:\/\/alcads.com\/cs\/wp-json\/wp\/v2\/pages\/97296\/revisions"}],"predecessor-version":[{"id":102074,"href":"https:\/\/alcads.com\/cs\/wp-json\/wp\/v2\/pages\/97296\/revisions\/102074"}],"wp:attachment":[{"href":"https:\/\/alcads.com\/cs\/wp-json\/wp\/v2\/media?parent=97296"}],"curies":[{"name":"wp","href":"https:\/\/api.w.org\/{rel}","templated":true}]}}