{"id":97285,"date":"2024-04-24T07:31:32","date_gmt":"2024-04-24T07:31:32","guid":{"rendered":"https:\/\/dev.alcads.com\/become-a-reseller\/"},"modified":"2025-01-02T07:50:00","modified_gmt":"2025-01-02T07:50:00","slug":"stante-se-prodejcem","status":"publish","type":"page","link":"https:\/\/alcads.com\/cs\/stante-se-prodejcem\/","title":{"rendered":"Sta\u0148te se prodejcem"},"content":{"rendered":"","protected":false},"excerpt":{"rendered":"","protected":false},"author":1,"featured_media":0,"parent":0,"menu_order":0,"comment_status":"closed","ping_status":"closed","template":"page-template\/became-a-reseller.php","meta":{"_acf_changed":false,"footnotes":""},"class_list":["post-97285","page","type-page","status-publish","hentry"],"acf":[],"yoast_head":"<!-- This site is optimized with the Yoast SEO plugin v27.3 - https:\/\/yoast.com\/product\/yoast-seo-wordpress\/ -->\n<title>Sta\u0148te se prodejcem - Alcads<\/title>\n<meta name=\"description\" content=\"ALCAD 2D\/3D CAD s MEP pluginy poskytuje n\u00e1stroje pro HVAC, odvodn\u011bn\u00ed, plynovody a dal\u0161\u00ed. Obsahuje 1 000 symbol\u016f, p\u0159\u00edlohu BIM a podporu DWG 2024. Pouze 399 \u20ac\/rok. Kup te\u010f!\" \/>\n<meta name=\"robots\" content=\"index, follow, max-snippet:-1, max-image-preview:large, max-video-preview:-1\" \/>\n<link rel=\"canonical\" href=\"https:\/\/alcads.com\/cs\/stante-se-prodejcem\/\" \/>\n<meta property=\"og:locale\" content=\"cs_CZ\" \/>\n<meta property=\"og:type\" content=\"article\" \/>\n<meta property=\"og:title\" content=\"Sta\u0148te se prodejcem - Alcads\" \/>\n<meta property=\"og:description\" content=\"ALCAD 2D\/3D CAD s MEP pluginy poskytuje n\u00e1stroje pro HVAC, odvodn\u011bn\u00ed, plynovody a dal\u0161\u00ed. Obsahuje 1 000 symbol\u016f, p\u0159\u00edlohu BIM a podporu DWG 2024. Pouze 399 \u20ac\/rok. Kup te\u010f!\" \/>\n<meta property=\"og:url\" content=\"https:\/\/alcads.com\/cs\/stante-se-prodejcem\/\" \/>\n<meta property=\"og:site_name\" content=\"Alcads\" \/>\n<meta property=\"article:modified_time\" content=\"2025-01-02T07:50:00+00:00\" \/>\n<meta name=\"twitter:card\" content=\"summary_large_image\" \/>\n<script type=\"application\/ld+json\" class=\"yoast-schema-graph\">{\"@context\":\"https:\\\/\\\/schema.org\",\"@graph\":[{\"@type\":\"WebPage\",\"@id\":\"https:\\\/\\\/alcads.com\\\/cs\\\/stante-se-prodejcem\\\/\",\"url\":\"https:\\\/\\\/alcads.com\\\/cs\\\/stante-se-prodejcem\\\/\",\"name\":\"Sta\u0148te se prodejcem - Alcads\",\"isPartOf\":{\"@id\":\"https:\\\/\\\/alcads.com\\\/cs\\\/#website\"},\"datePublished\":\"2024-04-24T07:31:32+00:00\",\"dateModified\":\"2025-01-02T07:50:00+00:00\",\"description\":\"ALCAD 2D\\\/3D CAD s MEP pluginy poskytuje n\u00e1stroje pro HVAC, odvodn\u011bn\u00ed, plynovody a dal\u0161\u00ed. Obsahuje 1 000 symbol\u016f, p\u0159\u00edlohu BIM a podporu DWG 2024. Pouze 399 \u20ac\\\/rok. Kup te\u010f!\",\"breadcrumb\":{\"@id\":\"https:\\\/\\\/alcads.com\\\/cs\\\/stante-se-prodejcem\\\/#breadcrumb\"},\"inLanguage\":\"cs\",\"potentialAction\":[{\"@type\":\"ReadAction\",\"target\":[\"https:\\\/\\\/alcads.com\\\/cs\\\/stante-se-prodejcem\\\/\"]}]},{\"@type\":\"BreadcrumbList\",\"@id\":\"https:\\\/\\\/alcads.com\\\/cs\\\/stante-se-prodejcem\\\/#breadcrumb\",\"itemListElement\":[{\"@type\":\"ListItem\",\"position\":1,\"name\":\"Home\",\"item\":\"https:\\\/\\\/alcads.com\\\/cs\\\/\"},{\"@type\":\"ListItem\",\"position\":2,\"name\":\"Sta\u0148te se prodejcem\"}]},{\"@type\":\"WebSite\",\"@id\":\"https:\\\/\\\/alcads.com\\\/cs\\\/#website\",\"url\":\"https:\\\/\\\/alcads.com\\\/cs\\\/\",\"name\":\"Alcads\",\"description\":\"The Best AutoCAD Alternative\",\"publisher\":{\"@id\":\"https:\\\/\\\/alcads.com\\\/cs\\\/#organization\"},\"potentialAction\":[{\"@type\":\"SearchAction\",\"target\":{\"@type\":\"EntryPoint\",\"urlTemplate\":\"https:\\\/\\\/alcads.com\\\/cs\\\/?s={search_term_string}\"},\"query-input\":{\"@type\":\"PropertyValueSpecification\",\"valueRequired\":true,\"valueName\":\"search_term_string\"}}],\"inLanguage\":\"cs\"},{\"@type\":\"Organization\",\"@id\":\"https:\\\/\\\/alcads.com\\\/cs\\\/#organization\",\"name\":\"Alcads\",\"url\":\"https:\\\/\\\/alcads.com\\\/cs\\\/\",\"logo\":{\"@type\":\"ImageObject\",\"inLanguage\":\"cs\",\"@id\":\"https:\\\/\\\/alcads.com\\\/cs\\\/#\\\/schema\\\/logo\\\/image\\\/\",\"url\":\"https:\\\/\\\/alcads.com\\\/wp-content\\\/uploads\\\/2024\\\/05\\\/logo.png\",\"contentUrl\":\"https:\\\/\\\/alcads.com\\\/wp-content\\\/uploads\\\/2024\\\/05\\\/logo.png\",\"width\":122,\"height\":42,\"caption\":\"Alcads\"},\"image\":{\"@id\":\"https:\\\/\\\/alcads.com\\\/cs\\\/#\\\/schema\\\/logo\\\/image\\\/\"}}]}<\/script>\n<!-- \/ Yoast SEO plugin. -->","yoast_head_json":{"title":"Sta\u0148te se prodejcem - Alcads","description":"ALCAD 2D\/3D CAD s MEP pluginy poskytuje n\u00e1stroje pro HVAC, odvodn\u011bn\u00ed, plynovody a dal\u0161\u00ed. Obsahuje 1 000 symbol\u016f, p\u0159\u00edlohu BIM a podporu DWG 2024. Pouze 399 \u20ac\/rok. Kup te\u010f!","robots":{"index":"index","follow":"follow","max-snippet":"max-snippet:-1","max-image-preview":"max-image-preview:large","max-video-preview":"max-video-preview:-1"},"canonical":"https:\/\/alcads.com\/cs\/stante-se-prodejcem\/","og_locale":"cs_CZ","og_type":"article","og_title":"Sta\u0148te se prodejcem - Alcads","og_description":"ALCAD 2D\/3D CAD s MEP pluginy poskytuje n\u00e1stroje pro HVAC, odvodn\u011bn\u00ed, plynovody a dal\u0161\u00ed. Obsahuje 1 000 symbol\u016f, p\u0159\u00edlohu BIM a podporu DWG 2024. Pouze 399 \u20ac\/rok. Kup te\u010f!","og_url":"https:\/\/alcads.com\/cs\/stante-se-prodejcem\/","og_site_name":"Alcads","article_modified_time":"2025-01-02T07:50:00+00:00","twitter_card":"summary_large_image","schema":{"@context":"https:\/\/schema.org","@graph":[{"@type":"WebPage","@id":"https:\/\/alcads.com\/cs\/stante-se-prodejcem\/","url":"https:\/\/alcads.com\/cs\/stante-se-prodejcem\/","name":"Sta\u0148te se prodejcem - Alcads","isPartOf":{"@id":"https:\/\/alcads.com\/cs\/#website"},"datePublished":"2024-04-24T07:31:32+00:00","dateModified":"2025-01-02T07:50:00+00:00","description":"ALCAD 2D\/3D CAD s MEP pluginy poskytuje n\u00e1stroje pro HVAC, odvodn\u011bn\u00ed, plynovody a dal\u0161\u00ed. Obsahuje 1 000 symbol\u016f, p\u0159\u00edlohu BIM a podporu DWG 2024. Pouze 399 \u20ac\/rok. Kup te\u010f!","breadcrumb":{"@id":"https:\/\/alcads.com\/cs\/stante-se-prodejcem\/#breadcrumb"},"inLanguage":"cs","potentialAction":[{"@type":"ReadAction","target":["https:\/\/alcads.com\/cs\/stante-se-prodejcem\/"]}]},{"@type":"BreadcrumbList","@id":"https:\/\/alcads.com\/cs\/stante-se-prodejcem\/#breadcrumb","itemListElement":[{"@type":"ListItem","position":1,"name":"Home","item":"https:\/\/alcads.com\/cs\/"},{"@type":"ListItem","position":2,"name":"Sta\u0148te se prodejcem"}]},{"@type":"WebSite","@id":"https:\/\/alcads.com\/cs\/#website","url":"https:\/\/alcads.com\/cs\/","name":"Alcads","description":"The Best AutoCAD Alternative","publisher":{"@id":"https:\/\/alcads.com\/cs\/#organization"},"potentialAction":[{"@type":"SearchAction","target":{"@type":"EntryPoint","urlTemplate":"https:\/\/alcads.com\/cs\/?s={search_term_string}"},"query-input":{"@type":"PropertyValueSpecification","valueRequired":true,"valueName":"search_term_string"}}],"inLanguage":"cs"},{"@type":"Organization","@id":"https:\/\/alcads.com\/cs\/#organization","name":"Alcads","url":"https:\/\/alcads.com\/cs\/","logo":{"@type":"ImageObject","inLanguage":"cs","@id":"https:\/\/alcads.com\/cs\/#\/schema\/logo\/image\/","url":"https:\/\/alcads.com\/wp-content\/uploads\/2024\/05\/logo.png","contentUrl":"https:\/\/alcads.com\/wp-content\/uploads\/2024\/05\/logo.png","width":122,"height":42,"caption":"Alcads"},"image":{"@id":"https:\/\/alcads.com\/cs\/#\/schema\/logo\/image\/"}}]}},"jetpack_sharing_enabled":true,"_links":{"self":[{"href":"https:\/\/alcads.com\/cs\/wp-json\/wp\/v2\/pages\/97285","targetHints":{"allow":["GET"]}}],"collection":[{"href":"https:\/\/alcads.com\/cs\/wp-json\/wp\/v2\/pages"}],"about":[{"href":"https:\/\/alcads.com\/cs\/wp-json\/wp\/v2\/types\/page"}],"author":[{"embeddable":true,"href":"https:\/\/alcads.com\/cs\/wp-json\/wp\/v2\/users\/1"}],"replies":[{"embeddable":true,"href":"https:\/\/alcads.com\/cs\/wp-json\/wp\/v2\/comments?post=97285"}],"version-history":[{"count":1,"href":"https:\/\/alcads.com\/cs\/wp-json\/wp\/v2\/pages\/97285\/revisions"}],"predecessor-version":[{"id":101320,"href":"https:\/\/alcads.com\/cs\/wp-json\/wp\/v2\/pages\/97285\/revisions\/101320"}],"wp:attachment":[{"href":"https:\/\/alcads.com\/cs\/wp-json\/wp\/v2\/media?parent=97285"}],"curies":[{"name":"wp","href":"https:\/\/api.w.org\/{rel}","templated":true}]}}